{"id":44198,"date":"2025-10-06T21:58:39","date_gmt":"2025-10-06T19:58:39","guid":{"rendered":"https:\/\/www.arty-nails.org\/web_shop\/?post_type=product&#038;p=44198"},"modified":"2026-02-02T09:28:57","modified_gmt":"2026-02-02T08:28:57","slug":"arty-nails-mirror-shine-top-coat-10-ml-hema-di-hema-tpo-free","status":"publish","type":"product","link":"https:\/\/www.arty-nails.org\/web_shop\/proizvod\/arty-nails-mirror-shine-top-coat-10-ml-hema-di-hema-tpo-free\/","title":{"rendered":"ARTY NAILS MIRROR SHINE TOP COAT 10 ml  (Hema, Di-Hema, TPO free)"},"content":{"rendered":"<p>Mirror Shine &#8211; nova generacija sjaja za sve koji vole extra sjajno i to s odrazom stakla. \u017delite da \u017eene ka\u017eu wow! Onda je ovo pravi izbor za vas.<\/p>\n<p>Naravno kao i svi proizvodi iz na\u0161e linije ovaj sjaj je 100% hipoalergeni proizvod i to HEMA, DI HEMA i TPO FREE.<\/p>\n<p>Klju\u010dne zna\u010dajke su:<\/p>\n<ul>\n<li>nema ljepljivi sloj<\/li>\n<li>rje\u0111e je teksture<\/li>\n<li>izrazito visoki sjaj<\/li>\n<li>kompatibilan s drugim sistemima<\/li>\n<li>jednostavno neodoljiv<\/li>\n<\/ul>\n<p>Nanesite ga ravnomjerno u tankom sloju. Su\u0161enje 1 minutu LED lampi.<\/p>\n<pre id=\"tw-target-text\" class=\"tw-data-text tw-text-large tw-ta\" dir=\"ltr\" tabindex=\"-1\" role=\"text\" data-placeholder=\"Translation\" data-ved=\"2ahUKEwj21JbYrZCQAxXQUlUIHft9E8EQ3ewLegQICxAV\" aria-label=\"Prijevod teksta: Thin Crystal Top \u2013 No Tack 3F je lagan, visokosjajni zavr\u0161ni premaz s tankom viskozno\u0161\u0107u koji omogu\u0107uje glatko i jednostavno nano\u0161enje. Stvrdnjava se bez ljepljivog sloja i odr\u017eava dugotrajan kristalni sjaj. Idealan je za svijetle i tamne nijanse, bez \u017eutila ili plavog odsjaja. Klju\u010dne zna\u010dajke: \u2022 Tanka viskoznost \u2022 Nema ljepljivog sloja nakon stvrdnjavanja \u2022 Visok, trajan sjaj \u2022 Ne \u017euti na svijetlim nijansama \u2022 Ne mijenja boju u plavu na tamnim nijansama \u2022 Kompatibilan sa svim gel sustavima Primjena: Nanesite tanki, ravnomjerni sloj na potpuno stvrdnutu povr\u0161inu. Vrijeme stvrdnjavanja: \u2022 2 minute pod UV (36W) \u2022 1 minuta pod LED (405 nm) \u2022 1 minuta pod hibridnim lampama\"><\/pre>\n","protected":false},"excerpt":{"rendered":"<p>Mirror Shine &#8211; nova generacija sjaja za sve koji vole extra sjajno i to s odrazom stakla. \u017delite da \u017eene ka\u017eu wow! Onda je ovo pravi izbor za vas. Naravno kao i svi proizvodi iz na\u0161e linije ovaj sjaj je 100% hipoalergeni proizvod i to HEMA, DI HEMA i TPO FREE. Klju\u010dne zna\u010dajke su: nema [&hellip;]<\/p>\n","protected":false},"featured_media":44200,"comment_status":"closed","ping_status":"closed","template":"","meta":[],"product_brand":[55],"product_cat":[252,249],"product_tag":[],"class_list":{"0":"post-44198","1":"product","2":"type-product","3":"status-publish","4":"has-post-thumbnail","6":"product_brand-arty-nails","7":"product_cat-arty-nails-zavrsni-sjajevi","8":"product_cat-zavrsni-sjajevi-arty-nails","10":"first","11":"instock","12":"shipping-taxable","13":"purchasable","14":"product-type-simple"},"_links":{"self":[{"href":"https:\/\/www.arty-nails.org\/web_shop\/wp-json\/wp\/v2\/product\/44198","targetHints":{"allow":["GET"]}}],"collection":[{"href":"https:\/\/www.arty-nails.org\/web_shop\/wp-json\/wp\/v2\/product"}],"about":[{"href":"https:\/\/www.arty-nails.org\/web_shop\/wp-json\/wp\/v2\/types\/product"}],"replies":[{"embeddable":true,"href":"https:\/\/www.arty-nails.org\/web_shop\/wp-json\/wp\/v2\/comments?post=44198"}],"wp:featuredmedia":[{"embeddable":true,"href":"https:\/\/www.arty-nails.org\/web_shop\/wp-json\/wp\/v2\/media\/44200"}],"wp:attachment":[{"href":"https:\/\/www.arty-nails.org\/web_shop\/wp-json\/wp\/v2\/media?parent=44198"}],"wp:term":[{"taxonomy":"product_brand","embeddable":true,"href":"https:\/\/www.arty-nails.org\/web_shop\/wp-json\/wp\/v2\/product_brand?post=44198"},{"taxonomy":"product_cat","embeddable":true,"href":"https:\/\/www.arty-nails.org\/web_shop\/wp-json\/wp\/v2\/product_cat?post=44198"},{"taxonomy":"product_tag","embeddable":true,"href":"https:\/\/www.arty-nails.org\/web_shop\/wp-json\/wp\/v2\/product_tag?post=44198"}],"curies":[{"name":"wp","href":"https:\/\/api.w.org\/{rel}","templated":true}]}}