{"id":44233,"date":"2025-10-08T13:35:06","date_gmt":"2025-10-08T11:35:06","guid":{"rendered":"https:\/\/www.arty-nails.org\/web_shop\/?post_type=product&#038;p=44233"},"modified":"2026-02-02T10:04:37","modified_gmt":"2026-02-02T09:04:37","slug":"arty-nails-kist-za-gel-kolinsky-8-oval","status":"publish","type":"product","link":"https:\/\/www.arty-nails.org\/web_shop\/proizvod\/arty-nails-kist-za-gel-kolinsky-8-oval\/","title":{"rendered":"ARTY NAILS KIST ZA GEL KOLINSKY #8 OVAL"},"content":{"rendered":"<p>Kist za gel kolinsky #8 ravni napravljen je od najkvalitetnije \u010diste kolinsky dlake radi bolje izdr\u017eljivosti i rezultata. Kist se mo\u017ee koristiti za sve vrste gel tehnike kao i za nano\u0161enje boje. Ima elegantnu metalnu dr\u0161ku s poklopcem na kojoj je ugravirana veli\u010dina i funkcija kista. Uistinu na\u0161i kolinky kistovi nemaju konkurenciju po dugotrajnosti i kvaliteti izrade.<\/p>\n<p>Ovaj kist ima ne\u0161to fleksibilniju dlaku i mo\u017ee odraditi i velike du\u017eine noktiju ako se to zahtjeva.<\/p>\n<p>Ovaj kist preporu\u010damo za acrylic gel tehniku jer je jednostavno savr\u0161en za tapkanje takvog materijala. Izra\u0111ena mu je nova ergonomska dr\u0161ka, te se kist nakon kori\u0161tenja mo\u017ee spremiti u svoju futrolu kako se ne bi o\u0161tetio.<\/p>\n<p>&nbsp;<\/p>\n","protected":false},"excerpt":{"rendered":"<p>Kist za gel kolinsky #8 ravni napravljen je od najkvalitetnije \u010diste kolinsky dlake radi bolje izdr\u017eljivosti i rezultata. Kist se mo\u017ee koristiti za sve vrste gel tehnike kao i za nano\u0161enje boje. Ima elegantnu metalnu dr\u0161ku s poklopcem na kojoj je ugravirana veli\u010dina i funkcija kista. Uistinu na\u0161i kolinky kistovi nemaju konkurenciju po dugotrajnosti i [&hellip;]<\/p>\n","protected":false},"featured_media":44235,"comment_status":"closed","ping_status":"closed","template":"","meta":[],"product_brand":[55],"product_cat":[150,242],"product_tag":[],"class_list":{"0":"post-44233","1":"product","2":"type-product","3":"status-publish","4":"has-post-thumbnail","6":"product_brand-arty-nails","7":"product_cat-arty-nails-kistovi","8":"product_cat-kistovi-za-gel","10":"first","11":"instock","12":"shipping-taxable","13":"purchasable","14":"product-type-simple"},"_links":{"self":[{"href":"https:\/\/www.arty-nails.org\/web_shop\/wp-json\/wp\/v2\/product\/44233","targetHints":{"allow":["GET"]}}],"collection":[{"href":"https:\/\/www.arty-nails.org\/web_shop\/wp-json\/wp\/v2\/product"}],"about":[{"href":"https:\/\/www.arty-nails.org\/web_shop\/wp-json\/wp\/v2\/types\/product"}],"replies":[{"embeddable":true,"href":"https:\/\/www.arty-nails.org\/web_shop\/wp-json\/wp\/v2\/comments?post=44233"}],"wp:featuredmedia":[{"embeddable":true,"href":"https:\/\/www.arty-nails.org\/web_shop\/wp-json\/wp\/v2\/media\/44235"}],"wp:attachment":[{"href":"https:\/\/www.arty-nails.org\/web_shop\/wp-json\/wp\/v2\/media?parent=44233"}],"wp:term":[{"taxonomy":"product_brand","embeddable":true,"href":"https:\/\/www.arty-nails.org\/web_shop\/wp-json\/wp\/v2\/product_brand?post=44233"},{"taxonomy":"product_cat","embeddable":true,"href":"https:\/\/www.arty-nails.org\/web_shop\/wp-json\/wp\/v2\/product_cat?post=44233"},{"taxonomy":"product_tag","embeddable":true,"href":"https:\/\/www.arty-nails.org\/web_shop\/wp-json\/wp\/v2\/product_tag?post=44233"}],"curies":[{"name":"wp","href":"https:\/\/api.w.org\/{rel}","templated":true}]}}