{"id":44455,"date":"2025-10-21T18:12:17","date_gmt":"2025-10-21T16:12:17","guid":{"rendered":"https:\/\/www.arty-nails.org\/web_shop\/?post_type=product&#038;p=44455"},"modified":"2026-02-02T09:29:55","modified_gmt":"2026-02-02T08:29:55","slug":"arty-nails-trajni-lak-89-leaf-5-ml-hema-di-hema-tpo-free","status":"publish","type":"product","link":"https:\/\/www.arty-nails.org\/web_shop\/proizvod\/arty-nails-trajni-lak-89-leaf-5-ml-hema-di-hema-tpo-free\/","title":{"rendered":"ARTY NAILS TRAJNI LAK 89. LEAF 5 ml (Hema, Di-Hema, TPO free)"},"content":{"rendered":"<p>Za\u0161to za rad odabrati na\u0161u novu predivnu formulu trajnih lakova? Prije svega velikim trudom za vas smo kreirali jedinstvenu kremastu teksturu kojom vam jam\u010dimo super pigmentiranu aplikaciju trajnog laka. Ono \u0161to bismo \u017eeljeli istaknuti je da se na\u0161a formula boja ne salijeva u zanoktice \u0161to svaki nail tehni\u010dar itekako zna da je jako bitno, boje ne ostavljaju linije i neravnine i boje se sameniveliraju\u00a0 nakon nanosa.<\/p>\n<p>Sve na\u0161e formule su <strong>Hema, Di Hema i Tpo free, zna\u0107i 100% ANTIALERGIJSKE.<\/strong><\/p>\n<ul>\n<li data-mce-word-list=\"1\">boje se mogu nanositi jako blizu zanoktica<\/li>\n<li data-mce-word-list=\"1\">boje se ne\u0107e razlijevati u zanoktici niti lateralne strane nokta<\/li>\n<li data-mce-word-list=\"1\">dovoljan je jedan sloj<\/li>\n<li data-mce-word-list=\"1\">samoniveliraju\u0107e su<\/li>\n<li data-mce-word-list=\"1\">ekstremno lake za rad<\/li>\n<li data-mce-word-list=\"1\">topiva formula<\/li>\n<li>bez mirisa<\/li>\n<li>100% hipoalergena formula<\/li>\n<\/ul>\n","protected":false},"excerpt":{"rendered":"<p>Za\u0161to za rad odabrati na\u0161u novu predivnu formulu trajnih lakova? Prije svega velikim trudom za vas smo kreirali jedinstvenu kremastu teksturu kojom vam jam\u010dimo super pigmentiranu aplikaciju trajnog laka. Ono \u0161to bismo \u017eeljeli istaknuti je da se na\u0161a formula boja ne salijeva u zanoktice \u0161to svaki nail tehni\u010dar itekako zna da je jako bitno, boje [&hellip;]<\/p>\n","protected":false},"featured_media":44456,"comment_status":"closed","ping_status":"closed","template":"","meta":[],"product_brand":[55],"product_cat":[208,206],"product_tag":[],"class_list":{"0":"post-44455","1":"product","2":"type-product","3":"status-publish","4":"has-post-thumbnail","6":"product_brand-arty-nails","7":"product_cat-arty-nails-trajni-lakovi-boje","8":"product_cat-trajni-lakovi-arty-nails-boje","10":"first","11":"instock","12":"shipping-taxable","13":"purchasable","14":"product-type-simple"},"_links":{"self":[{"href":"https:\/\/www.arty-nails.org\/web_shop\/wp-json\/wp\/v2\/product\/44455","targetHints":{"allow":["GET"]}}],"collection":[{"href":"https:\/\/www.arty-nails.org\/web_shop\/wp-json\/wp\/v2\/product"}],"about":[{"href":"https:\/\/www.arty-nails.org\/web_shop\/wp-json\/wp\/v2\/types\/product"}],"replies":[{"embeddable":true,"href":"https:\/\/www.arty-nails.org\/web_shop\/wp-json\/wp\/v2\/comments?post=44455"}],"wp:featuredmedia":[{"embeddable":true,"href":"https:\/\/www.arty-nails.org\/web_shop\/wp-json\/wp\/v2\/media\/44456"}],"wp:attachment":[{"href":"https:\/\/www.arty-nails.org\/web_shop\/wp-json\/wp\/v2\/media?parent=44455"}],"wp:term":[{"taxonomy":"product_brand","embeddable":true,"href":"https:\/\/www.arty-nails.org\/web_shop\/wp-json\/wp\/v2\/product_brand?post=44455"},{"taxonomy":"product_cat","embeddable":true,"href":"https:\/\/www.arty-nails.org\/web_shop\/wp-json\/wp\/v2\/product_cat?post=44455"},{"taxonomy":"product_tag","embeddable":true,"href":"https:\/\/www.arty-nails.org\/web_shop\/wp-json\/wp\/v2\/product_tag?post=44455"}],"curies":[{"name":"wp","href":"https:\/\/api.w.org\/{rel}","templated":true}]}}