{"id":44459,"date":"2025-10-21T18:14:37","date_gmt":"2025-10-21T16:14:37","guid":{"rendered":"https:\/\/www.arty-nails.org\/web_shop\/?post_type=product&#038;p=44459"},"modified":"2026-02-12T10:17:03","modified_gmt":"2026-02-12T09:17:03","slug":"arty-nails-mocha-forest-kolekcija-trajnih-lakova-hema-di-hema-tpo-free","status":"publish","type":"product","link":"https:\/\/www.arty-nails.org\/web_shop\/proizvod\/arty-nails-mocha-forest-kolekcija-trajnih-lakova-hema-di-hema-tpo-free\/","title":{"rendered":"ARTY NAILS MOCHA FOREST KOLEKCIJA TRAJNIH LAKOVA (Hema, Di-Hema, TPO free)"},"content":{"rendered":"<h3 data-start=\"171\" data-end=\"233\">Tamo gdje se toplina kave susre\u0107e sa smirajem \u0161ume.<\/h3>\n<p>Zakora\u0107i u umiruju\u0107u ljepotu MOCHA FOREST &#8211; jesenske kolekcije inspirirane bogatim tonovima pr\u017eene kave, nje\u017ene mocha mousse nijanse i dubokim spokojem jesenske \u0161ume.<\/p>\n<p>Svaka boja hvata su\u0161tinu sezone &#8211; od kremastih sme\u0111ih, zemljanih i predivno zelenih nijansi. Neka nokti ispri\u010daju pri\u010du o udobnosti, prirodi i \u017eenskoj eleganciji.<\/p>\n<p data-start=\"947\" data-end=\"1272\">Boja su kao i uvijek pa\u017eljivo\u00a0 formulirana kako bi pru\u017eile <strong data-start=\"998\" data-end=\"1062\">maksimalnu postojanost, sjaj i prekrivanje ve\u0107 u prvom sloju. S<\/strong><strong data-start=\"1086\" data-end=\"1138\">vi lakovi su HEMA FREE, DI-HEMA FREE i TPO FREE 100% HIPOALERGENA FORMULA<\/strong><\/p>\n<p data-start=\"947\" data-end=\"1272\">Kolekcija sadr\u017ei boje:<\/p>\n<ul>\n<li data-start=\"947\" data-end=\"1272\">85 Brownie<\/li>\n<li data-start=\"947\" data-end=\"1272\">86Toffee<\/li>\n<li data-start=\"947\" data-end=\"1272\">87 Mocha Mousse<\/li>\n<li data-start=\"947\" data-end=\"1272\">88 Dark Green<\/li>\n<li data-start=\"947\" data-end=\"1272\">89 Leaf<\/li>\n<li data-start=\"947\" data-end=\"1272\">90 Toasted Caramel<\/li>\n<\/ul>\n<h3 data-start=\"1274\" data-end=\"1297\">\ud83c\udf81 POSEBNA PONUDA<\/h3>\n<p data-start=\"1298\" data-end=\"1417\">Kupnjom <strong data-start=\"1306\" data-end=\"1338\">cijele kolekcije (6 nijansi) dobivate 10% popusta +<\/strong><strong data-start=\"1350\" data-end=\"1365\"> gratis stickere<\/strong>\u00a0!<\/p>\n","protected":false},"excerpt":{"rendered":"<p>Tamo gdje se toplina kave susre\u0107e sa smirajem \u0161ume. Zakora\u0107i u umiruju\u0107u ljepotu MOCHA FOREST &#8211; jesenske kolekcije inspirirane bogatim tonovima pr\u017eene kave, nje\u017ene mocha mousse nijanse i dubokim spokojem jesenske \u0161ume. Svaka boja hvata su\u0161tinu sezone &#8211; od kremastih sme\u0111ih, zemljanih i predivno zelenih nijansi. Neka nokti ispri\u010daju pri\u010du o udobnosti, prirodi i \u017eenskoj [&hellip;]<\/p>\n","protected":false},"featured_media":44480,"comment_status":"closed","ping_status":"closed","template":"","meta":[],"product_brand":[55],"product_cat":[215,209,214],"product_tag":[],"class_list":{"0":"post-44459","1":"product","2":"type-product","3":"status-publish","4":"has-post-thumbnail","6":"product_brand-arty-nails","7":"product_cat-arty-nails-setovi-i-kolekcije-trajnih-lakova","8":"product_cat-posebne-ponude-arty-nails","9":"product_cat-setovi-i-kolekcije-trajnih-lakova-arty-nails","11":"first","12":"instock","13":"sale","14":"shipping-taxable","15":"purchasable","16":"product-type-simple"},"_links":{"self":[{"href":"https:\/\/www.arty-nails.org\/web_shop\/wp-json\/wp\/v2\/product\/44459","targetHints":{"allow":["GET"]}}],"collection":[{"href":"https:\/\/www.arty-nails.org\/web_shop\/wp-json\/wp\/v2\/product"}],"about":[{"href":"https:\/\/www.arty-nails.org\/web_shop\/wp-json\/wp\/v2\/types\/product"}],"replies":[{"embeddable":true,"href":"https:\/\/www.arty-nails.org\/web_shop\/wp-json\/wp\/v2\/comments?post=44459"}],"wp:featuredmedia":[{"embeddable":true,"href":"https:\/\/www.arty-nails.org\/web_shop\/wp-json\/wp\/v2\/media\/44480"}],"wp:attachment":[{"href":"https:\/\/www.arty-nails.org\/web_shop\/wp-json\/wp\/v2\/media?parent=44459"}],"wp:term":[{"taxonomy":"product_brand","embeddable":true,"href":"https:\/\/www.arty-nails.org\/web_shop\/wp-json\/wp\/v2\/product_brand?post=44459"},{"taxonomy":"product_cat","embeddable":true,"href":"https:\/\/www.arty-nails.org\/web_shop\/wp-json\/wp\/v2\/product_cat?post=44459"},{"taxonomy":"product_tag","embeddable":true,"href":"https:\/\/www.arty-nails.org\/web_shop\/wp-json\/wp\/v2\/product_tag?post=44459"}],"curies":[{"name":"wp","href":"https:\/\/api.w.org\/{rel}","templated":true}]}}