{"id":44869,"date":"2025-11-02T19:05:06","date_gmt":"2025-11-02T18:05:06","guid":{"rendered":"https:\/\/www.arty-nails.org\/web_shop\/?post_type=product&#038;p=44869"},"modified":"2026-02-02T09:52:56","modified_gmt":"2026-02-02T08:52:56","slug":"grace-thixo-wax-gradivni-gel-15-ml","status":"publish","type":"product","link":"https:\/\/www.arty-nails.org\/web_shop\/proizvod\/grace-thixo-wax-gradivni-gel-15-ml\/","title":{"rendered":"GRACE THIXO WAX GRADIVNI GEL 15 ML. (Hema, Di-Hema, TPO free)"},"content":{"rendered":"<p>Thixotropni Wax Gradivni gelovi najnovija inovacija iz na\u0161e kuhinje Thixotropne teksture koji stoje na jednom mjestu dok ih obra\u0111ujete i postaju potpuno samoniveliraju\u0107i ispod va\u0161eg kista.\u00a0 Ova formula savr\u0161enstvo je za sve koji \u017eele savr\u0161enu kontrolu\u00a0 materijala prilikom aplikacije. Materijal nema 100% svojstvo samonivelacije.<\/p>\n<p>GLAVNE KARAKTERISTIKE:<\/p>\n<ul>\n<li>Thixotropna konsistencija (ne bije\u017ei, samonivelira se pod pritiskom kista)<\/li>\n<li>Visoka kontrola prilikom nano\u0161enja i aplikacije<\/li>\n<li>Visoka viskoznost &#8211; jedinstveni gel izgleda kao vosak<\/li>\n<li>Savr\u0161en za po\u010detnike i profesionalce<\/li>\n<li>Glatka povr\u0161ina nakon su\u0161enja<\/li>\n<li>Savr\u0161en za izradu zida<\/li>\n<\/ul>\n<p>Uputstva za rad:<\/p>\n<p>Pripremiti nokte, nanijeti dehidrator, nakon njega nanijeti Superior Bonder &#8211; su\u0161iti na zraku. Nanijeti tanki sloj Arty Nails Baznog gela &#8211; su\u0161iti 1 minutu u LED\u00a0 lampi. Po\u010deti s nano\u0161enjem Thixo Wax gradivnog gela &#8211; su\u0161iti u lampi 1 minutu. Odmastiti Arty Nails Cleanerom. Isturpijati formu i nanijeti zavr\u0161ni sjaj.<\/p>\n","protected":false},"excerpt":{"rendered":"<p>GLAVNE KARAKTERISTIKE:<\/p>\n<ul>\n<li>Thixotropna konsistencija (ne bije\u017ei, samonivelira se pod pritiskom kista)<\/li>\n<li>Visoka kontrola prilikom nano\u0161enja i aplikacije<\/li>\n<li>Visoka viskoznost &#8211; jedinstveni gel izgleda kao vosak<\/li>\n<li>Savr\u0161en za po\u010detnike i profesionalce<\/li>\n<li>Glatka povr\u0161ina nakon su\u0161enja<\/li>\n<li>Savr\u0161en za izradu zida<\/li>\n<\/ul>\n","protected":false},"featured_media":44870,"comment_status":"closed","ping_status":"closed","template":"","meta":[],"product_brand":[],"product_cat":[85,140],"product_tag":[],"class_list":{"0":"post-44869","1":"product","2":"type-product","3":"status-publish","4":"has-post-thumbnail","6":"product_cat-arty-nails-gelovi","7":"product_cat-gradivni-gelovi-arty-nails","9":"first","10":"instock","11":"shipping-taxable","12":"purchasable","13":"product-type-simple"},"_links":{"self":[{"href":"https:\/\/www.arty-nails.org\/web_shop\/wp-json\/wp\/v2\/product\/44869","targetHints":{"allow":["GET"]}}],"collection":[{"href":"https:\/\/www.arty-nails.org\/web_shop\/wp-json\/wp\/v2\/product"}],"about":[{"href":"https:\/\/www.arty-nails.org\/web_shop\/wp-json\/wp\/v2\/types\/product"}],"replies":[{"embeddable":true,"href":"https:\/\/www.arty-nails.org\/web_shop\/wp-json\/wp\/v2\/comments?post=44869"}],"wp:featuredmedia":[{"embeddable":true,"href":"https:\/\/www.arty-nails.org\/web_shop\/wp-json\/wp\/v2\/media\/44870"}],"wp:attachment":[{"href":"https:\/\/www.arty-nails.org\/web_shop\/wp-json\/wp\/v2\/media?parent=44869"}],"wp:term":[{"taxonomy":"product_brand","embeddable":true,"href":"https:\/\/www.arty-nails.org\/web_shop\/wp-json\/wp\/v2\/product_brand?post=44869"},{"taxonomy":"product_cat","embeddable":true,"href":"https:\/\/www.arty-nails.org\/web_shop\/wp-json\/wp\/v2\/product_cat?post=44869"},{"taxonomy":"product_tag","embeddable":true,"href":"https:\/\/www.arty-nails.org\/web_shop\/wp-json\/wp\/v2\/product_tag?post=44869"}],"curies":[{"name":"wp","href":"https:\/\/api.w.org\/{rel}","templated":true}]}}