{"id":45113,"date":"2025-11-13T18:20:54","date_gmt":"2025-11-13T17:20:54","guid":{"rendered":"https:\/\/www.arty-nails.org\/web_shop\/?post_type=product&#038;p=45113"},"modified":"2026-02-02T09:58:43","modified_gmt":"2026-02-02T08:58:43","slug":"reforma-almond-dry-cuticle-oil-8-ml","status":"publish","type":"product","link":"https:\/\/www.arty-nails.org\/web_shop\/proizvod\/reforma-almond-dry-cuticle-oil-8-ml\/","title":{"rendered":"ReformA ALMOND Dry Cuticle oil 8 ml"},"content":{"rendered":"<p><span dir=\"auto\">Novo iz ReformA &#8211; suho ulje za savr\u0161enu njegu zanoktica!<\/span><\/p>\n<p><span dir=\"auto\">Dry Cuticle oil od BADEMA &#8211; nje\u017eno suho ulje s toplim mirisom badema koje \u0107e stvoriti jedinstvenu atmosferu tijekom njege noktiju.elegantno rje\u0161enje za ljubitelje minimalizma.\u00a0<\/span><\/p>\n<p><span dir=\"auto\">Prednosti:<\/span><\/p>\n<ul>\n<li><span dir=\"auto\">Brzo se upija, ne ostavlja masni sjaj<\/span><\/li>\n<li><span dir=\"auto\">Intenzivno hrani i hidratizira ko\u017eu oko noktiju<\/span><\/li>\n<li><span dir=\"auto\">Kompaktna bo\u010dica s preciznom pipetom za doziranje<\/span><\/li>\n<li><span dir=\"auto\">Prakti\u010dno za ponijeti sa sobom<\/span><\/li>\n<li><span dir=\"auto\">Pogodno za svakodnevnu upotrebu i nakon manikure<\/span><\/li>\n<\/ul>\n<p><span dir=\"auto\">Formula suhog ulja omogu\u0107uje vam da va\u0161e ruke izgledaju besprijekorno u svakoj situaciji. Kompaktna bo\u010dica lako stane u va\u0161u torbicu, tako da mo\u017eete osvje\u017eiti manikuru u bilo kojem trenutku.<\/span><\/p>\n","protected":false},"excerpt":{"rendered":"<ul>\n<li><span dir=\"auto\">Brzo se upija, ne ostavlja masni sjaj<\/span><\/li>\n<li><span dir=\"auto\">Intenzivno hrani i hidratizira ko\u017eu oko noktiju<\/span><\/li>\n<li><span dir=\"auto\">Kompaktna bo\u010dica s preciznom pipetom za doziranje<\/span><\/li>\n<li><span dir=\"auto\">Prakti\u010dno za ponijeti sa sobom<\/span><\/li>\n<li><span dir=\"auto\">Pogodno za svakodnevnu upotrebu i nakon manikure<\/span><\/li>\n<\/ul>\n","protected":false},"featured_media":45654,"comment_status":"closed","ping_status":"closed","template":"","meta":[],"product_brand":[],"product_cat":[77,135,80],"product_tag":[],"class_list":{"0":"post-45113","1":"product","2":"type-product","3":"status-publish","4":"has-post-thumbnail","6":"product_cat-reforma-pribor-i-oprema","7":"product_cat-spa-njega-noktiju","8":"product_cat-ulja-za-zanoktice","10":"first","11":"instock","12":"shipping-taxable","13":"purchasable","14":"product-type-simple"},"_links":{"self":[{"href":"https:\/\/www.arty-nails.org\/web_shop\/wp-json\/wp\/v2\/product\/45113","targetHints":{"allow":["GET"]}}],"collection":[{"href":"https:\/\/www.arty-nails.org\/web_shop\/wp-json\/wp\/v2\/product"}],"about":[{"href":"https:\/\/www.arty-nails.org\/web_shop\/wp-json\/wp\/v2\/types\/product"}],"replies":[{"embeddable":true,"href":"https:\/\/www.arty-nails.org\/web_shop\/wp-json\/wp\/v2\/comments?post=45113"}],"wp:featuredmedia":[{"embeddable":true,"href":"https:\/\/www.arty-nails.org\/web_shop\/wp-json\/wp\/v2\/media\/45654"}],"wp:attachment":[{"href":"https:\/\/www.arty-nails.org\/web_shop\/wp-json\/wp\/v2\/media?parent=45113"}],"wp:term":[{"taxonomy":"product_brand","embeddable":true,"href":"https:\/\/www.arty-nails.org\/web_shop\/wp-json\/wp\/v2\/product_brand?post=45113"},{"taxonomy":"product_cat","embeddable":true,"href":"https:\/\/www.arty-nails.org\/web_shop\/wp-json\/wp\/v2\/product_cat?post=45113"},{"taxonomy":"product_tag","embeddable":true,"href":"https:\/\/www.arty-nails.org\/web_shop\/wp-json\/wp\/v2\/product_tag?post=45113"}],"curies":[{"name":"wp","href":"https:\/\/api.w.org\/{rel}","templated":true}]}}