{"id":45264,"date":"2025-11-18T17:56:12","date_gmt":"2025-11-18T16:56:12","guid":{"rendered":"https:\/\/www.arty-nails.org\/web_shop\/?post_type=product&#038;p=45264"},"modified":"2026-02-02T09:11:24","modified_gmt":"2026-02-02T08:11:24","slug":"baby-nude-acrylic-pro-baza-za-trajni-lak-15-ml","status":"publish","type":"product","link":"https:\/\/www.arty-nails.org\/web_shop\/proizvod\/baby-nude-acrylic-pro-baza-za-trajni-lak-15-ml\/","title":{"rendered":"BABY NUDE ACRYLIC PRO BAZA ZA TRAJNI LAK 15 ML. (Hema, Di-Hema, TPO free)"},"content":{"rendered":"<p>Zaboravi na popravke i odlomljene nokte!<\/p>\n<p>Predstavljamo Arty Nails Acrylic PRO baze za trajni lak, s formulom koja traje i do 2 mjeseca bez pucanja i odizanja!<\/p>\n<p>U svijetu profesionalne njege noktiju, postojanost je ono \u0161to razlikuje dobre rezultate od savr\u0161enih. zato smo stvorili Arty Nails PRO Acrylic baze, na\u0161u najnapredniju inovaciju, dizajniranu za maksimalnu \u010dvrsto\u0107u, dugotrajnost i savr\u0161enu stabilnost svake manikure. Formulirane s najnovijom tehnologijom polimera, a uz to 100% hipoalergena formula HEMA, DI-HEMA I TPO Free, baze pru\u017eaju iznimnu otpornost i besprijekorno prianjanje koje traje i do 2 mjeseca.<\/p>\n<p>Bez odizanja, bez pucanja i bez potrebe za popravcima.<\/p>\n<p>Profesionalci biraju ovaj proizvod za klijente koji \u017eele:<\/p>\n<ul>\n<li>dugotrajnost i do dva mjeseca<\/li>\n<li>samoniveliraju\u0107u teksturu za savr\u0161enu kontrolu i preciznost<\/li>\n<li>naprednu \u010dvrsto\u0107u koja sprje\u010dava lomljenje i o\u0161te\u0107enja<\/li>\n<li>lagana formula koja ne optere\u0107uje prirodni nokat<\/li>\n<li>idealna podloga za sve vrste trajnih lakova<\/li>\n<li>mo\u017eete produljivati nokat po potrebi<\/li>\n<\/ul>\n<p>Svaka kap Arty Nails baze rezultat je stru\u010dnog znanja, preciznosti i ljubavi prema savr\u0161enim proizvodima. Namijenjene su profesionalnim salonima koji \u017eele pru\u017eiti vrhunsko iskustvo &#8211; manikuru koja ne samo da traje, ve\u0107 i zadr\u017eava svoj besprijekoran izgled do posljednjeg dana. Jer savr\u0161en nokat po\u010dinje s bazom kojoj mo\u017ee\u0161 potpuno vjerovati.<\/p>\n<p>Uputstvo za uporabu:<\/p>\n<ul>\n<li>pripremiti nokat<\/li>\n<li>nanijeti Arty Nails dehidrator<\/li>\n<li>Nanijeti malo Superior Bondera ako je potrebno<\/li>\n<li>Obavezno koristiti Bond X (na\u0161e baze\u00a0 ne sadr\u017ee nikakve kiseline i kori\u0161tenje BondX podloge je neophodno za 100% savr\u0161ene rezultate)<\/li>\n<li>Nanijeti bazu na nokat kao gradivni trajni lak<\/li>\n<li>Nanijeti boju ili ostaviti samo prirodan izgled<\/li>\n<li>Nanijeti zavr\u0161ni sjaj Crystal Shine ili Mirror Shine za besprijekoran izgled<\/li>\n<li>Su\u0161enje 1 min u Lampi (preporu\u010damo na\u0161e Alien lampe)<\/li>\n<\/ul>\n","protected":false},"excerpt":{"rendered":"<ul>\n<li>dugotrajnost i do dva mjeseca<\/li>\n<li>samoniveliraju\u0107u teksturu za savr\u0161enu kontrolu i preciznost<\/li>\n<li>naprednu \u010dvrsto\u0107u koja sprje\u010dava lomljenje i o\u0161te\u0107enja<\/li>\n<li>lagana formula koja ne optere\u0107uje prirodni nokat<\/li>\n<li>idealna podloga za sve vrste trajnih lakova<\/li>\n<li>mo\u017eete produljivati nokat po potrebi<\/li>\n<\/ul>\n","protected":false},"featured_media":45265,"comment_status":"closed","ping_status":"closed","template":"","meta":[],"product_brand":[55],"product_cat":[286,207,251],"product_tag":[],"class_list":{"0":"post-45264","1":"product","2":"type-product","3":"status-publish","4":"has-post-thumbnail","6":"product_brand-arty-nails","7":"product_cat-acrylic-pro-baze-za-trajni-lak","8":"product_cat-arty-nails-baze-za-trajni-lak","9":"product_cat-baze-za-trajni-lak-arty-nails","11":"first","12":"instock","13":"shipping-taxable","14":"purchasable","15":"product-type-simple"},"_links":{"self":[{"href":"https:\/\/www.arty-nails.org\/web_shop\/wp-json\/wp\/v2\/product\/45264","targetHints":{"allow":["GET"]}}],"collection":[{"href":"https:\/\/www.arty-nails.org\/web_shop\/wp-json\/wp\/v2\/product"}],"about":[{"href":"https:\/\/www.arty-nails.org\/web_shop\/wp-json\/wp\/v2\/types\/product"}],"replies":[{"embeddable":true,"href":"https:\/\/www.arty-nails.org\/web_shop\/wp-json\/wp\/v2\/comments?post=45264"}],"wp:featuredmedia":[{"embeddable":true,"href":"https:\/\/www.arty-nails.org\/web_shop\/wp-json\/wp\/v2\/media\/45265"}],"wp:attachment":[{"href":"https:\/\/www.arty-nails.org\/web_shop\/wp-json\/wp\/v2\/media?parent=45264"}],"wp:term":[{"taxonomy":"product_brand","embeddable":true,"href":"https:\/\/www.arty-nails.org\/web_shop\/wp-json\/wp\/v2\/product_brand?post=45264"},{"taxonomy":"product_cat","embeddable":true,"href":"https:\/\/www.arty-nails.org\/web_shop\/wp-json\/wp\/v2\/product_cat?post=45264"},{"taxonomy":"product_tag","embeddable":true,"href":"https:\/\/www.arty-nails.org\/web_shop\/wp-json\/wp\/v2\/product_tag?post=45264"}],"curies":[{"name":"wp","href":"https:\/\/api.w.org\/{rel}","templated":true}]}}