{"id":45939,"date":"2025-12-01T19:38:27","date_gmt":"2025-12-01T18:38:27","guid":{"rendered":"https:\/\/www.arty-nails.org\/web_shop\/?post_type=product&#038;p=45939"},"modified":"2026-02-02T10:02:19","modified_gmt":"2026-02-02T09:02:19","slug":"mollon-pro-ucvrscujuca-kolagenska-krema-za-ruke-250-ml","status":"publish","type":"product","link":"https:\/\/www.arty-nails.org\/web_shop\/proizvod\/mollon-pro-ucvrscujuca-kolagenska-krema-za-ruke-250-ml\/","title":{"rendered":"MOLLON PRO U\u010cVR\u0160\u0106UJU\u0106A KOLAGENSKA KREMA ZA RUKE 250 ml"},"content":{"rendered":"<p>U\u010dinkovito u\u010dvr\u0161\u0107uje i vra\u0107a \u010dvrsto\u0107u opu\u0161tenoj ko\u017ei ruku. Kolagen je temelj ove formule, koji ko\u017ei daje elasti\u010dnost i flesibilnost. Regenerira je i zagla\u0111uje. Prisutnost kiselina poput laurinske, miristinske, palmitinske, stearinske, oleinske i arhai\u010dne kiseline osigurava oporonost ko\u017ee na isparavanje vode. Krema pru\u017ea dugotrajnu hidrataciju zahvaljuju\u0107i hijaluronskoj kiselini i vodootporna je, \u0161to je \u010dini idealnom za sve one kojima su ruke \u010desto u vodi.\u00a0 Ostavlja ruke podatnima, \u010dvrstima i hidratiziranima, bez osje\u010daja zatezanja. Krema nije masna i trenutno se upija. Krema ima prekrasan ugodan miris parfema<\/p>\n","protected":false},"excerpt":{"rendered":"<p>Vrijedi odabrati ovaj proizvod ako je :<\/p>\n<ul>\n<li>ko\u017ea na va\u0161im rukama opu\u0161tena<\/li>\n<li>tra\u017eite kremu koja jako u\u010dvr\u0161\u0107uje ko\u017eu<\/li>\n<li>tra\u017eite dugotrajan u\u010dinak<\/li>\n<li>va\u0161e su ruke \u010desto u vodi<\/li>\n<\/ul>\n","protected":false},"featured_media":45940,"comment_status":"closed","ping_status":"closed","template":"","meta":[],"product_brand":[56],"product_cat":[126],"product_tag":[],"class_list":{"0":"post-45939","1":"product","2":"type-product","3":"status-publish","4":"has-post-thumbnail","6":"product_brand-mollon-pro","7":"product_cat-spa-njega-ruku","9":"first","10":"instock","11":"shipping-taxable","12":"purchasable","13":"product-type-simple"},"_links":{"self":[{"href":"https:\/\/www.arty-nails.org\/web_shop\/wp-json\/wp\/v2\/product\/45939","targetHints":{"allow":["GET"]}}],"collection":[{"href":"https:\/\/www.arty-nails.org\/web_shop\/wp-json\/wp\/v2\/product"}],"about":[{"href":"https:\/\/www.arty-nails.org\/web_shop\/wp-json\/wp\/v2\/types\/product"}],"replies":[{"embeddable":true,"href":"https:\/\/www.arty-nails.org\/web_shop\/wp-json\/wp\/v2\/comments?post=45939"}],"wp:featuredmedia":[{"embeddable":true,"href":"https:\/\/www.arty-nails.org\/web_shop\/wp-json\/wp\/v2\/media\/45940"}],"wp:attachment":[{"href":"https:\/\/www.arty-nails.org\/web_shop\/wp-json\/wp\/v2\/media?parent=45939"}],"wp:term":[{"taxonomy":"product_brand","embeddable":true,"href":"https:\/\/www.arty-nails.org\/web_shop\/wp-json\/wp\/v2\/product_brand?post=45939"},{"taxonomy":"product_cat","embeddable":true,"href":"https:\/\/www.arty-nails.org\/web_shop\/wp-json\/wp\/v2\/product_cat?post=45939"},{"taxonomy":"product_tag","embeddable":true,"href":"https:\/\/www.arty-nails.org\/web_shop\/wp-json\/wp\/v2\/product_tag?post=45939"}],"curies":[{"name":"wp","href":"https:\/\/api.w.org\/{rel}","templated":true}]}}