{"id":45967,"date":"2025-12-03T11:42:58","date_gmt":"2025-12-03T10:42:58","guid":{"rendered":"https:\/\/www.arty-nails.org\/web_shop\/?post_type=product&#038;p=45967"},"modified":"2026-02-02T10:18:32","modified_gmt":"2026-02-02T09:18:32","slug":"abrazivne-kapice-male-50-kom-granulacija-180-metalna-baza","status":"publish","type":"product","link":"https:\/\/www.arty-nails.org\/web_shop\/proizvod\/abrazivne-kapice-male-50-kom-granulacija-180-metalna-baza\/","title":{"rendered":"ABRAZIVNE KAPICE MALE 50 kom granulacija #150"},"content":{"rendered":"<p>Male abrazivne kapice savr\u0161ene su za obradu prirodnog nokta ili fino ujedna\u010davanje umjetnog materijala, gela, trajnog laka itd.<\/p>\n<p>Pakovanje od 50 komada ja\u010dine #150 grita<\/p>\n","protected":false},"excerpt":{"rendered":"<p>Male abrazivne kapice savr\u0161ene su za obradu prirodnog nokta ili fino ujedna\u010davanje umjetnog materijala, gela, trajnog laka itd. Pakovanje od 50 komada ja\u010dine #150 grita<\/p>\n","protected":false},"featured_media":45973,"comment_status":"closed","ping_status":"closed","template":"","meta":[],"product_brand":[55],"product_cat":[267],"product_tag":[],"class_list":{"0":"post-45967","1":"product","2":"type-product","3":"status-publish","4":"has-post-thumbnail","6":"product_brand-arty-nails","7":"product_cat-abrazivi-nastavci-za-poliranje-i-ciscenje","9":"first","10":"instock","11":"shipping-taxable","12":"purchasable","13":"product-type-simple"},"_links":{"self":[{"href":"https:\/\/www.arty-nails.org\/web_shop\/wp-json\/wp\/v2\/product\/45967","targetHints":{"allow":["GET"]}}],"collection":[{"href":"https:\/\/www.arty-nails.org\/web_shop\/wp-json\/wp\/v2\/product"}],"about":[{"href":"https:\/\/www.arty-nails.org\/web_shop\/wp-json\/wp\/v2\/types\/product"}],"replies":[{"embeddable":true,"href":"https:\/\/www.arty-nails.org\/web_shop\/wp-json\/wp\/v2\/comments?post=45967"}],"wp:featuredmedia":[{"embeddable":true,"href":"https:\/\/www.arty-nails.org\/web_shop\/wp-json\/wp\/v2\/media\/45973"}],"wp:attachment":[{"href":"https:\/\/www.arty-nails.org\/web_shop\/wp-json\/wp\/v2\/media?parent=45967"}],"wp:term":[{"taxonomy":"product_brand","embeddable":true,"href":"https:\/\/www.arty-nails.org\/web_shop\/wp-json\/wp\/v2\/product_brand?post=45967"},{"taxonomy":"product_cat","embeddable":true,"href":"https:\/\/www.arty-nails.org\/web_shop\/wp-json\/wp\/v2\/product_cat?post=45967"},{"taxonomy":"product_tag","embeddable":true,"href":"https:\/\/www.arty-nails.org\/web_shop\/wp-json\/wp\/v2\/product_tag?post=45967"}],"curies":[{"name":"wp","href":"https:\/\/api.w.org\/{rel}","templated":true}]}}