{"id":46004,"date":"2025-12-04T14:15:33","date_gmt":"2025-12-04T13:15:33","guid":{"rendered":"https:\/\/www.arty-nails.org\/web_shop\/?post_type=product&#038;p=46004"},"modified":"2025-12-04T14:23:16","modified_gmt":"2025-12-04T13:23:16","slug":"arty-nails-set-za-gel-super-ponuda-2","status":"publish","type":"product","link":"https:\/\/www.arty-nails.org\/web_shop\/proizvod\/arty-nails-set-za-gel-super-ponuda-2\/","title":{"rendered":"ARTY NAILS SET ZA GEL &#8211; Super ponuda"},"content":{"rendered":"<p>Ovo je savr\u0161en set za sve koji rade ili \u017eele po\u010deti raditi kao profesionalci. Ako ne pak to, onda kao poklon za va\u0161e najmilije. U setu dobivate ono najpotrebnije za geliranje noktiju, a profesionalna oprema dozvoljava vam da nokti budu kao iz salona. Svi na\u0161i proizvodi su 100% hipoalergeni HEMA, DI -hema i Tpo Free.<\/p>\n<p>Set sadr\u017ei:<\/p>\n<ul>\n<li>Arty Nails Dehidrator x 1<\/li>\n<li>Arty Nails Superior Bonder x 1<\/li>\n<li>Arty Nails Bazni gel 10 ml x 1<\/li>\n<li>Arty Nails gradivni gel 15 ml x 2 (po va\u0161em izboru)<\/li>\n<li>Arty Nails boja x 2 komada (po va\u0161em izboru)<\/li>\n<li>Arty Nails Crystal Shine 10 ml. x 1<\/li>\n<li>Arty Nails turpija x 3<\/li>\n<li>Arty Nails kist kolinsky za gel br. 8 x 1<\/li>\n<li>Arty Nails Liner Kist skinny 7 mm x 1<\/li>\n<li>Arty Nails Cange za zanoktice el 7 -3 x 1<\/li>\n<li>Arty Nails Cutice remover x 1<\/li>\n<\/ul>\n","protected":false},"excerpt":{"rendered":"<ul>\n<li>Arty Nails Dehidrator x 1<\/li>\n<li>Arty Nails Superior Bonder x 1<\/li>\n<li>Arty Nails Bazni gel 10 ml x 1<\/li>\n<li>Arty Nails gradivni gel 15 ml x 2 (po va\u0161em izboru)<\/li>\n<li>Arty Nails boja x 2 komada (po va\u0161em izboru)<\/li>\n<li>Arty Nails Crystal Shine 10 ml. x 1<\/li>\n<li>Arty Nails turpija x 3<\/li>\n<li>Arty Nails kist kolinsky za gel br. 8 x 1<\/li>\n<li>Arty Nails Liner Kist skinny 7 mm x 1<\/li>\n<li>Arty Nails Cange za zanoktice el 7 -3 x 1<\/li>\n<li>Arty Nails Cutice remover x 1<\/li>\n<\/ul>\n","protected":false},"featured_media":45999,"comment_status":"closed","ping_status":"closed","template":"","meta":[],"product_brand":[55],"product_cat":[118,289],"product_tag":[],"class_list":{"0":"post-46004","1":"product","2":"type-product","3":"status-publish","4":"has-post-thumbnail","6":"product_brand-arty-nails","7":"product_cat-akcijske-cijene","8":"product_cat-bozicni-setovi","10":"first","11":"instock","12":"sale","13":"shipping-taxable","14":"purchasable","15":"product-type-simple"},"_links":{"self":[{"href":"https:\/\/www.arty-nails.org\/web_shop\/wp-json\/wp\/v2\/product\/46004","targetHints":{"allow":["GET"]}}],"collection":[{"href":"https:\/\/www.arty-nails.org\/web_shop\/wp-json\/wp\/v2\/product"}],"about":[{"href":"https:\/\/www.arty-nails.org\/web_shop\/wp-json\/wp\/v2\/types\/product"}],"replies":[{"embeddable":true,"href":"https:\/\/www.arty-nails.org\/web_shop\/wp-json\/wp\/v2\/comments?post=46004"}],"wp:featuredmedia":[{"embeddable":true,"href":"https:\/\/www.arty-nails.org\/web_shop\/wp-json\/wp\/v2\/media\/45999"}],"wp:attachment":[{"href":"https:\/\/www.arty-nails.org\/web_shop\/wp-json\/wp\/v2\/media?parent=46004"}],"wp:term":[{"taxonomy":"product_brand","embeddable":true,"href":"https:\/\/www.arty-nails.org\/web_shop\/wp-json\/wp\/v2\/product_brand?post=46004"},{"taxonomy":"product_cat","embeddable":true,"href":"https:\/\/www.arty-nails.org\/web_shop\/wp-json\/wp\/v2\/product_cat?post=46004"},{"taxonomy":"product_tag","embeddable":true,"href":"https:\/\/www.arty-nails.org\/web_shop\/wp-json\/wp\/v2\/product_tag?post=46004"}],"curies":[{"name":"wp","href":"https:\/\/api.w.org\/{rel}","templated":true}]}}