{"id":46005,"date":"2025-12-04T14:20:11","date_gmt":"2025-12-04T13:20:11","guid":{"rendered":"https:\/\/www.arty-nails.org\/web_shop\/?post_type=product&#038;p=46005"},"modified":"2026-03-13T10:42:27","modified_gmt":"2026-03-13T09:42:27","slug":"arty-nails-set-za-gel-i-trajni-lak-super-ponuda-2","status":"publish","type":"product","link":"https:\/\/www.arty-nails.org\/web_shop\/proizvod\/arty-nails-set-za-gel-i-trajni-lak-super-ponuda-2\/","title":{"rendered":"ARTY NAILS SET ZA GEL I TRAJNI LAK &#8211; Super ponuda"},"content":{"rendered":"<div class=\"woocommerce-tabs wc-tabs-wrapper accordion accordion-simple\">\n<div class=\"card\">\n<div id=\"tab-description\" class=\"woocommerce-Tabs-panel woocommerce-Tabs-panel--description panel entry-content wc-tab card-body expanded\" role=\"tabpanel\" aria-labelledby=\"tab-title-description\">\n<p>Ovo je veliki set za one koje \u017eele sve koji rade ili \u017eele po\u010deti raditi kao profesionalci. Ako ne pak to, onda kao poklon za va\u0161e najmilije. U setu dobivate ono najpotrebnije za trajni lak, a profesionalna oprema dozvoljava vam da nokti budu kao iz salona. Svi na\u0161i proizvodi su 100% hipoalergeni HEMA, DI -hema i Tpo Free.<\/p>\n<\/div>\n<\/div>\n<\/div>\n","protected":false},"excerpt":{"rendered":"<ul>\n<li>Arty Nails Alien Lampa led \u010dipovi x 1<\/li>\n<li>Arty Nails Cutice remover x 1<\/li>\n<li>Arty Nails Dehidrator x 1 kom<\/li>\n<li>Arty Nails Superior Bonder x 1<\/li>\n<li>Arty Nails Bond X x 1<\/li>\n<li>Arty Nails gradivni gel 15\u00a0 ml x 2 (po va\u0161em izboru)<\/li>\n<li>Arty Nails rubber baze za trajni lak x 2 (po va\u0161em izboru)<\/li>\n<li>Arty Nails Crystal Shine 10 ml. x 1<\/li>\n<li>Arty Nails boje za trajni lak x 5 (po va\u0161em izboru)<\/li>\n<li>Arty Nails poguriva\u010d zanoktica silver pointed x 1<\/li>\n<li>Arty Nails turpija x 3<\/li>\n<li>Arty Nails Kolinsky kist ravni #8 x 1<\/li>\n<li>Arty Nails Liner 7 mm x 1<\/li>\n<li>Arty Nails klje\u0161ta za zanoktice el 7-5 x\u00a0 1<\/li>\n<li>Arty Nails ulje za zanoktice Spicy Tangerina 30 ml x 1<\/li>\n<li>Arty nails blazinice za nokte mix 200 komada x 1<\/li>\n<li>Arty Nails polirni blok bijeli x 1<\/li>\n<li>Arty Nails Sivi buffer\u00a0 x 1<\/li>\n<\/ul>\n","protected":false},"featured_media":46003,"comment_status":"closed","ping_status":"closed","template":"","meta":[],"product_brand":[55],"product_cat":[118,289],"product_tag":[],"class_list":{"0":"post-46005","1":"product","2":"type-product","3":"status-publish","4":"has-post-thumbnail","6":"product_brand-arty-nails","7":"product_cat-akcijske-cijene","8":"product_cat-bozicni-setovi","10":"first","11":"instock","12":"sale","13":"shipping-taxable","14":"purchasable","15":"product-type-simple"},"_links":{"self":[{"href":"https:\/\/www.arty-nails.org\/web_shop\/wp-json\/wp\/v2\/product\/46005","targetHints":{"allow":["GET"]}}],"collection":[{"href":"https:\/\/www.arty-nails.org\/web_shop\/wp-json\/wp\/v2\/product"}],"about":[{"href":"https:\/\/www.arty-nails.org\/web_shop\/wp-json\/wp\/v2\/types\/product"}],"replies":[{"embeddable":true,"href":"https:\/\/www.arty-nails.org\/web_shop\/wp-json\/wp\/v2\/comments?post=46005"}],"wp:featuredmedia":[{"embeddable":true,"href":"https:\/\/www.arty-nails.org\/web_shop\/wp-json\/wp\/v2\/media\/46003"}],"wp:attachment":[{"href":"https:\/\/www.arty-nails.org\/web_shop\/wp-json\/wp\/v2\/media?parent=46005"}],"wp:term":[{"taxonomy":"product_brand","embeddable":true,"href":"https:\/\/www.arty-nails.org\/web_shop\/wp-json\/wp\/v2\/product_brand?post=46005"},{"taxonomy":"product_cat","embeddable":true,"href":"https:\/\/www.arty-nails.org\/web_shop\/wp-json\/wp\/v2\/product_cat?post=46005"},{"taxonomy":"product_tag","embeddable":true,"href":"https:\/\/www.arty-nails.org\/web_shop\/wp-json\/wp\/v2\/product_tag?post=46005"}],"curies":[{"name":"wp","href":"https:\/\/api.w.org\/{rel}","templated":true}]}}