{"id":46701,"date":"2026-01-19T19:36:36","date_gmt":"2026-01-19T18:36:36","guid":{"rendered":"https:\/\/www.arty-nails.org\/web_shop\/?post_type=product&#038;p=46701"},"modified":"2026-02-11T14:55:15","modified_gmt":"2026-02-11T13:55:15","slug":"reforma-builder-gel-milky-white-15-gr-1650","status":"publish","type":"product","link":"https:\/\/www.arty-nails.org\/web_shop\/proizvod\/reforma-builder-gel-milky-white-15-gr-1650\/","title":{"rendered":"REFORMA BUILDER GEL MILKY WHITE 15 GR. &#8211; 1650"},"content":{"rendered":"<p><strong>ReformA builder gel &#8211; Kolekcija modernih gelova za izgradnju noktiju<\/strong><\/p>\n<p>Najpopularnija moderna serija gelova za izgradnju noktiju za ekstenziju i oja\u010danje prirodnih noktiju sada dolazi u klasi\u010dnim, uvijek relevantnim nijansama koje tehni\u010dari svakodnevno biraju: mlije\u010dnoj, nje\u017eno ru\u017ei\u010dastoj, bogatoj ru\u017ei\u010dastoj i nude ru\u017ei\u010dastoj. Univerzalno rje\u0161enje za svaki stil i zahtjev klijenta.<\/p>\n<p><strong>Udobnost pri radu i predvidljivi rezultati<\/strong><\/p>\n<p>Nova kolekcija gelova za izgradnju dizajnirana je za udoban rad i predvidljive rezultate. Znate li onaj osje\u0107aj kada prona\u0111ete gel koji se ne &#8220;bori&#8221; s vama, ne stvara stres i istinski vam olak\u0161ava rad? Upravo tako funkcionira ova linija &#8211; organski se uklapa u ritam va\u0161eg salona i brzo postaje omiljen za rad.<\/p>\n<p><strong>Premium formula<\/strong><\/p>\n<p>Samoizravnavaju\u0107a premium formula srednje konzistencije omogu\u0107uje proizvodu da prakti\u010dno radi umjesto vas. Gel se lako razmazuje, ne razlijeva se, ne zahtijeva stalne korekcije, osiguravaju\u0107i glatku i urednu povr\u0161inu nakon nano\u0161enja.<\/p>\n<p><strong>Siguran sastav<\/strong><\/p>\n<p>\u010cist, promi\u0161ljen sastav baziran na formuli bez TPO-a i HEMA-e \u010dini ove gelove sigurnima \u010dak i za najosjetljivije klijente, omogu\u0107uju\u0107i vam stvaranje prekrasnih noktiju bez nepotrebnih briga.<\/p>\n<p>Svestrana primjena<\/p>\n<p>Gelovi slu\u017ee za:<\/p>\n<ul>\n<li>Ja\u010danje prirodne plo\u010de nokta bez agresivnog turpijanja<\/li>\n<li>Precizno oblikovanje i kamufla\u017eu<\/li>\n<li>Brze korekcije i pouzdano fiksiranje dizajna<\/li>\n<li>Ekstenzije tj produljivanje<\/li>\n<\/ul>\n<p><strong>Elegancija bez vi\u0161ka<\/strong><\/p>\n<p>Nenametljive nijanse izgledaju elegantno i skupo bez pretjeranog, nagla\u0161avaju\u0107i prirodnu ljepotu ruku i prate\u0107i trenutne trendove.<\/p>\n<p>Za svakog tehni\u010dara<\/p>\n<p>Gelovi su ugodni za rad i po\u010detnicima i iskusnim profesionalcima, lako se prilago\u0111avaju\u0107i razli\u010ditim tehnikama i visokim standardima kvalitete.<\/p>\n<p>Samo jednom isprobajte da biste osjetili razliku: manje stresa na poslu, vi\u0161e zadovoljnih klijenata i stabilni, predvidljivi rezultati.<\/p>\n","protected":false},"excerpt":{"rendered":"<p>Gelovi slu\u017ee za:<\/p>\n<ul>\n<li>Ja\u010danje prirodne plo\u010de nokta bez agresivnog turpijanja<\/li>\n<li>Precizno oblikovanje i kamufla\u017eu<\/li>\n<li>Brze korekcije i pouzdano fiksiranje dizajna<\/li>\n<li>Ekstenzije tj produljivanje<\/li>\n<\/ul>\n","protected":false},"featured_media":46704,"comment_status":"closed","ping_status":"closed","template":"","meta":[],"product_brand":[],"product_cat":[260,75],"product_tag":[],"class_list":{"0":"post-46701","1":"product","2":"type-product","3":"status-publish","4":"has-post-thumbnail","6":"product_cat-gradivni-gelovi-reforma","7":"product_cat-reforma-gel-tehnika","9":"first","10":"instock","11":"shipping-taxable","12":"purchasable","13":"product-type-simple"},"_links":{"self":[{"href":"https:\/\/www.arty-nails.org\/web_shop\/wp-json\/wp\/v2\/product\/46701","targetHints":{"allow":["GET"]}}],"collection":[{"href":"https:\/\/www.arty-nails.org\/web_shop\/wp-json\/wp\/v2\/product"}],"about":[{"href":"https:\/\/www.arty-nails.org\/web_shop\/wp-json\/wp\/v2\/types\/product"}],"replies":[{"embeddable":true,"href":"https:\/\/www.arty-nails.org\/web_shop\/wp-json\/wp\/v2\/comments?post=46701"}],"wp:featuredmedia":[{"embeddable":true,"href":"https:\/\/www.arty-nails.org\/web_shop\/wp-json\/wp\/v2\/media\/46704"}],"wp:attachment":[{"href":"https:\/\/www.arty-nails.org\/web_shop\/wp-json\/wp\/v2\/media?parent=46701"}],"wp:term":[{"taxonomy":"product_brand","embeddable":true,"href":"https:\/\/www.arty-nails.org\/web_shop\/wp-json\/wp\/v2\/product_brand?post=46701"},{"taxonomy":"product_cat","embeddable":true,"href":"https:\/\/www.arty-nails.org\/web_shop\/wp-json\/wp\/v2\/product_cat?post=46701"},{"taxonomy":"product_tag","embeddable":true,"href":"https:\/\/www.arty-nails.org\/web_shop\/wp-json\/wp\/v2\/product_tag?post=46701"}],"curies":[{"name":"wp","href":"https:\/\/api.w.org\/{rel}","templated":true}]}}