{"id":46796,"date":"2026-01-22T18:24:02","date_gmt":"2026-01-22T17:24:02","guid":{"rendered":"https:\/\/www.arty-nails.org\/web_shop\/?post_type=product&#038;p=46796"},"modified":"2026-02-02T10:07:06","modified_gmt":"2026-02-02T09:07:06","slug":"arty-nails-display-knjiga-s-magnetima-120-boja","status":"publish","type":"product","link":"https:\/\/www.arty-nails.org\/web_shop\/proizvod\/arty-nails-display-knjiga-s-magnetima-120-boja\/","title":{"rendered":"ARTY NAILS DISPLAY KNJIGA S MAGNETIMA 120 BOJA"},"content":{"rendered":"<p>Savr\u0161ena prezentacija za 120 boja u va\u0161em salonu.<\/p>\n<p>Profesionalno organizirajte i prezentirajte svoje nijanse uz knjigu s 120 tipsi za boje. Ovaj prakti\u010dan i elegantan alat nezaobilazan je u svakom salonu, ali i za osobnu kolekciju boja. Knjiga sadr\u017ei 120 tipsi koje se namje\u0161taju uz pomo\u0107 magneta, \u0161to zna\u010di da se jednostavno mogu odvojiti da bi klijent pogledao kako mu boja pristaje na noktu. Zahvaljuju\u0107i pregledanom rasporedu boje su lako dostupne i uredno organizirane.\u00a0 Ovo \u0107e vam u\u0161tedjeti vrijeme tijekom rada i podi\u0107i profesionalni dojam.<\/p>\n","protected":false},"excerpt":{"rendered":"<p>Za\u0161to vam treba ovaj proizvod<\/p>\n<ul>\n<li>120 tipsi za boje na jednom mjestu<\/li>\n<li>Profesionaln a prezentacija boja<\/li>\n<li>Olak\u0161ava klijentima izbor nijansi i vama \u0161tedi vrijeme<\/li>\n<li>Pogodna za Nail art i dizajn<\/li>\n<\/ul>\n","protected":false},"featured_media":46798,"comment_status":"closed","ping_status":"closed","template":"","meta":[],"product_brand":[],"product_cat":[147,165,157,133],"product_tag":[],"class_list":{"0":"post-46796","1":"product","2":"type-product","3":"status-publish","4":"has-post-thumbnail","6":"product_cat-arty-nails-pribor-za-nokte-i-nail-art","7":"product_cat-oprema-za-rad","8":"product_cat-pribor-za-nail-art","9":"product_cat-tipse-i-display-tipse-za-boje","11":"first","12":"instock","13":"shipping-taxable","14":"purchasable","15":"product-type-simple"},"_links":{"self":[{"href":"https:\/\/www.arty-nails.org\/web_shop\/wp-json\/wp\/v2\/product\/46796","targetHints":{"allow":["GET"]}}],"collection":[{"href":"https:\/\/www.arty-nails.org\/web_shop\/wp-json\/wp\/v2\/product"}],"about":[{"href":"https:\/\/www.arty-nails.org\/web_shop\/wp-json\/wp\/v2\/types\/product"}],"replies":[{"embeddable":true,"href":"https:\/\/www.arty-nails.org\/web_shop\/wp-json\/wp\/v2\/comments?post=46796"}],"wp:featuredmedia":[{"embeddable":true,"href":"https:\/\/www.arty-nails.org\/web_shop\/wp-json\/wp\/v2\/media\/46798"}],"wp:attachment":[{"href":"https:\/\/www.arty-nails.org\/web_shop\/wp-json\/wp\/v2\/media?parent=46796"}],"wp:term":[{"taxonomy":"product_brand","embeddable":true,"href":"https:\/\/www.arty-nails.org\/web_shop\/wp-json\/wp\/v2\/product_brand?post=46796"},{"taxonomy":"product_cat","embeddable":true,"href":"https:\/\/www.arty-nails.org\/web_shop\/wp-json\/wp\/v2\/product_cat?post=46796"},{"taxonomy":"product_tag","embeddable":true,"href":"https:\/\/www.arty-nails.org\/web_shop\/wp-json\/wp\/v2\/product_tag?post=46796"}],"curies":[{"name":"wp","href":"https:\/\/api.w.org\/{rel}","templated":true}]}}