{"id":46832,"date":"2026-01-24T19:56:49","date_gmt":"2026-01-24T18:56:49","guid":{"rendered":"https:\/\/www.arty-nails.org\/web_shop\/?post_type=product&#038;p=46832"},"modified":"2026-02-02T10:15:07","modified_gmt":"2026-02-02T09:15:07","slug":"okrugli-magnet-za-cat-eye","status":"publish","type":"product","link":"https:\/\/www.arty-nails.org\/web_shop\/proizvod\/okrugli-magnet-za-cat-eye\/","title":{"rendered":"OKRUGLI MAGNET ZA CAT EYE"},"content":{"rendered":"<p>Magent za Cat Eye \u2013 stvori profesionalni nail art efekt. Neizostavan je alat za sve ljubitelje lakova koji \u017eele posti\u0107i atraktivan cat eye efekt s preciznim i dubokim linijama. Uz pomo\u0107 ovog magnete, metalne \u010destice u cat eye trajnom laku lako se oblikuju u elegantne uzorke koji noktima daju o\u010daravaju\u0107i izgled.<\/p>\n","protected":false},"excerpt":{"rendered":"<ul>\n<li>omogu\u0107e brzo i jednostavno kreiranje cat eye efekta<\/li>\n<li>precizna kontrola linije i efekta<\/li>\n<\/ul>\n","protected":false},"featured_media":46835,"comment_status":"closed","ping_status":"closed","template":"","meta":[],"product_brand":[],"product_cat":[147,157,121],"product_tag":[],"class_list":{"0":"post-46832","1":"product","2":"type-product","3":"status-publish","4":"has-post-thumbnail","6":"product_cat-arty-nails-pribor-za-nokte-i-nail-art","7":"product_cat-pribor-za-nail-art","8":"product_cat-pribor-za-nokte","10":"first","11":"instock","12":"shipping-taxable","13":"purchasable","14":"product-type-simple"},"_links":{"self":[{"href":"https:\/\/www.arty-nails.org\/web_shop\/wp-json\/wp\/v2\/product\/46832","targetHints":{"allow":["GET"]}}],"collection":[{"href":"https:\/\/www.arty-nails.org\/web_shop\/wp-json\/wp\/v2\/product"}],"about":[{"href":"https:\/\/www.arty-nails.org\/web_shop\/wp-json\/wp\/v2\/types\/product"}],"replies":[{"embeddable":true,"href":"https:\/\/www.arty-nails.org\/web_shop\/wp-json\/wp\/v2\/comments?post=46832"}],"wp:featuredmedia":[{"embeddable":true,"href":"https:\/\/www.arty-nails.org\/web_shop\/wp-json\/wp\/v2\/media\/46835"}],"wp:attachment":[{"href":"https:\/\/www.arty-nails.org\/web_shop\/wp-json\/wp\/v2\/media?parent=46832"}],"wp:term":[{"taxonomy":"product_brand","embeddable":true,"href":"https:\/\/www.arty-nails.org\/web_shop\/wp-json\/wp\/v2\/product_brand?post=46832"},{"taxonomy":"product_cat","embeddable":true,"href":"https:\/\/www.arty-nails.org\/web_shop\/wp-json\/wp\/v2\/product_cat?post=46832"},{"taxonomy":"product_tag","embeddable":true,"href":"https:\/\/www.arty-nails.org\/web_shop\/wp-json\/wp\/v2\/product_tag?post=46832"}],"curies":[{"name":"wp","href":"https:\/\/api.w.org\/{rel}","templated":true}]}}