{"id":47214,"date":"2026-02-10T18:22:48","date_gmt":"2026-02-10T17:22:48","guid":{"rendered":"https:\/\/www.arty-nails.org\/web_shop\/?post_type=product&#038;p=47214"},"modified":"2026-02-10T18:22:49","modified_gmt":"2026-02-10T17:22:49","slug":"nastavak-cilindar-blue-7mm-50mm-1658","status":"publish","type":"product","link":"https:\/\/www.arty-nails.org\/web_shop\/proizvod\/nastavak-cilindar-blue-7mm-50mm-1658\/","title":{"rendered":"NASTAVAK CILINDAR BLUE 7mm, 5,0mm &#8211; 1658"},"content":{"rendered":"<p>Profesionalni dijamantni\u00a0 nastavak za manikuru i pedikuru vrhunske kvalitete, izra\u0111en od medicinskog \u010delika s premazom od visokokvalitetnog dijamantnog zrna. Ujedna\u010denost dijamantnog zrna i njegova ravnomjerna raspodjela po cijeloj povr\u0161ini alata, osigurava nje\u017ean i gladak utjecaj na tretiranu povr\u0161inu. Zato su ova svrdla idealna za rad s prirodnim nokatnim plo\u010dama i zanokticama.\u00a0 Made in EU.<\/p>\n<ul>\n<li>za obradu lateralnih sinusa<\/li>\n<li>pripremu povr\u0161ine plo\u010de nokta<\/li>\n<li>korekciju slobodnog ruba<\/li>\n<li>odstranjivanje keratinizirane ko\u017ee<\/li>\n<li>obradu zanoktica<\/li>\n<\/ul>\n","protected":false},"excerpt":{"rendered":"<p>Profesionalni dijamantni\u00a0 nastavak za manikuru i pedikuru vrhunske kvalitete, izra\u0111en od medicinskog \u010delika s premazom od visokokvalitetnog dijamantnog zrna. Ujedna\u010denost dijamantnog zrna i njegova ravnomjerna raspodjela po cijeloj povr\u0161ini alata, osigurava nje\u017ean i gladak utjecaj na tretiranu povr\u0161inu. Zato su ova svrdla idealna za rad s prirodnim nokatnim plo\u010dama i zanokticama.\u00a0 Made in EU. za [&hellip;]<\/p>\n","protected":false},"featured_media":47215,"comment_status":"closed","ping_status":"closed","template":"","meta":[],"product_brand":[],"product_cat":[94],"product_tag":[],"class_list":{"0":"post-47214","1":"product","2":"type-product","3":"status-publish","4":"has-post-thumbnail","6":"product_cat-nastavci-za-brusilice-freze","8":"first","9":"instock","10":"shipping-taxable","11":"purchasable","12":"product-type-simple"},"_links":{"self":[{"href":"https:\/\/www.arty-nails.org\/web_shop\/wp-json\/wp\/v2\/product\/47214","targetHints":{"allow":["GET"]}}],"collection":[{"href":"https:\/\/www.arty-nails.org\/web_shop\/wp-json\/wp\/v2\/product"}],"about":[{"href":"https:\/\/www.arty-nails.org\/web_shop\/wp-json\/wp\/v2\/types\/product"}],"replies":[{"embeddable":true,"href":"https:\/\/www.arty-nails.org\/web_shop\/wp-json\/wp\/v2\/comments?post=47214"}],"wp:featuredmedia":[{"embeddable":true,"href":"https:\/\/www.arty-nails.org\/web_shop\/wp-json\/wp\/v2\/media\/47215"}],"wp:attachment":[{"href":"https:\/\/www.arty-nails.org\/web_shop\/wp-json\/wp\/v2\/media?parent=47214"}],"wp:term":[{"taxonomy":"product_brand","embeddable":true,"href":"https:\/\/www.arty-nails.org\/web_shop\/wp-json\/wp\/v2\/product_brand?post=47214"},{"taxonomy":"product_cat","embeddable":true,"href":"https:\/\/www.arty-nails.org\/web_shop\/wp-json\/wp\/v2\/product_cat?post=47214"},{"taxonomy":"product_tag","embeddable":true,"href":"https:\/\/www.arty-nails.org\/web_shop\/wp-json\/wp\/v2\/product_tag?post=47214"}],"curies":[{"name":"wp","href":"https:\/\/api.w.org\/{rel}","templated":true}]}}