{"id":6700,"date":"2012-07-14T22:19:13","date_gmt":"2012-07-14T20:19:13","guid":{"rendered":"https:\/\/www.arty-nails.org\/web_shop\/product\/blazinice-za-ciscenje-nokta-i-gela-u-roli-500-kom\/"},"modified":"2026-02-02T12:20:46","modified_gmt":"2026-02-02T11:20:46","slug":"blazinice-za-ciscenje-nokta-i-gela-u-roli-500-kom","status":"publish","type":"product","link":"https:\/\/www.arty-nails.org\/web_shop\/proizvod\/blazinice-za-ciscenje-nokta-i-gela-u-roli-500-kom\/","title":{"rendered":"BLAZINICE ZA \u010cI\u0160\u0106ENJE NOKTA I GELA U ROLI"},"content":{"rendered":"<p>Na\u0161e blazinice imaju duplu oblogu tako da se ne raspadaju prilikom kori\u0161tenja.<\/p>\n","protected":false},"excerpt":{"rendered":"<p>Na\u0161e blazinice imaju duplu oblogu tako da se ne raspadaju prilikom kori\u0161tenja.<\/p>\n","protected":false},"featured_media":6699,"comment_status":"closed","ping_status":"closed","template":"","meta":[],"product_brand":[55],"product_cat":[199,143,175,165],"product_tag":[],"class_list":{"0":"post-6700","1":"product","2":"type-product","3":"status-publish","4":"has-post-thumbnail","6":"product_brand-arty-nails","7":"product_cat-arty-nails-lampe-i-ostala-oprema","8":"product_cat-arty-nails-tekucine","9":"product_cat-cleaneri-i-odstranjivaci","10":"product_cat-oprema-za-rad","12":"first","13":"instock","14":"shipping-taxable","15":"purchasable","16":"product-type-simple"},"_links":{"self":[{"href":"https:\/\/www.arty-nails.org\/web_shop\/wp-json\/wp\/v2\/product\/6700","targetHints":{"allow":["GET"]}}],"collection":[{"href":"https:\/\/www.arty-nails.org\/web_shop\/wp-json\/wp\/v2\/product"}],"about":[{"href":"https:\/\/www.arty-nails.org\/web_shop\/wp-json\/wp\/v2\/types\/product"}],"replies":[{"embeddable":true,"href":"https:\/\/www.arty-nails.org\/web_shop\/wp-json\/wp\/v2\/comments?post=6700"}],"wp:featuredmedia":[{"embeddable":true,"href":"https:\/\/www.arty-nails.org\/web_shop\/wp-json\/wp\/v2\/media\/6699"}],"wp:attachment":[{"href":"https:\/\/www.arty-nails.org\/web_shop\/wp-json\/wp\/v2\/media?parent=6700"}],"wp:term":[{"taxonomy":"product_brand","embeddable":true,"href":"https:\/\/www.arty-nails.org\/web_shop\/wp-json\/wp\/v2\/product_brand?post=6700"},{"taxonomy":"product_cat","embeddable":true,"href":"https:\/\/www.arty-nails.org\/web_shop\/wp-json\/wp\/v2\/product_cat?post=6700"},{"taxonomy":"product_tag","embeddable":true,"href":"https:\/\/www.arty-nails.org\/web_shop\/wp-json\/wp\/v2\/product_tag?post=6700"}],"curies":[{"name":"wp","href":"https:\/\/api.w.org\/{rel}","templated":true}]}}