{"id":6726,"date":"2012-07-20T20:23:24","date_gmt":"2012-07-20T18:23:24","guid":{"rendered":"https:\/\/www.arty-nails.org\/web_shop\/product\/reforma-nail-prep-12-ml-dehidrator-184\/"},"modified":"2026-02-02T09:57:09","modified_gmt":"2026-02-02T08:57:09","slug":"reforma-nail-prep-12-ml-dehidrator-184","status":"publish","type":"product","link":"https:\/\/www.arty-nails.org\/web_shop\/proizvod\/reforma-nail-prep-12-ml-dehidrator-184\/","title":{"rendered":"REFORMA NAIL PREP DEHIDRATOR 10 ml"},"content":{"rendered":"<p>Nail Prep Dehidrator je prvi korak u pripremi prirodnog nokta za aplikaciju svih umjetnih materijala &#8211; trajnog laka, gela, akrila, polygela i tipsi. Pobolj\u0161ava prianjanje umjetnog materijala na nokat, lagano dehidrira prirodne nokte i uklanja sva prirodna ulja. Tako\u0111er ga je dobro primijeniti na prirodni nokat prije nano\u0161enja baze i laka za nokte kako bi se boja du\u017ee odr\u017eala. Mora se nanijeti prije Ultrabond Primera.<\/p>\n","protected":false},"excerpt":{"rendered":"<p>Nail Prep Dehidrator je prvi korak u pripremi prirodnog nokta za aplikaciju svih umjetnih materijala &#8211; trajnog laka, gela, akrila, polygela i tipsi. Pobolj\u0161ava prianjanje umjetnog materijala na nokat, lagano dehidrira prirodne nokte i uklanja sva prirodna ulja. Tako\u0111er ga je dobro primijeniti na prirodni nokat prije nano\u0161enja baze i laka za nokte kako bi [&hellip;]<\/p>\n","protected":false},"featured_media":6725,"comment_status":"closed","ping_status":"closed","template":"","meta":[],"product_brand":[50],"product_cat":[136,144],"product_tag":[],"class_list":{"0":"post-6726","1":"product","2":"type-product","3":"status-publish","4":"has-post-thumbnail","6":"product_brand-reforma","7":"product_cat-pripremne-tekucine","8":"product_cat-reforma-tekucine","10":"first","11":"instock","12":"shipping-taxable","13":"purchasable","14":"product-type-simple"},"_links":{"self":[{"href":"https:\/\/www.arty-nails.org\/web_shop\/wp-json\/wp\/v2\/product\/6726","targetHints":{"allow":["GET"]}}],"collection":[{"href":"https:\/\/www.arty-nails.org\/web_shop\/wp-json\/wp\/v2\/product"}],"about":[{"href":"https:\/\/www.arty-nails.org\/web_shop\/wp-json\/wp\/v2\/types\/product"}],"replies":[{"embeddable":true,"href":"https:\/\/www.arty-nails.org\/web_shop\/wp-json\/wp\/v2\/comments?post=6726"}],"wp:featuredmedia":[{"embeddable":true,"href":"https:\/\/www.arty-nails.org\/web_shop\/wp-json\/wp\/v2\/media\/6725"}],"wp:attachment":[{"href":"https:\/\/www.arty-nails.org\/web_shop\/wp-json\/wp\/v2\/media?parent=6726"}],"wp:term":[{"taxonomy":"product_brand","embeddable":true,"href":"https:\/\/www.arty-nails.org\/web_shop\/wp-json\/wp\/v2\/product_brand?post=6726"},{"taxonomy":"product_cat","embeddable":true,"href":"https:\/\/www.arty-nails.org\/web_shop\/wp-json\/wp\/v2\/product_cat?post=6726"},{"taxonomy":"product_tag","embeddable":true,"href":"https:\/\/www.arty-nails.org\/web_shop\/wp-json\/wp\/v2\/product_tag?post=6726"}],"curies":[{"name":"wp","href":"https:\/\/api.w.org\/{rel}","templated":true}]}}