{"id":6761,"date":"2012-11-09T18:15:02","date_gmt":"2012-11-09T17:15:02","guid":{"rendered":"https:\/\/www.arty-nails.org\/web_shop\/product\/reforma-monomer-125-ml\/"},"modified":"2026-02-02T09:56:25","modified_gmt":"2026-02-02T08:56:25","slug":"reforma-monomer-125-ml","status":"publish","type":"product","link":"https:\/\/www.arty-nails.org\/web_shop\/proizvod\/reforma-monomer-125-ml\/","title":{"rendered":"REFORMA MONOMER 125 ml"},"content":{"rendered":"<p>Akrilna teku\u0107ina s najboljom adhezijom materijala na nokat.<\/p>\n<p>Smart monomer sadr\u017ei plastifikatore koji pru\u017eaju odli\u010dno prianjanje i sprje\u010davaju odizanje \u010dak i kod upotrebe boja i glitter prahova. Monomer je lagano ljubi\u010daste boje zahvaljuju\u0107i dodacima UV elemenata koji sprje\u010davaju pojavu \u017eutila akrilnih prahova, dok \u0107e bijeli prah dobiti snje\u017eno bijelu notu.<\/p>\n<p>Monomer je kompatibilan sa svim ReformA akrilnim prahovima iz obje linije, Smart i Speedy. Ova teku\u0107ina nema tako intenzivan miris kao drugi akrilni sistemi \u0161to olak\u0161ava upotrebu i tehni\u010darima i klijentima.<\/p>\n<p>Dostupan je u razli\u010ditim veli\u010dinama: 125 ml, 250 ml, 500 ml, 1000 ml.<\/p>\n<p>Uputstvo za uporabu: Koristiti u kombinaciji s ReformA Akrilnim prahom. Su\u0161i se na zraku.<\/p>\n","protected":false},"excerpt":{"rendered":"<p>Akrilna teku\u0107ina s najboljom adhezijom materijala na nokat. Smart monomer sadr\u017ei plastifikatore koji pru\u017eaju odli\u010dno prianjanje i sprje\u010davaju odizanje \u010dak i kod upotrebe boja i glitter prahova. Monomer je lagano ljubi\u010daste boje zahvaljuju\u0107i dodacima UV elemenata koji sprje\u010davaju pojavu \u017eutila akrilnih prahova, dok \u0107e bijeli prah dobiti snje\u017eno bijelu notu. Monomer je kompatibilan sa svim [&hellip;]<\/p>\n","protected":false},"featured_media":6760,"comment_status":"closed","ping_status":"closed","template":"","meta":[],"product_brand":[50],"product_cat":[65,78],"product_tag":[],"class_list":{"0":"post-6761","1":"product","2":"type-product","3":"status-publish","4":"has-post-thumbnail","6":"product_brand-reforma","7":"product_cat-akril","8":"product_cat-reforma-akril","10":"first","11":"instock","12":"shipping-taxable","13":"purchasable","14":"product-type-simple"},"_links":{"self":[{"href":"https:\/\/www.arty-nails.org\/web_shop\/wp-json\/wp\/v2\/product\/6761","targetHints":{"allow":["GET"]}}],"collection":[{"href":"https:\/\/www.arty-nails.org\/web_shop\/wp-json\/wp\/v2\/product"}],"about":[{"href":"https:\/\/www.arty-nails.org\/web_shop\/wp-json\/wp\/v2\/types\/product"}],"replies":[{"embeddable":true,"href":"https:\/\/www.arty-nails.org\/web_shop\/wp-json\/wp\/v2\/comments?post=6761"}],"wp:featuredmedia":[{"embeddable":true,"href":"https:\/\/www.arty-nails.org\/web_shop\/wp-json\/wp\/v2\/media\/6760"}],"wp:attachment":[{"href":"https:\/\/www.arty-nails.org\/web_shop\/wp-json\/wp\/v2\/media?parent=6761"}],"wp:term":[{"taxonomy":"product_brand","embeddable":true,"href":"https:\/\/www.arty-nails.org\/web_shop\/wp-json\/wp\/v2\/product_brand?post=6761"},{"taxonomy":"product_cat","embeddable":true,"href":"https:\/\/www.arty-nails.org\/web_shop\/wp-json\/wp\/v2\/product_cat?post=6761"},{"taxonomy":"product_tag","embeddable":true,"href":"https:\/\/www.arty-nails.org\/web_shop\/wp-json\/wp\/v2\/product_tag?post=6761"}],"curies":[{"name":"wp","href":"https:\/\/api.w.org\/{rel}","templated":true}]}}