{"id":6836,"date":"2013-09-09T19:55:15","date_gmt":"2013-09-09T17:55:15","guid":{"rendered":"https:\/\/www.arty-nails.org\/web_shop\/product\/reforma-ablone-100-komada-415\/"},"modified":"2026-02-02T10:08:16","modified_gmt":"2026-02-02T09:08:16","slug":"reforma-sablone-100-kom","status":"publish","type":"product","link":"https:\/\/www.arty-nails.org\/web_shop\/proizvod\/reforma-sablone-100-kom\/","title":{"rendered":"REFORMA \u0160ABLONE 100 kom"},"content":{"rendered":"<p>ReformA je razvila jedinstvene \u0161ablone za modeliranje umjetnih noktiju. \u0160ablone su univerzalne i savr\u0161eno pristaju svakom obliku nokta. Nail tehni\u010dar mo\u017ee formirati \u0161ablonu dok god ne bude idealna za nokte klijenta na kojima radi. Zahvaljuju\u0107i linijama, nokte je lako oblikovati u bilo koji oblik i jednaku du\u017einu. \u0160ablone savr\u0161eno prianjaju na nokte i ne trebaju se popravljati tijekom rada, \u010dak i da ih se stavi na sve prste odjednom. Poprili\u010dno su \u010dvrste i fleksibilne tako da se mo\u017ee napraviti prekrasan luk te \u0107e nokti izgledati apsolutno savr\u0161eno.<\/p>\n","protected":false},"excerpt":{"rendered":"<p>ReformA je razvila jedinstvene \u0161ablone za modeliranje umjetnih noktiju. \u0160ablone su univerzalne i savr\u0161eno pristaju svakom obliku nokta. Nail tehni\u010dar mo\u017ee formirati \u0161ablonu dok god ne bude idealna za nokte klijenta na kojima radi. Zahvaljuju\u0107i linijama, nokte je lako oblikovati u bilo koji oblik i jednaku du\u017einu. \u0160ablone savr\u0161eno prianjaju na nokte i ne trebaju [&hellip;]<\/p>\n","protected":false},"featured_media":6834,"comment_status":"closed","ping_status":"closed","template":"","meta":[],"product_brand":[50],"product_cat":[77,122],"product_tag":[],"class_list":{"0":"post-6836","1":"product","2":"type-product","3":"status-publish","4":"has-post-thumbnail","6":"product_brand-reforma","7":"product_cat-reforma-pribor-i-oprema","8":"product_cat-sablone","10":"first","11":"instock","12":"shipping-taxable","13":"purchasable","14":"product-type-simple"},"_links":{"self":[{"href":"https:\/\/www.arty-nails.org\/web_shop\/wp-json\/wp\/v2\/product\/6836","targetHints":{"allow":["GET"]}}],"collection":[{"href":"https:\/\/www.arty-nails.org\/web_shop\/wp-json\/wp\/v2\/product"}],"about":[{"href":"https:\/\/www.arty-nails.org\/web_shop\/wp-json\/wp\/v2\/types\/product"}],"replies":[{"embeddable":true,"href":"https:\/\/www.arty-nails.org\/web_shop\/wp-json\/wp\/v2\/comments?post=6836"}],"wp:featuredmedia":[{"embeddable":true,"href":"https:\/\/www.arty-nails.org\/web_shop\/wp-json\/wp\/v2\/media\/6834"}],"wp:attachment":[{"href":"https:\/\/www.arty-nails.org\/web_shop\/wp-json\/wp\/v2\/media?parent=6836"}],"wp:term":[{"taxonomy":"product_brand","embeddable":true,"href":"https:\/\/www.arty-nails.org\/web_shop\/wp-json\/wp\/v2\/product_brand?post=6836"},{"taxonomy":"product_cat","embeddable":true,"href":"https:\/\/www.arty-nails.org\/web_shop\/wp-json\/wp\/v2\/product_cat?post=6836"},{"taxonomy":"product_tag","embeddable":true,"href":"https:\/\/www.arty-nails.org\/web_shop\/wp-json\/wp\/v2\/product_tag?post=6836"}],"curies":[{"name":"wp","href":"https:\/\/api.w.org\/{rel}","templated":true}]}}