{"id":6879,"date":"2013-11-20T00:22:15","date_gmt":"2013-11-19T23:22:15","guid":{"rendered":"https:\/\/www.arty-nails.org\/web_shop\/product\/rdcorp-feather-03-06-472\/"},"modified":"2024-03-05T20:45:57","modified_gmt":"2024-03-05T19:45:57","slug":"rdcorp-feather-03-06-472","status":"publish","type":"product","link":"https:\/\/www.arty-nails.org\/web_shop\/proizvod\/rdcorp-feather-03-06-472\/","title":{"rendered":"RDCORP FEATHER 03-06"},"content":{"rendered":"<p>RDcorp predstavlja najveselijiu vjetrovitu i \u0107udljivu Foto-dizajn kolekciju pera. Dodajte jarke, uo\u010dljive i neo\u010dekivane dizajne s nje\u017enim i elegantnim RDcorp perjem. Classic &#8211; svaki list koji kupite ima 12 naljepnice na istom obrascu u \u0161est razli\u010ditih veli\u010dina. Mix &#8211; svaki list sadr\u017ei 12 razli\u010dite slike na zajedni\u010dku temu u \u0161est razli\u010ditih veli\u010dina. Francuski &#8211; svaki list koji kupite ima 12 naljepnica na istom obrascu u \u0161est razli\u010ditih veli\u010dina.<\/p>\n","protected":false},"excerpt":{"rendered":"<p>RDcorp predstavlja najveselijiu vjetrovitu i \u0107udljivu Foto-dizajn kolekciju pera. Dodajte jarke, uo\u010dljive i neo\u010dekivane dizajne s nje\u017enim i elegantnim RDcorp perjem. Classic &#8211; svaki list koji kupite ima 12 naljepnice na istom obrascu u \u0161est razli\u010ditih veli\u010dina. Mix &#8211; svaki list sadr\u017ei 12 razli\u010dite slike na zajedni\u010dku temu u \u0161est razli\u010ditih veli\u010dina. Francuski &#8211; svaki [&hellip;]<\/p>\n","protected":false},"featured_media":6878,"comment_status":"closed","ping_status":"closed","template":"","meta":[],"product_brand":[51],"product_cat":[79],"product_tag":[],"class_list":{"0":"post-6879","1":"product","2":"type-product","3":"status-publish","4":"has-post-thumbnail","6":"product_brand-rdcorp","7":"product_cat-fotodizajn","9":"first","10":"instock","11":"sale","12":"shipping-taxable","13":"purchasable","14":"product-type-simple"},"_links":{"self":[{"href":"https:\/\/www.arty-nails.org\/web_shop\/wp-json\/wp\/v2\/product\/6879","targetHints":{"allow":["GET"]}}],"collection":[{"href":"https:\/\/www.arty-nails.org\/web_shop\/wp-json\/wp\/v2\/product"}],"about":[{"href":"https:\/\/www.arty-nails.org\/web_shop\/wp-json\/wp\/v2\/types\/product"}],"replies":[{"embeddable":true,"href":"https:\/\/www.arty-nails.org\/web_shop\/wp-json\/wp\/v2\/comments?post=6879"}],"wp:featuredmedia":[{"embeddable":true,"href":"https:\/\/www.arty-nails.org\/web_shop\/wp-json\/wp\/v2\/media\/6878"}],"wp:attachment":[{"href":"https:\/\/www.arty-nails.org\/web_shop\/wp-json\/wp\/v2\/media?parent=6879"}],"wp:term":[{"taxonomy":"product_brand","embeddable":true,"href":"https:\/\/www.arty-nails.org\/web_shop\/wp-json\/wp\/v2\/product_brand?post=6879"},{"taxonomy":"product_cat","embeddable":true,"href":"https:\/\/www.arty-nails.org\/web_shop\/wp-json\/wp\/v2\/product_cat?post=6879"},{"taxonomy":"product_tag","embeddable":true,"href":"https:\/\/www.arty-nails.org\/web_shop\/wp-json\/wp\/v2\/product_tag?post=6879"}],"curies":[{"name":"wp","href":"https:\/\/api.w.org\/{rel}","templated":true}]}}