{"id":6981,"date":"2012-11-09T19:02:14","date_gmt":"2012-11-09T18:02:14","guid":{"rendered":"https:\/\/www.arty-nails.org\/web_shop\/product\/reforma-smart-acrylic-powder-white-20-g\/"},"modified":"2026-02-02T09:56:24","modified_gmt":"2026-02-02T08:56:24","slug":"reforma-smart-acrylic-powder-white-20-g","status":"publish","type":"product","link":"https:\/\/www.arty-nails.org\/web_shop\/proizvod\/reforma-smart-acrylic-powder-white-20-g\/","title":{"rendered":"REFORMA SMART ACRYLIC POWDER WHITE 20 g"},"content":{"rendered":"<p>Bijeli akrilni prah ima snje\u017eno-bijelu boju i ton i savr\u0161en je za izradu francuske manikure kao i za 3D dizajn. Ovaj polimer ima kremastu teksturu i lagan je za izradu o\u0161tre \u201csmile\u201d linije. Ima srednje vrijeme polimerizacije.<\/p>\n<p>Uputstvo za uporabu: Koristiti u kombinaciji s ReformA Acrylic teku\u0107inom za akrilni prah. Su\u0161i se na zraku.<\/p>\n","protected":false},"excerpt":{"rendered":"<p>Bijeli akrilni prah ima snje\u017eno-bijelu boju i ton i savr\u0161en je za izradu francuske manikure kao i za 3D dizajn. Ovaj polimer ima kremastu teksturu i lagan je za izradu o\u0161tre \u201csmile\u201d linije. Ima srednje vrijeme polimerizacije. Uputstvo za uporabu: Koristiti u kombinaciji s ReformA Acrylic teku\u0107inom za akrilni prah. Su\u0161i se na zraku.<\/p>\n","protected":false},"featured_media":6980,"comment_status":"closed","ping_status":"closed","template":"","meta":[],"product_brand":[50],"product_cat":[65,78],"product_tag":[],"class_list":{"0":"post-6981","1":"product","2":"type-product","3":"status-publish","4":"has-post-thumbnail","6":"product_brand-reforma","7":"product_cat-akril","8":"product_cat-reforma-akril","10":"first","11":"instock","12":"shipping-taxable","13":"purchasable","14":"product-type-simple"},"_links":{"self":[{"href":"https:\/\/www.arty-nails.org\/web_shop\/wp-json\/wp\/v2\/product\/6981","targetHints":{"allow":["GET"]}}],"collection":[{"href":"https:\/\/www.arty-nails.org\/web_shop\/wp-json\/wp\/v2\/product"}],"about":[{"href":"https:\/\/www.arty-nails.org\/web_shop\/wp-json\/wp\/v2\/types\/product"}],"replies":[{"embeddable":true,"href":"https:\/\/www.arty-nails.org\/web_shop\/wp-json\/wp\/v2\/comments?post=6981"}],"wp:featuredmedia":[{"embeddable":true,"href":"https:\/\/www.arty-nails.org\/web_shop\/wp-json\/wp\/v2\/media\/6980"}],"wp:attachment":[{"href":"https:\/\/www.arty-nails.org\/web_shop\/wp-json\/wp\/v2\/media?parent=6981"}],"wp:term":[{"taxonomy":"product_brand","embeddable":true,"href":"https:\/\/www.arty-nails.org\/web_shop\/wp-json\/wp\/v2\/product_brand?post=6981"},{"taxonomy":"product_cat","embeddable":true,"href":"https:\/\/www.arty-nails.org\/web_shop\/wp-json\/wp\/v2\/product_cat?post=6981"},{"taxonomy":"product_tag","embeddable":true,"href":"https:\/\/www.arty-nails.org\/web_shop\/wp-json\/wp\/v2\/product_tag?post=6981"}],"curies":[{"name":"wp","href":"https:\/\/api.w.org\/{rel}","templated":true}]}}