{"id":7002,"date":"2014-06-06T00:36:26","date_gmt":"2014-06-05T22:36:26","guid":{"rendered":"https:\/\/www.arty-nails.org\/web_shop\/product\/promed-the-file-2020-604\/"},"modified":"2023-03-08T18:34:41","modified_gmt":"2023-03-08T17:34:41","slug":"promed-brusilica-2020","status":"publish","type":"product","link":"https:\/\/www.arty-nails.org\/web_shop\/proizvod\/promed-brusilica-2020\/","title":{"rendered":"PROMED BRUSILICA 2020"},"content":{"rendered":"<p><strong>Informacije o proizvodu:<\/strong><\/p>\n<ul style=\"list-style-type: disc;\">\n<li>Brusilica Promed 2020 nudi najnoviju tehnolo\u0161ku inovaciju.<\/li>\n<li>Brzina je varijabilna do 20.000 o \/ min.<\/li>\n<li>Lagana, ergonomska i sna\u017ena ru\u010dica od nehr\u0111aju\u0107eg \u010delika bez vibracija, te\u017eine 160g<\/li>\n<li>Profesionalni rotiraju\u010di ovratnik<\/li>\n<li>5 LED indikatora brzine<\/li>\n<li>Sigurnosno zaustavljanje; ASC (automatska kontrola brzine)<\/li>\n<li>Upravljanje u jednom prekida\u010du (u smjeru kazaljke na satu, suprotno od smjera kazaljke na satu, uklju\u010deno \/ isklju\u010deno)<\/li>\n<li>Potenciometar sa svijetlim dragim kamenom (dijamantni oblik)<\/li>\n<li>Opcija: Papu\u010dica za nogu (on \/ off)<\/li>\n<\/ul>\n<p><strong>Sadr\u017eaj pakovanja<\/strong>:<\/p>\n<ul style=\"list-style-type: disc;\">\n<li>Kontrolna jedinica<\/li>\n<li>Ru\u010dica sa Mikromotorom<\/li>\n<li>Strujni kabel<\/li>\n<li>Upute<\/li>\n<\/ul>\n<p><strong>Tehni\u010dki podaci:<\/strong><\/p>\n<ul style=\"list-style-type: disc;\">\n<li>Brzina: promjenjiva do 20.000 o \/ min<\/li>\n<li>Napajanje: 100-240 VAC, 50\/60 Hz, 800mA;<\/li>\n<li>Potro\u0161nja energije bez optere\u0107enju: &lt;0,3 W<\/li>\n<li>Te\u017eina ure\u0111aja: 450 g, te\u017eina ru\u010dice: 160 g<\/li>\n<li>Dimenzije: 130x200x100mm (Dx\u0160xV)<\/li>\n<\/ul>\n","protected":false},"excerpt":{"rendered":"<p>Informacije o proizvodu: Brusilica Promed 2020 nudi najnoviju tehnolo\u0161ku inovaciju. Brzina je varijabilna do 20.000 o \/ min. Lagana, ergonomska i sna\u017ena ru\u010dica od nehr\u0111aju\u0107eg \u010delika bez vibracija, te\u017eine 160g Profesionalni rotiraju\u010di ovratnik 5 LED indikatora brzine Sigurnosno zaustavljanje; ASC (automatska kontrola brzine) Upravljanje u jednom prekida\u010du (u smjeru kazaljke na satu, suprotno od smjera [&hellip;]<\/p>\n","protected":false},"featured_media":6999,"comment_status":"closed","ping_status":"closed","template":"","meta":[],"product_brand":[53],"product_cat":[93],"product_tag":[],"class_list":{"0":"post-7002","1":"product","2":"type-product","3":"status-publish","4":"has-post-thumbnail","6":"product_brand-promed","7":"product_cat-brusilice-freze","9":"first","10":"instock","11":"shipping-taxable","12":"purchasable","13":"product-type-simple"},"_links":{"self":[{"href":"https:\/\/www.arty-nails.org\/web_shop\/wp-json\/wp\/v2\/product\/7002","targetHints":{"allow":["GET"]}}],"collection":[{"href":"https:\/\/www.arty-nails.org\/web_shop\/wp-json\/wp\/v2\/product"}],"about":[{"href":"https:\/\/www.arty-nails.org\/web_shop\/wp-json\/wp\/v2\/types\/product"}],"replies":[{"embeddable":true,"href":"https:\/\/www.arty-nails.org\/web_shop\/wp-json\/wp\/v2\/comments?post=7002"}],"wp:featuredmedia":[{"embeddable":true,"href":"https:\/\/www.arty-nails.org\/web_shop\/wp-json\/wp\/v2\/media\/6999"}],"wp:attachment":[{"href":"https:\/\/www.arty-nails.org\/web_shop\/wp-json\/wp\/v2\/media?parent=7002"}],"wp:term":[{"taxonomy":"product_brand","embeddable":true,"href":"https:\/\/www.arty-nails.org\/web_shop\/wp-json\/wp\/v2\/product_brand?post=7002"},{"taxonomy":"product_cat","embeddable":true,"href":"https:\/\/www.arty-nails.org\/web_shop\/wp-json\/wp\/v2\/product_cat?post=7002"},{"taxonomy":"product_tag","embeddable":true,"href":"https:\/\/www.arty-nails.org\/web_shop\/wp-json\/wp\/v2\/product_tag?post=7002"}],"curies":[{"name":"wp","href":"https:\/\/api.w.org\/{rel}","templated":true}]}}