{"id":7008,"date":"2014-06-06T00:20:50","date_gmt":"2014-06-05T22:20:50","guid":{"rendered":"https:\/\/www.arty-nails.org\/web_shop\/product\/promed-4030-sx-x-2-nova-poboljanja-verzija-605\/"},"modified":"2023-04-02T19:20:07","modified_gmt":"2023-04-02T17:20:07","slug":"promed-brusilica-4030-sx2","status":"publish","type":"product","link":"https:\/\/www.arty-nails.org\/web_shop\/proizvod\/promed-brusilica-4030-sx2\/","title":{"rendered":"PROMED BRUSILICA 4030-SX2"},"content":{"rendered":"<p><strong>Nova, pobolj\u0161ana i moderna! <\/strong><\/p>\n<p>Promed 4030-SX2 &#8211; rad Vam nikada nije pru\u017eio toliko zadovoljstva. Nastavak poznate brusilice &#8220;Promed 4030 SX&#8221; karakterizira neobi\u010dan, moderan dizajn, opremljena sa laganom ru\u010dicom i vrlo velikom filter vre\u0107icom. Tijekom rada fina pra\u0161ina se usisava izravno u ru\u010dicu, kako&nbsp; nebi ugrozila Va\u0161e zdravlje. Za prakti\u010dan rad i pra\u010denje usisne cijevi zadu\u017een je na\u0161 jedinstveni nosa\u010d na ur\u0111aju. Biti \u0107ete impresionirani ovim proizvodom.<\/p>\n<p><strong>Nove zna\u010dajke:<\/strong><\/p>\n<ul style=\"list-style-type: disc;\">\n<li>Visoko efektivno kontinuirano upravljanje usisnog kapaciteta<\/li>\n<li>Indikator zamjene filtera na ekranu<\/li>\n<li>Vrlo jednostavna upotreba zahvaljuju\u010di mekanim tipkama<\/li>\n<li>Temperaturna za\u0161tita ure\u0111aja<\/li>\n<\/ul>\n<p><strong>&nbsp;Informacije o proizvodu:<\/strong><\/p>\n<ul style=\"list-style-type: disc;\">\n<li>Membranska tipkovnica (soft tipke) s digitalnim ekranom<\/li>\n<li>3 memorijske tipke za programiranje pojedine brzine<\/li>\n<li>Prikaz kada treba mijenjati filter vre\u0107icu<\/li>\n<li>Temperaturna za\u0161tita ure\u0111aja<\/li>\n<li>Kontinuirana regulacija okretaja do 30.000 okr \/ min. (Naprijed \/ natrag)&nbsp; &nbsp;<\/li>\n<li>Jak usisni kapacitet (kontinuirano podesiva turbina snage 350 W )<\/li>\n<li>Vrlo laka ergonomska ru\u010dica (95g) sa stand-by prekida\u010dem<\/li>\n<li>Felxibilna usisna cijev sa nosa\u010dem<\/li>\n<li>Uklju\u010duje: 5 + 1 filter vre\u0107icu (14x8cm), lako zamijenjive, otporne na kidanje<\/li>\n<li>Uklju\u010duje: dr\u017ea\u010d ru\u010dice<\/li>\n<li>Opcija: papu\u010dica (ON \/ OFF)<\/li>\n<li>Proizvedeno u Njema\u010dkoj<\/li>\n<\/ul>\n<p><strong>&nbsp;Sadr\u017eaj pakovanja:<\/strong><\/p>\n<ul style=\"list-style-type: disc;\">\n<li>Kontrolna jedinica<\/li>\n<li>Ru\u010dica sa Mikromotorom<\/li>\n<li>Nosa\u010d ru\u010dice<\/li>\n<li>Nosa\u010d usisne cijevi<\/li>\n<li>Alat za&nbsp;\u010di\u0161\u0107enje ovratnika&nbsp;ru\u010dice<\/li>\n<li>Jedna filter&nbsp;vre\u0107ica u&nbsp;ure\u0111aju i 5 dodatnih&nbsp;vre\u0107ica<\/li>\n<\/ul>\n<p><strong>&nbsp;Tehni\u010dki podaci:<\/strong><\/p>\n<ul style=\"list-style-type: disc;\">\n<li>Dimenzije (\u0160 x V x D) 225 x 170 x 230 mm<\/li>\n<li>Te\u017eina cca 2.6 kg<\/li>\n<li>Napajanje: 230V \/ 50Hz, 350VA, (dostupno: 115 V \/ 60 Hz, 350 VA)&nbsp;<\/li>\n<li>Turbina: 350 W<\/li>\n<li>Razina buke: 62 dB<\/li>\n<li>Brzina do 30.000 okr \/ min.<\/li>\n<\/ul>\n","protected":false},"excerpt":{"rendered":"<p>Nova, pobolj\u0161ana i moderna! Promed 4030-SX2 &#8211; rad Vam nikada nije pru\u017eio toliko zadovoljstva. Nastavak poznate brusilice &#8220;Promed 4030 SX&#8221; karakterizira neobi\u010dan, moderan dizajn, opremljena sa laganom ru\u010dicom i vrlo velikom filter vre\u0107icom. Tijekom rada fina pra\u0161ina se usisava izravno u ru\u010dicu, kako&nbsp; nebi ugrozila Va\u0161e zdravlje. Za prakti\u010dan rad i pra\u010denje usisne cijevi zadu\u017een [&hellip;]<\/p>\n","protected":false},"featured_media":7003,"comment_status":"closed","ping_status":"closed","template":"","meta":[],"product_brand":[53],"product_cat":[93],"product_tag":[],"class_list":{"0":"post-7008","1":"product","2":"type-product","3":"status-publish","4":"has-post-thumbnail","6":"product_brand-promed","7":"product_cat-brusilice-freze","9":"first","10":"instock","11":"shipping-taxable","12":"purchasable","13":"product-type-simple"},"_links":{"self":[{"href":"https:\/\/www.arty-nails.org\/web_shop\/wp-json\/wp\/v2\/product\/7008","targetHints":{"allow":["GET"]}}],"collection":[{"href":"https:\/\/www.arty-nails.org\/web_shop\/wp-json\/wp\/v2\/product"}],"about":[{"href":"https:\/\/www.arty-nails.org\/web_shop\/wp-json\/wp\/v2\/types\/product"}],"replies":[{"embeddable":true,"href":"https:\/\/www.arty-nails.org\/web_shop\/wp-json\/wp\/v2\/comments?post=7008"}],"wp:featuredmedia":[{"embeddable":true,"href":"https:\/\/www.arty-nails.org\/web_shop\/wp-json\/wp\/v2\/media\/7003"}],"wp:attachment":[{"href":"https:\/\/www.arty-nails.org\/web_shop\/wp-json\/wp\/v2\/media?parent=7008"}],"wp:term":[{"taxonomy":"product_brand","embeddable":true,"href":"https:\/\/www.arty-nails.org\/web_shop\/wp-json\/wp\/v2\/product_brand?post=7008"},{"taxonomy":"product_cat","embeddable":true,"href":"https:\/\/www.arty-nails.org\/web_shop\/wp-json\/wp\/v2\/product_cat?post=7008"},{"taxonomy":"product_tag","embeddable":true,"href":"https:\/\/www.arty-nails.org\/web_shop\/wp-json\/wp\/v2\/product_tag?post=7008"}],"curies":[{"name":"wp","href":"https:\/\/api.w.org\/{rel}","templated":true}]}}