{"id":7013,"date":"2014-06-06T00:10:50","date_gmt":"2014-06-05T22:10:50","guid":{"rendered":"https:\/\/www.arty-nails.org\/web_shop\/product\/promed-5040-606\/"},"modified":"2024-01-05T16:57:46","modified_gmt":"2024-01-05T15:57:46","slug":"promed-brusilica-5040-sx","status":"publish","type":"product","link":"https:\/\/www.arty-nails.org\/web_shop\/proizvod\/promed-brusilica-5040-sx\/","title":{"rendered":"PROMED BRUSILICA 5040 SX"},"content":{"rendered":"<p><strong>romNovi model sa novim znacajkama!<\/strong><\/p>\n<ul>\n<li>Moderan kompaktan sprej ure\u0111aj visokih performansi, lagan i sa vrlo velikim spremnikom vode.<\/li>\n<li>Idealno za njegu stopala u ku\u0107i i pogodan za transport<\/li>\n<\/ul>\n<p><strong>Informacije o proizvodu: <\/strong><\/p>\n<ul style=\"list-style-type: disc;\">\n<li>4 memorijske tipke za individualne programe brzina vrtnje<\/li>\n<li>Sna\u017ena mikro pumpa za najfinije prskanja (podesivo)<\/li>\n<li>Ergonomska ru\u010dka s integriranom rashladnom prskalicom<\/li>\n<li><strong>Automatsko \u010di\u0161\u0107enje mlaznice prilikom paljnja i ga\u0161enja <\/strong><\/li>\n<li><strong>Automatsko&nbsp;\u010di\u0161\u0107enje pumpe<\/strong><\/li>\n<li>Jaka snaga motora pri niskim brzinama<\/li>\n<li>Za\u0161tita od preoptere\u0107enja motora ru\u010dice<\/li>\n<li>Stand-by prekida\u010d za sve funkcije<\/li>\n<li>Spremnici za vodu (410 ml) &#8211; lako punjenje kroz plug-in sustav<\/li>\n<li>Opcija: Papu\u010dica za nogu (on \/ off) i elektron\u010dika rocker papu\u010dica<\/li>\n<\/ul>\n<p><strong>Tehni\u010dki podaci: <\/strong><\/p>\n<ul style=\"list-style-type: disc;\">\n<li>Napajanje: 115V ~ \/ 230V ~, 50 Hz \/ 60 Hz, 105 W<\/li>\n<li>Dimenzije: 207 x 163 x 245 mm (dx\u0161x v)<\/li>\n<li>Performance:&nbsp; Ru\u010dica 100 Watt<\/li>\n<li>Kapacitet pumpe: 550 mbar; 6ml\/min<\/li>\n<li>Te\u017eina:&nbsp; Ru\u010dica 112 g, ukupna te\u017eina&nbsp;ure\u0111aja 3.2 kg<\/li>\n<li>Broj okretaja: do 40.000 rpm<\/li>\n<li>Upotreba: za umjetne nokte i pedikuru<\/li>\n<\/ul>\n","protected":false},"excerpt":{"rendered":"<p>romNovi model sa novim znacajkama! Moderan kompaktan sprej ure\u0111aj visokih performansi, lagan i sa vrlo velikim spremnikom vode. Idealno za njegu stopala u ku\u0107i i pogodan za transport Informacije o proizvodu: 4 memorijske tipke za individualne programe brzina vrtnje Sna\u017ena mikro pumpa za najfinije prskanja (podesivo) Ergonomska ru\u010dka s integriranom rashladnom prskalicom Automatsko \u010di\u0161\u0107enje mlaznice [&hellip;]<\/p>\n","protected":false},"featured_media":7009,"comment_status":"closed","ping_status":"closed","template":"","meta":[],"product_brand":[53],"product_cat":[93],"product_tag":[],"class_list":{"0":"post-7013","1":"product","2":"type-product","3":"status-publish","4":"has-post-thumbnail","6":"product_brand-promed","7":"product_cat-brusilice-freze","9":"first","10":"instock","11":"shipping-taxable","12":"purchasable","13":"product-type-simple"},"_links":{"self":[{"href":"https:\/\/www.arty-nails.org\/web_shop\/wp-json\/wp\/v2\/product\/7013","targetHints":{"allow":["GET"]}}],"collection":[{"href":"https:\/\/www.arty-nails.org\/web_shop\/wp-json\/wp\/v2\/product"}],"about":[{"href":"https:\/\/www.arty-nails.org\/web_shop\/wp-json\/wp\/v2\/types\/product"}],"replies":[{"embeddable":true,"href":"https:\/\/www.arty-nails.org\/web_shop\/wp-json\/wp\/v2\/comments?post=7013"}],"wp:featuredmedia":[{"embeddable":true,"href":"https:\/\/www.arty-nails.org\/web_shop\/wp-json\/wp\/v2\/media\/7009"}],"wp:attachment":[{"href":"https:\/\/www.arty-nails.org\/web_shop\/wp-json\/wp\/v2\/media?parent=7013"}],"wp:term":[{"taxonomy":"product_brand","embeddable":true,"href":"https:\/\/www.arty-nails.org\/web_shop\/wp-json\/wp\/v2\/product_brand?post=7013"},{"taxonomy":"product_cat","embeddable":true,"href":"https:\/\/www.arty-nails.org\/web_shop\/wp-json\/wp\/v2\/product_cat?post=7013"},{"taxonomy":"product_tag","embeddable":true,"href":"https:\/\/www.arty-nails.org\/web_shop\/wp-json\/wp\/v2\/product_tag?post=7013"}],"curies":[{"name":"wp","href":"https:\/\/api.w.org\/{rel}","templated":true}]}}