{"id":7034,"date":"2014-06-16T22:02:00","date_gmt":"2014-06-16T20:02:00","guid":{"rendered":"https:\/\/www.arty-nails.org\/web_shop\/product\/promed-etka-od-messinga-198910-614\/"},"modified":"2026-02-02T10:18:42","modified_gmt":"2026-02-02T09:18:42","slug":"cetka-od-messinga-198910-0558","status":"publish","type":"product","link":"https:\/\/www.arty-nails.org\/web_shop\/proizvod\/cetka-od-messinga-198910-0558\/","title":{"rendered":"\u010cETKA OD MESSINGA  198910 &#8211; 0558"},"content":{"rendered":"<p>Ova \u010detka slu\u017ei za \u010di\u0161\u0107enje brusnih nastavaka. Brzo i efikasno uklanja ostatke materijala i mrtve ko\u017ee.<\/p>\n","protected":false},"excerpt":{"rendered":"<p>Ova \u010detka slu\u017ei za \u010di\u0161\u0107enje brusnih nastavaka. Brzo i efikasno uklanja ostatke materijala i mrtve ko\u017ee.<\/p>\n","protected":false},"featured_media":20870,"comment_status":"closed","ping_status":"closed","template":"","meta":[],"product_brand":[53],"product_cat":[267],"product_tag":[],"class_list":{"0":"post-7034","1":"product","2":"type-product","3":"status-publish","4":"has-post-thumbnail","6":"product_brand-promed","7":"product_cat-abrazivi-nastavci-za-poliranje-i-ciscenje","9":"first","10":"instock","11":"shipping-taxable","12":"purchasable","13":"product-type-simple"},"_links":{"self":[{"href":"https:\/\/www.arty-nails.org\/web_shop\/wp-json\/wp\/v2\/product\/7034","targetHints":{"allow":["GET"]}}],"collection":[{"href":"https:\/\/www.arty-nails.org\/web_shop\/wp-json\/wp\/v2\/product"}],"about":[{"href":"https:\/\/www.arty-nails.org\/web_shop\/wp-json\/wp\/v2\/types\/product"}],"replies":[{"embeddable":true,"href":"https:\/\/www.arty-nails.org\/web_shop\/wp-json\/wp\/v2\/comments?post=7034"}],"wp:featuredmedia":[{"embeddable":true,"href":"https:\/\/www.arty-nails.org\/web_shop\/wp-json\/wp\/v2\/media\/20870"}],"wp:attachment":[{"href":"https:\/\/www.arty-nails.org\/web_shop\/wp-json\/wp\/v2\/media?parent=7034"}],"wp:term":[{"taxonomy":"product_brand","embeddable":true,"href":"https:\/\/www.arty-nails.org\/web_shop\/wp-json\/wp\/v2\/product_brand?post=7034"},{"taxonomy":"product_cat","embeddable":true,"href":"https:\/\/www.arty-nails.org\/web_shop\/wp-json\/wp\/v2\/product_cat?post=7034"},{"taxonomy":"product_tag","embeddable":true,"href":"https:\/\/www.arty-nails.org\/web_shop\/wp-json\/wp\/v2\/product_tag?post=7034"}],"curies":[{"name":"wp","href":"https:\/\/api.w.org\/{rel}","templated":true}]}}