{"id":7090,"date":"2014-12-11T00:08:48","date_gmt":"2014-12-10T23:08:48","guid":{"rendered":"https:\/\/www.arty-nails.org\/web_shop\/product\/gel-u-boji-i-french-gel-white-queen-5-ml-679\/"},"modified":"2025-08-10T20:30:43","modified_gmt":"2025-08-10T18:30:43","slug":"gel-u-boji-i-french-gel-white-queen-5-ml","status":"publish","type":"product","link":"https:\/\/www.arty-nails.org\/web_shop\/proizvod\/gel-u-boji-i-french-gel-white-queen-5-ml\/","title":{"rendered":"GEL U BOJI I FRENCH GEL WHITE QUEEN 5 ml (TPO free)"},"content":{"rendered":"<p>Odlike \u2013 visoka kvaliteta \u2013 visoka pigmentiranost \u2013 mogu\u0107nost me\u0111usobnog mije\u0161anja boja \u2013 kremasta tekstura \u2013 visoki sjaj \u2013 uv i led su\u0161enje \u2013 savr\u0161eni za nail art crtanje \u2013 made in EU<\/p>\n<p>Su\u0161enje 1 min LED lampa ili 2 min Uv lampa.<\/p>\n","protected":false},"excerpt":{"rendered":"<p>Odlike \u2013 visoka kvaliteta \u2013 visoka pigmentiranost \u2013 mogu\u0107nost me\u0111usobnog mije\u0161anja boja \u2013 kremasta tekstura \u2013 visoki sjaj \u2013 uv i led su\u0161enje \u2013 savr\u0161eni za nail art crtanje \u2013 made in EU Su\u0161enje 1 min LED lampa ili 2 min Uv lampa.<\/p>\n","protected":false},"featured_media":6497,"comment_status":"closed","ping_status":"closed","template":"","meta":[],"product_brand":[55],"product_cat":[86,142],"product_tag":[],"class_list":{"0":"post-7090","1":"product","2":"type-product","3":"status-publish","4":"has-post-thumbnail","6":"product_brand-arty-nails","7":"product_cat-arty-nails-gelovi-u-boji-za-french-i-nail-art","8":"product_cat-gelovi-u-boji-za-french-i-nail-art","10":"first","11":"instock","12":"shipping-taxable","13":"purchasable","14":"product-type-simple"},"_links":{"self":[{"href":"https:\/\/www.arty-nails.org\/web_shop\/wp-json\/wp\/v2\/product\/7090","targetHints":{"allow":["GET"]}}],"collection":[{"href":"https:\/\/www.arty-nails.org\/web_shop\/wp-json\/wp\/v2\/product"}],"about":[{"href":"https:\/\/www.arty-nails.org\/web_shop\/wp-json\/wp\/v2\/types\/product"}],"replies":[{"embeddable":true,"href":"https:\/\/www.arty-nails.org\/web_shop\/wp-json\/wp\/v2\/comments?post=7090"}],"wp:featuredmedia":[{"embeddable":true,"href":"https:\/\/www.arty-nails.org\/web_shop\/wp-json\/wp\/v2\/media\/6497"}],"wp:attachment":[{"href":"https:\/\/www.arty-nails.org\/web_shop\/wp-json\/wp\/v2\/media?parent=7090"}],"wp:term":[{"taxonomy":"product_brand","embeddable":true,"href":"https:\/\/www.arty-nails.org\/web_shop\/wp-json\/wp\/v2\/product_brand?post=7090"},{"taxonomy":"product_cat","embeddable":true,"href":"https:\/\/www.arty-nails.org\/web_shop\/wp-json\/wp\/v2\/product_cat?post=7090"},{"taxonomy":"product_tag","embeddable":true,"href":"https:\/\/www.arty-nails.org\/web_shop\/wp-json\/wp\/v2\/product_tag?post=7090"}],"curies":[{"name":"wp","href":"https:\/\/api.w.org\/{rel}","templated":true}]}}