{"id":7134,"date":"2019-12-02T15:20:22","date_gmt":"2019-12-02T14:20:22","guid":{"rendered":"https:\/\/www.arty-nails.org\/web_shop\/product\/arty-nails-superior-bonder-15-ml\/"},"modified":"2026-02-02T09:57:08","modified_gmt":"2026-02-02T08:57:08","slug":"arty-nails-superior-bonder-15-ml","status":"publish","type":"product","link":"https:\/\/www.arty-nails.org\/web_shop\/proizvod\/arty-nails-superior-bonder-15-ml\/","title":{"rendered":"ARTY NAILS SUPERIOR BONDER 10 ml"},"content":{"rendered":"<p>Kako i samo ime ka\u017ee, ovo je na\u0161 superioran proizvod koji \u0107e uz na\u0161e baze s u\u010dvr\u0161\u0107iva\u010dima noktiju dodatno u\u010dvrstiti i bolje povezati umjetni materijal s va\u0161im prirodnim noktom kako ne bi do\u0161lo do odizanja. Ovaj bonder djeluje kao ljepilo izme\u0111u prirodnog nokta i umjetnih materijala.<\/p>\n<p>Nakon matiranja plo\u010de nokta i nano\u0161enja dehidratora nanesite Superior bonder koji se su\u0161i na zraku. Nakon njega nanesite bazni gel bilo da se radi o Arty Nails Base gelu s biotinom za u\u010dvr\u0161\u0107ivanje nokta ili Repair Doctor fiber bazi s \u010desticama svile za o\u0161te\u0107ene i lomljive nokte.<\/p>\n<ul>\n<li>za bolje prianjanje gela\/akrila\/polygela na prirodni nokat<\/li>\n<li>sprje\u010dava odizanje gela\/akrila\/polygela<\/li>\n<li>ne sadr\u017ei kiseline<\/li>\n<li>obvezan je kao podloga i nanosi se nakon dehidratora<\/li>\n<li>dovoljno je nanijeti manju koli\u010dinu<\/li>\n<li>su\u0161i se na zraku<\/li>\n<li>\u0161titi nokte od poroznosti gela<\/li>\n<\/ul>\n","protected":false},"excerpt":{"rendered":"<p>Kako i samo ime ka\u017ee, ovo je na\u0161 superioran proizvod koji \u0107e uz na\u0161e baze s u\u010dvr\u0161\u0107iva\u010dima noktiju dodatno u\u010dvrstiti i bolje povezati umjetni materijal s va\u0161im prirodnim noktom kako ne bi do\u0161lo do odizanja. Ovaj bonder djeluje kao ljepilo izme\u0111u prirodnog nokta i umjetnih materijala. Nakon matiranja plo\u010de nokta i nano\u0161enja dehidratora nanesite Superior [&hellip;]<\/p>\n","protected":false},"featured_media":6493,"comment_status":"closed","ping_status":"closed","template":"","meta":[],"product_brand":[55],"product_cat":[143,136],"product_tag":[],"class_list":{"0":"post-7134","1":"product","2":"type-product","3":"status-publish","4":"has-post-thumbnail","6":"product_brand-arty-nails","7":"product_cat-arty-nails-tekucine","8":"product_cat-pripremne-tekucine","10":"first","11":"instock","12":"shipping-taxable","13":"purchasable","14":"product-type-simple"},"_links":{"self":[{"href":"https:\/\/www.arty-nails.org\/web_shop\/wp-json\/wp\/v2\/product\/7134","targetHints":{"allow":["GET"]}}],"collection":[{"href":"https:\/\/www.arty-nails.org\/web_shop\/wp-json\/wp\/v2\/product"}],"about":[{"href":"https:\/\/www.arty-nails.org\/web_shop\/wp-json\/wp\/v2\/types\/product"}],"replies":[{"embeddable":true,"href":"https:\/\/www.arty-nails.org\/web_shop\/wp-json\/wp\/v2\/comments?post=7134"}],"wp:featuredmedia":[{"embeddable":true,"href":"https:\/\/www.arty-nails.org\/web_shop\/wp-json\/wp\/v2\/media\/6493"}],"wp:attachment":[{"href":"https:\/\/www.arty-nails.org\/web_shop\/wp-json\/wp\/v2\/media?parent=7134"}],"wp:term":[{"taxonomy":"product_brand","embeddable":true,"href":"https:\/\/www.arty-nails.org\/web_shop\/wp-json\/wp\/v2\/product_brand?post=7134"},{"taxonomy":"product_cat","embeddable":true,"href":"https:\/\/www.arty-nails.org\/web_shop\/wp-json\/wp\/v2\/product_cat?post=7134"},{"taxonomy":"product_tag","embeddable":true,"href":"https:\/\/www.arty-nails.org\/web_shop\/wp-json\/wp\/v2\/product_tag?post=7134"}],"curies":[{"name":"wp","href":"https:\/\/api.w.org\/{rel}","templated":true}]}}