{"id":7172,"date":"2015-05-17T19:46:50","date_gmt":"2015-05-17T17:46:50","guid":{"rendered":"https:\/\/www.arty-nails.org\/web_shop\/product\/mollon-pro-lak-za-nokte-020-intense-black-15-ml-748\/"},"modified":"2026-02-02T10:00:26","modified_gmt":"2026-02-02T09:00:26","slug":"mollon-pro-lak-za-nokte-20-intense-black-15-ml","status":"publish","type":"product","link":"https:\/\/www.arty-nails.org\/web_shop\/proizvod\/mollon-pro-lak-za-nokte-20-intense-black-15-ml\/","title":{"rendered":"MOLLON PRO LAK ZA NOKTE 20. INTENSE BLACK 15 ml"},"content":{"rendered":"<p>Mollon Pro Professionalni lakovi oboga\u0107eni su komponentom koja u\u010dvr\u0161\u0107uje i produljuje trajnost laka za nokte i do 7 dana. Visoko kvalitetni materijali osiguravaju idealnu konzistenciju laka za nokte. Profesionalan kist savr\u0161eno raspore\u0111uje lak za nokte po plo\u010di nokta.<\/p>\n","protected":false},"excerpt":{"rendered":"<p>Mollon Pro Professionalni lakovi oboga\u0107eni su komponentom koja u\u010dvr\u0161\u0107uje i produljuje trajnost laka za nokte i do 7 dana. Visoko kvalitetni materijali osiguravaju idealnu konzistenciju laka za nokte. Profesionalan kist savr\u0161eno raspore\u0111uje lak za nokte po plo\u010di nokta.<\/p>\n","protected":false},"featured_media":7171,"comment_status":"closed","ping_status":"closed","template":"","meta":[],"product_brand":[56],"product_cat":[88],"product_tag":[],"class_list":{"0":"post-7172","1":"product","2":"type-product","3":"status-publish","4":"has-post-thumbnail","6":"product_brand-mollon-pro","7":"product_cat-lakovi-za-nokte-mollon-pro","9":"first","10":"instock","11":"shipping-taxable","12":"purchasable","13":"product-type-simple"},"_links":{"self":[{"href":"https:\/\/www.arty-nails.org\/web_shop\/wp-json\/wp\/v2\/product\/7172","targetHints":{"allow":["GET"]}}],"collection":[{"href":"https:\/\/www.arty-nails.org\/web_shop\/wp-json\/wp\/v2\/product"}],"about":[{"href":"https:\/\/www.arty-nails.org\/web_shop\/wp-json\/wp\/v2\/types\/product"}],"replies":[{"embeddable":true,"href":"https:\/\/www.arty-nails.org\/web_shop\/wp-json\/wp\/v2\/comments?post=7172"}],"wp:featuredmedia":[{"embeddable":true,"href":"https:\/\/www.arty-nails.org\/web_shop\/wp-json\/wp\/v2\/media\/7171"}],"wp:attachment":[{"href":"https:\/\/www.arty-nails.org\/web_shop\/wp-json\/wp\/v2\/media?parent=7172"}],"wp:term":[{"taxonomy":"product_brand","embeddable":true,"href":"https:\/\/www.arty-nails.org\/web_shop\/wp-json\/wp\/v2\/product_brand?post=7172"},{"taxonomy":"product_cat","embeddable":true,"href":"https:\/\/www.arty-nails.org\/web_shop\/wp-json\/wp\/v2\/product_cat?post=7172"},{"taxonomy":"product_tag","embeddable":true,"href":"https:\/\/www.arty-nails.org\/web_shop\/wp-json\/wp\/v2\/product_tag?post=7172"}],"curies":[{"name":"wp","href":"https:\/\/api.w.org\/{rel}","templated":true}]}}