{"id":7268,"date":"2015-05-25T23:14:54","date_gmt":"2015-05-25T21:14:54","guid":{"rendered":"https:\/\/www.arty-nails.org\/web_shop\/product\/mollon-pro-uv-remover-odstranjiva-trajnog-laka-175-ml-804\/"},"modified":"2026-02-02T09:57:52","modified_gmt":"2026-02-02T08:57:52","slug":"mollon-pro-uv-remover-odstranjiva-trajnog-laka-175-ml-804","status":"publish","type":"product","link":"https:\/\/www.arty-nails.org\/web_shop\/proizvod\/mollon-pro-uv-remover-odstranjiva-trajnog-laka-175-ml-804\/","title":{"rendered":"MOLLON PRO UV REMOVER (ODSTRANJIVA\u010c TRAJNOG LAKA) 175 ml"},"content":{"rendered":"<p>Profesionalna teku\u0107ina za odstranjivanje umjetnog materijala kao \u0161to je trajni lak (UV\/LED) ili akril bez su\u0161enja plo\u010de nokta. Posebna formula bazirana na acetonu i ricinusovom ulju s dodatkom silikonskih komponenti omogu\u0107ava u\u010dinkovito i br\u017ee uklanjanje umjetnog materijala i \u0161titi plo\u010du nokta. Aktivni sastojci sadr\u017eani u teku\u0107ini intenzivno \u0161tite nokat od pretjeranog isu\u0161ivanja te sprje\u010davaju krhkost i lomljivost plo\u010de nokta. Poma\u017ee u \u010duvanju prirodnog sebuma i izgleda nokta. Ostavlja ugodan miris badema.<\/p>\n<p>Uporaba:\u00a0Za\u0161titite ko\u017eu oko noktiju uljem za zanoktice. Namo\u010dite blazinice removerom, stavite ih na nokte i zamotajte aluminijskom folijom. Nakon nekoliko minuta (du\u017eina dr\u017eanja ovisi o dizajnu) skinite folije i blazinice s noktiju te uklonite otopljeni materijal poguriva\u010dem.<\/p>\n","protected":false},"excerpt":{"rendered":"<p>Profesionalna teku\u0107ina za odstranjivanje umjetnog materijala kao \u0161to je trajni lak (UV\/LED) ili akril bez su\u0161enja plo\u010de nokta. Posebna formula bazirana na acetonu i ricinusovom ulju s dodatkom silikonskih komponenti omogu\u0107ava u\u010dinkovito i br\u017ee uklanjanje umjetnog materijala i \u0161titi plo\u010du nokta. Aktivni sastojci sadr\u017eani u teku\u0107ini intenzivno \u0161tite nokat od pretjeranog isu\u0161ivanja te sprje\u010davaju krhkost [&hellip;]<\/p>\n","protected":false},"featured_media":7267,"comment_status":"closed","ping_status":"closed","template":"","meta":[],"product_brand":[56],"product_cat":[175],"product_tag":[],"class_list":{"0":"post-7268","1":"product","2":"type-product","3":"status-publish","4":"has-post-thumbnail","6":"product_brand-mollon-pro","7":"product_cat-cleaneri-i-odstranjivaci","9":"first","10":"instock","11":"shipping-taxable","12":"purchasable","13":"product-type-simple"},"_links":{"self":[{"href":"https:\/\/www.arty-nails.org\/web_shop\/wp-json\/wp\/v2\/product\/7268","targetHints":{"allow":["GET"]}}],"collection":[{"href":"https:\/\/www.arty-nails.org\/web_shop\/wp-json\/wp\/v2\/product"}],"about":[{"href":"https:\/\/www.arty-nails.org\/web_shop\/wp-json\/wp\/v2\/types\/product"}],"replies":[{"embeddable":true,"href":"https:\/\/www.arty-nails.org\/web_shop\/wp-json\/wp\/v2\/comments?post=7268"}],"wp:featuredmedia":[{"embeddable":true,"href":"https:\/\/www.arty-nails.org\/web_shop\/wp-json\/wp\/v2\/media\/7267"}],"wp:attachment":[{"href":"https:\/\/www.arty-nails.org\/web_shop\/wp-json\/wp\/v2\/media?parent=7268"}],"wp:term":[{"taxonomy":"product_brand","embeddable":true,"href":"https:\/\/www.arty-nails.org\/web_shop\/wp-json\/wp\/v2\/product_brand?post=7268"},{"taxonomy":"product_cat","embeddable":true,"href":"https:\/\/www.arty-nails.org\/web_shop\/wp-json\/wp\/v2\/product_cat?post=7268"},{"taxonomy":"product_tag","embeddable":true,"href":"https:\/\/www.arty-nails.org\/web_shop\/wp-json\/wp\/v2\/product_tag?post=7268"}],"curies":[{"name":"wp","href":"https:\/\/api.w.org\/{rel}","templated":true}]}}