{"id":7270,"date":"2015-05-26T23:06:07","date_gmt":"2015-05-26T21:06:07","guid":{"rendered":"https:\/\/www.arty-nails.org\/web_shop\/product\/mollon-pro-dehydrator-nail-prep-175-ml-807\/"},"modified":"2026-02-02T09:57:08","modified_gmt":"2026-02-02T08:57:08","slug":"mollon-pro-dehydrator-nail-prep-175-ml-807","status":"publish","type":"product","link":"https:\/\/www.arty-nails.org\/web_shop\/proizvod\/mollon-pro-dehydrator-nail-prep-175-ml-807\/","title":{"rendered":"MOLLON PRO DEHYDRATOR PRE NAIL PREP 175 ml"},"content":{"rendered":"<p>Proizvod namijenjen profesionalnoj pripremi nokta koji uklanja prirodne masno\u0107e s plo\u010de nokta. Priprema nokat za nano\u0161enje prvog sloja umjetnih materijala. Pove\u0107ava prianjanje materijala tako \u0161to\u00a0u\u010dinkovito uklanja ulja i vlagu s povr\u0161ine nokta.<\/p>\n<p>Uporaba: Namo\u010dite sterilnu blazinicu dehidratorom i temeljito obri\u0161ite nokte.<\/p>\n","protected":false},"excerpt":{"rendered":"<p>Proizvod namijenjen profesionalnoj pripremi nokta koji uklanja prirodne masno\u0107e s plo\u010de nokta. Priprema nokat za nano\u0161enje prvog sloja umjetnih materijala. Pove\u0107ava prianjanje materijala tako \u0161to\u00a0u\u010dinkovito uklanja ulja i vlagu s povr\u0161ine nokta. Uporaba: Namo\u010dite sterilnu blazinicu dehidratorom i temeljito obri\u0161ite nokte.<\/p>\n","protected":false},"featured_media":7269,"comment_status":"closed","ping_status":"closed","template":"","meta":[],"product_brand":[56],"product_cat":[136],"product_tag":[],"class_list":{"0":"post-7270","1":"product","2":"type-product","3":"status-publish","4":"has-post-thumbnail","6":"product_brand-mollon-pro","7":"product_cat-pripremne-tekucine","9":"first","10":"instock","11":"shipping-taxable","12":"purchasable","13":"product-type-simple"},"_links":{"self":[{"href":"https:\/\/www.arty-nails.org\/web_shop\/wp-json\/wp\/v2\/product\/7270","targetHints":{"allow":["GET"]}}],"collection":[{"href":"https:\/\/www.arty-nails.org\/web_shop\/wp-json\/wp\/v2\/product"}],"about":[{"href":"https:\/\/www.arty-nails.org\/web_shop\/wp-json\/wp\/v2\/types\/product"}],"replies":[{"embeddable":true,"href":"https:\/\/www.arty-nails.org\/web_shop\/wp-json\/wp\/v2\/comments?post=7270"}],"wp:featuredmedia":[{"embeddable":true,"href":"https:\/\/www.arty-nails.org\/web_shop\/wp-json\/wp\/v2\/media\/7269"}],"wp:attachment":[{"href":"https:\/\/www.arty-nails.org\/web_shop\/wp-json\/wp\/v2\/media?parent=7270"}],"wp:term":[{"taxonomy":"product_brand","embeddable":true,"href":"https:\/\/www.arty-nails.org\/web_shop\/wp-json\/wp\/v2\/product_brand?post=7270"},{"taxonomy":"product_cat","embeddable":true,"href":"https:\/\/www.arty-nails.org\/web_shop\/wp-json\/wp\/v2\/product_cat?post=7270"},{"taxonomy":"product_tag","embeddable":true,"href":"https:\/\/www.arty-nails.org\/web_shop\/wp-json\/wp\/v2\/product_tag?post=7270"}],"curies":[{"name":"wp","href":"https:\/\/api.w.org\/{rel}","templated":true}]}}