{"id":7271,"date":"2015-05-26T23:43:54","date_gmt":"2015-05-26T21:43:54","guid":{"rendered":"https:\/\/www.arty-nails.org\/web_shop\/product\/mollon-pro-finish-cleaner-super-shine-175-ml-809\/"},"modified":"2026-02-02T09:57:52","modified_gmt":"2026-02-02T08:57:52","slug":"mollon-pro-finish-cleaner-super-shine-175-ml-809","status":"publish","type":"product","link":"https:\/\/www.arty-nails.org\/web_shop\/proizvod\/mollon-pro-finish-cleaner-super-shine-175-ml-809\/","title":{"rendered":"MOLLON PRO FINISH CLEANER SUPER SHINE 175 ml"},"content":{"rendered":"<p>Profesionalna teku\u0107ina za uklanjanje ljepljivog sloja. Ima ugodan miris badema i daje noktima visoki zavr\u0161ni sjaj.<\/p>\n<p>Uporaba: Nakon su\u0161enja gela\/trajnog laka u UV lampi, namo\u010dite blazinicu cleanerom i obri\u0161ite nokte.<\/p>\n","protected":false},"excerpt":{"rendered":"<p>Profesionalna teku\u0107ina za uklanjanje ljepljivog sloja. Ima ugodan miris badema i daje noktima visoki zavr\u0161ni sjaj. Uporaba: Nakon su\u0161enja gela\/trajnog laka u UV lampi, namo\u010dite blazinicu cleanerom i obri\u0161ite nokte.<\/p>\n","protected":false},"featured_media":6449,"comment_status":"closed","ping_status":"closed","template":"","meta":[],"product_brand":[56],"product_cat":[175],"product_tag":[],"class_list":{"0":"post-7271","1":"product","2":"type-product","3":"status-publish","4":"has-post-thumbnail","6":"product_brand-mollon-pro","7":"product_cat-cleaneri-i-odstranjivaci","9":"first","10":"instock","11":"shipping-taxable","12":"purchasable","13":"product-type-simple"},"_links":{"self":[{"href":"https:\/\/www.arty-nails.org\/web_shop\/wp-json\/wp\/v2\/product\/7271","targetHints":{"allow":["GET"]}}],"collection":[{"href":"https:\/\/www.arty-nails.org\/web_shop\/wp-json\/wp\/v2\/product"}],"about":[{"href":"https:\/\/www.arty-nails.org\/web_shop\/wp-json\/wp\/v2\/types\/product"}],"replies":[{"embeddable":true,"href":"https:\/\/www.arty-nails.org\/web_shop\/wp-json\/wp\/v2\/comments?post=7271"}],"wp:featuredmedia":[{"embeddable":true,"href":"https:\/\/www.arty-nails.org\/web_shop\/wp-json\/wp\/v2\/media\/6449"}],"wp:attachment":[{"href":"https:\/\/www.arty-nails.org\/web_shop\/wp-json\/wp\/v2\/media?parent=7271"}],"wp:term":[{"taxonomy":"product_brand","embeddable":true,"href":"https:\/\/www.arty-nails.org\/web_shop\/wp-json\/wp\/v2\/product_brand?post=7271"},{"taxonomy":"product_cat","embeddable":true,"href":"https:\/\/www.arty-nails.org\/web_shop\/wp-json\/wp\/v2\/product_cat?post=7271"},{"taxonomy":"product_tag","embeddable":true,"href":"https:\/\/www.arty-nails.org\/web_shop\/wp-json\/wp\/v2\/product_tag?post=7271"}],"curies":[{"name":"wp","href":"https:\/\/api.w.org\/{rel}","templated":true}]}}