{"id":7273,"date":"2015-05-31T23:48:33","date_gmt":"2015-05-31T21:48:33","guid":{"rendered":"https:\/\/www.arty-nails.org\/web_shop\/product\/mollon-pro-express-dry-gloss-effect-15-ml-811\/"},"modified":"2026-02-02T09:59:24","modified_gmt":"2026-02-02T08:59:24","slug":"mollon-pro-express-dry-gloss-effect-15-ml","status":"publish","type":"product","link":"https:\/\/www.arty-nails.org\/web_shop\/proizvod\/mollon-pro-express-dry-gloss-effect-15-ml\/","title":{"rendered":"MOLLON PRO EXPRESS DRY GLOSS EFFECT 15 ml"},"content":{"rendered":"<p>Ovaj proizvod ubrzava su\u0161enje laka za nokte te time smanjuje vrijeme trajanja manikure. Pa\u017eljivo birani sastojci osiguravanju vrlo visok zavr\u0161ni sjaj nokta.<\/p>\n","protected":false},"excerpt":{"rendered":"<p>Ovaj proizvod ubrzava su\u0161enje laka za nokte te time smanjuje vrijeme trajanja manikure. Pa\u017eljivo birani sastojci osiguravanju vrlo visok zavr\u0161ni sjaj nokta.<\/p>\n","protected":false},"featured_media":7272,"comment_status":"closed","ping_status":"closed","template":"","meta":[],"product_brand":[56],"product_cat":[90],"product_tag":[],"class_list":{"0":"post-7273","1":"product","2":"type-product","3":"status-publish","4":"has-post-thumbnail","6":"product_brand-mollon-pro","7":"product_cat-baze-i-zavrsni-sjajevi-za-klasicni-lak-mollon-pro","9":"first","10":"instock","11":"shipping-taxable","12":"purchasable","13":"product-type-simple"},"_links":{"self":[{"href":"https:\/\/www.arty-nails.org\/web_shop\/wp-json\/wp\/v2\/product\/7273","targetHints":{"allow":["GET"]}}],"collection":[{"href":"https:\/\/www.arty-nails.org\/web_shop\/wp-json\/wp\/v2\/product"}],"about":[{"href":"https:\/\/www.arty-nails.org\/web_shop\/wp-json\/wp\/v2\/types\/product"}],"replies":[{"embeddable":true,"href":"https:\/\/www.arty-nails.org\/web_shop\/wp-json\/wp\/v2\/comments?post=7273"}],"wp:featuredmedia":[{"embeddable":true,"href":"https:\/\/www.arty-nails.org\/web_shop\/wp-json\/wp\/v2\/media\/7272"}],"wp:attachment":[{"href":"https:\/\/www.arty-nails.org\/web_shop\/wp-json\/wp\/v2\/media?parent=7273"}],"wp:term":[{"taxonomy":"product_brand","embeddable":true,"href":"https:\/\/www.arty-nails.org\/web_shop\/wp-json\/wp\/v2\/product_brand?post=7273"},{"taxonomy":"product_cat","embeddable":true,"href":"https:\/\/www.arty-nails.org\/web_shop\/wp-json\/wp\/v2\/product_cat?post=7273"},{"taxonomy":"product_tag","embeddable":true,"href":"https:\/\/www.arty-nails.org\/web_shop\/wp-json\/wp\/v2\/product_tag?post=7273"}],"curies":[{"name":"wp","href":"https:\/\/api.w.org\/{rel}","templated":true}]}}