{"id":7275,"date":"2015-05-31T23:44:55","date_gmt":"2015-05-31T21:44:55","guid":{"rendered":"https:\/\/www.arty-nails.org\/web_shop\/product\/mollon-pro-base-coat-nail-repair-15-ml-812\/"},"modified":"2026-02-02T09:59:24","modified_gmt":"2026-02-02T08:59:24","slug":"mollon-pro-base-coat-nail-repair-15-ml","status":"publish","type":"product","link":"https:\/\/www.arty-nails.org\/web_shop\/proizvod\/mollon-pro-base-coat-nail-repair-15-ml\/","title":{"rendered":"MOLLON PRO BASE COAT NAIL REPAIR 15 ml"},"content":{"rendered":"<p>Ovaj proizvod \u010dini nokte ja\u010dima, istovremeno ih ostavljaju\u0107i elasti\u010dnima i fleksibilnima. Njegova formula stimulira rast prirodnih noktiju. Sadr\u017ei metionin koji brzo i efikasno oja\u010dava lomljive, krhke i nokte koji se listaju te ih priprema za sljede\u0107i korak manikure. Sadr\u017ei dodatke UV filtera koji \u0161tite od sun\u010devog zra\u010denja. Pove\u0107ava prianjanje laka za plo\u010du nokta.<\/p>\n","protected":false},"excerpt":{"rendered":"<p>Ovaj proizvod \u010dini nokte ja\u010dima, istovremeno ih ostavljaju\u0107i elasti\u010dnima i fleksibilnima. Njegova formula stimulira rast prirodnih noktiju. Sadr\u017ei metionin koji brzo i efikasno oja\u010dava lomljive, krhke i nokte koji se listaju te ih priprema za sljede\u0107i korak manikure. Sadr\u017ei dodatke UV filtera koji \u0161tite od sun\u010devog zra\u010denja. Pove\u0107ava prianjanje laka za plo\u010du nokta.<\/p>\n","protected":false},"featured_media":7274,"comment_status":"closed","ping_status":"closed","template":"","meta":[],"product_brand":[56],"product_cat":[90],"product_tag":[],"class_list":{"0":"post-7275","1":"product","2":"type-product","3":"status-publish","4":"has-post-thumbnail","6":"product_brand-mollon-pro","7":"product_cat-baze-i-zavrsni-sjajevi-za-klasicni-lak-mollon-pro","9":"first","10":"instock","11":"shipping-taxable","12":"purchasable","13":"product-type-simple"},"_links":{"self":[{"href":"https:\/\/www.arty-nails.org\/web_shop\/wp-json\/wp\/v2\/product\/7275","targetHints":{"allow":["GET"]}}],"collection":[{"href":"https:\/\/www.arty-nails.org\/web_shop\/wp-json\/wp\/v2\/product"}],"about":[{"href":"https:\/\/www.arty-nails.org\/web_shop\/wp-json\/wp\/v2\/types\/product"}],"replies":[{"embeddable":true,"href":"https:\/\/www.arty-nails.org\/web_shop\/wp-json\/wp\/v2\/comments?post=7275"}],"wp:featuredmedia":[{"embeddable":true,"href":"https:\/\/www.arty-nails.org\/web_shop\/wp-json\/wp\/v2\/media\/7274"}],"wp:attachment":[{"href":"https:\/\/www.arty-nails.org\/web_shop\/wp-json\/wp\/v2\/media?parent=7275"}],"wp:term":[{"taxonomy":"product_brand","embeddable":true,"href":"https:\/\/www.arty-nails.org\/web_shop\/wp-json\/wp\/v2\/product_brand?post=7275"},{"taxonomy":"product_cat","embeddable":true,"href":"https:\/\/www.arty-nails.org\/web_shop\/wp-json\/wp\/v2\/product_cat?post=7275"},{"taxonomy":"product_tag","embeddable":true,"href":"https:\/\/www.arty-nails.org\/web_shop\/wp-json\/wp\/v2\/product_tag?post=7275"}],"curies":[{"name":"wp","href":"https:\/\/api.w.org\/{rel}","templated":true}]}}