{"id":7277,"date":"2015-05-29T10:20:41","date_gmt":"2015-05-29T08:20:41","guid":{"rendered":"https:\/\/www.arty-nails.org\/web_shop\/product\/abrazivne-kapice-za-pedikuru-10-kom-fi-16mm-815\/"},"modified":"2026-02-02T10:18:42","modified_gmt":"2026-02-02T09:18:42","slug":"abrazivne-kapice-za-pedikuru-fi-16-mm-10-kom-0686","status":"publish","type":"product","link":"https:\/\/www.arty-nails.org\/web_shop\/proizvod\/abrazivne-kapice-za-pedikuru-fi-16-mm-10-kom-0686\/","title":{"rendered":"ABRAZIVNE KAPICE ZA PEDIKURU FI 16 mm 10 kom &#8211; 0686"},"content":{"rendered":"<p>Profesionalne abrazivne kapice (perive) koriste se u pedikuri za uklanjanje mrtve ko\u017ee, suhe ko\u017ee, kalusa i \u017euljeva.<\/p>\n","protected":false},"excerpt":{"rendered":"<p>Profesionalne abrazivne kapice (perive) koriste se u pedikuri za uklanjanje mrtve ko\u017ee, suhe ko\u017ee, kalusa i \u017euljeva.<\/p>\n","protected":false},"featured_media":20871,"comment_status":"closed","ping_status":"closed","template":"","meta":[],"product_brand":[],"product_cat":[266,124],"product_tag":[],"class_list":{"0":"post-7277","1":"product","2":"type-product","3":"status-publish","4":"has-post-thumbnail","6":"product_cat-nastavci-za-pedikuru","7":"product_cat-pribor-za-pedikuru","9":"first","10":"instock","11":"shipping-taxable","12":"purchasable","13":"product-type-simple"},"_links":{"self":[{"href":"https:\/\/www.arty-nails.org\/web_shop\/wp-json\/wp\/v2\/product\/7277","targetHints":{"allow":["GET"]}}],"collection":[{"href":"https:\/\/www.arty-nails.org\/web_shop\/wp-json\/wp\/v2\/product"}],"about":[{"href":"https:\/\/www.arty-nails.org\/web_shop\/wp-json\/wp\/v2\/types\/product"}],"replies":[{"embeddable":true,"href":"https:\/\/www.arty-nails.org\/web_shop\/wp-json\/wp\/v2\/comments?post=7277"}],"wp:featuredmedia":[{"embeddable":true,"href":"https:\/\/www.arty-nails.org\/web_shop\/wp-json\/wp\/v2\/media\/20871"}],"wp:attachment":[{"href":"https:\/\/www.arty-nails.org\/web_shop\/wp-json\/wp\/v2\/media?parent=7277"}],"wp:term":[{"taxonomy":"product_brand","embeddable":true,"href":"https:\/\/www.arty-nails.org\/web_shop\/wp-json\/wp\/v2\/product_brand?post=7277"},{"taxonomy":"product_cat","embeddable":true,"href":"https:\/\/www.arty-nails.org\/web_shop\/wp-json\/wp\/v2\/product_cat?post=7277"},{"taxonomy":"product_tag","embeddable":true,"href":"https:\/\/www.arty-nails.org\/web_shop\/wp-json\/wp\/v2\/product_tag?post=7277"}],"curies":[{"name":"wp","href":"https:\/\/api.w.org\/{rel}","templated":true}]}}