{"id":7288,"date":"2015-06-01T00:04:34","date_gmt":"2015-05-31T22:04:34","guid":{"rendered":"https:\/\/www.arty-nails.org\/web_shop\/product\/mollon-pro-heather-ulje-serum-za-zanoktice-15-ml-826\/"},"modified":"2026-02-02T09:58:45","modified_gmt":"2026-02-02T08:58:45","slug":"mollon-pro-moisturizing-heather-oil-15-ml","status":"publish","type":"product","link":"https:\/\/www.arty-nails.org\/web_shop\/proizvod\/mollon-pro-moisturizing-heather-oil-15-ml\/","title":{"rendered":"MOLLON PRO MOISTURIZING HEATHER OIL 15 ml"},"content":{"rendered":"<p>Ulje za zanoktice s vrijeskom. Intenzivno vla\u017ei i omek\u0161ava zanoktice, pobolj\u0161ava im elasti\u010dnost i sprje\u010dava su\u0161enje i ispucanost ko\u017ee. Hranjivost vrijeska ja\u010da, u\u010dvr\u0161\u0107uje i polira plo\u010du nokta te joj pobolj\u0161ava stanje.<br \/>\nPrimjena:\u00a0Koristite ulje svaki dan. Umasirajte malu koli\u010dinu u nokte i zanoktice.<\/p>\n","protected":false},"excerpt":{"rendered":"<p>Ulje za zanoktice s vrijeskom. Intenzivno vla\u017ei i omek\u0161ava zanoktice, pobolj\u0161ava im elasti\u010dnost i sprje\u010dava su\u0161enje i ispucanost ko\u017ee. Hranjivost vrijeska ja\u010da, u\u010dvr\u0161\u0107uje i polira plo\u010du nokta te joj pobolj\u0161ava stanje. Primjena:\u00a0Koristite ulje svaki dan. Umasirajte malu koli\u010dinu u nokte i zanoktice.<\/p>\n","protected":false},"featured_media":45134,"comment_status":"closed","ping_status":"closed","template":"","meta":[],"product_brand":[56],"product_cat":[135,80],"product_tag":[],"class_list":{"0":"post-7288","1":"product","2":"type-product","3":"status-publish","4":"has-post-thumbnail","6":"product_brand-mollon-pro","7":"product_cat-spa-njega-noktiju","8":"product_cat-ulja-za-zanoktice","10":"first","11":"instock","12":"shipping-taxable","13":"purchasable","14":"product-type-simple"},"_links":{"self":[{"href":"https:\/\/www.arty-nails.org\/web_shop\/wp-json\/wp\/v2\/product\/7288","targetHints":{"allow":["GET"]}}],"collection":[{"href":"https:\/\/www.arty-nails.org\/web_shop\/wp-json\/wp\/v2\/product"}],"about":[{"href":"https:\/\/www.arty-nails.org\/web_shop\/wp-json\/wp\/v2\/types\/product"}],"replies":[{"embeddable":true,"href":"https:\/\/www.arty-nails.org\/web_shop\/wp-json\/wp\/v2\/comments?post=7288"}],"wp:featuredmedia":[{"embeddable":true,"href":"https:\/\/www.arty-nails.org\/web_shop\/wp-json\/wp\/v2\/media\/45134"}],"wp:attachment":[{"href":"https:\/\/www.arty-nails.org\/web_shop\/wp-json\/wp\/v2\/media?parent=7288"}],"wp:term":[{"taxonomy":"product_brand","embeddable":true,"href":"https:\/\/www.arty-nails.org\/web_shop\/wp-json\/wp\/v2\/product_brand?post=7288"},{"taxonomy":"product_cat","embeddable":true,"href":"https:\/\/www.arty-nails.org\/web_shop\/wp-json\/wp\/v2\/product_cat?post=7288"},{"taxonomy":"product_tag","embeddable":true,"href":"https:\/\/www.arty-nails.org\/web_shop\/wp-json\/wp\/v2\/product_tag?post=7288"}],"curies":[{"name":"wp","href":"https:\/\/api.w.org\/{rel}","templated":true}]}}