{"id":7292,"date":"2015-06-01T00:08:19","date_gmt":"2015-05-31T22:08:19","guid":{"rendered":"https:\/\/www.arty-nails.org\/web_shop\/product\/mollon-pro-antibakterijsko-ulje-serum-caledula-15-ml-828\/"},"modified":"2026-02-02T09:58:45","modified_gmt":"2026-02-02T08:58:45","slug":"mollon-pro-softening-antibacterial-calendula-oil-15-ml","status":"publish","type":"product","link":"https:\/\/www.arty-nails.org\/web_shop\/proizvod\/mollon-pro-softening-antibacterial-calendula-oil-15-ml\/","title":{"rendered":"MOLLON PRO SOFTENING ANTIBACTERIAL CALENDULA OIL 15 ml"},"content":{"rendered":"<p>Ulje za zanoktice s nevenom. Intenzivno omek\u0161ava grubu i napuklu ko\u017eu oko noktiju i mekog tkiva. Ulje ima antibakterijsko i protuupalno djelovanje, smiruje iritacije i lije\u010di mikro napukline.<br \/>\nPrimjena:\u00a0Koristite ulje nekoliko puta dnevno. Umasirajte malu koli\u010dinu u zanoktice dok se potpuno ne upije.<\/p>\n","protected":false},"excerpt":{"rendered":"<p>Ulje za zanoktice s nevenom. Intenzivno omek\u0161ava grubu i napuklu ko\u017eu oko noktiju i mekog tkiva. Ulje ima antibakterijsko i protuupalno djelovanje, smiruje iritacije i lije\u010di mikro napukline. Primjena:\u00a0Koristite ulje nekoliko puta dnevno. Umasirajte malu koli\u010dinu u zanoktice dok se potpuno ne upije.<\/p>\n","protected":false},"featured_media":45136,"comment_status":"closed","ping_status":"closed","template":"","meta":[],"product_brand":[56],"product_cat":[135,80],"product_tag":[],"class_list":{"0":"post-7292","1":"product","2":"type-product","3":"status-publish","4":"has-post-thumbnail","6":"product_brand-mollon-pro","7":"product_cat-spa-njega-noktiju","8":"product_cat-ulja-za-zanoktice","10":"first","11":"instock","12":"shipping-taxable","13":"purchasable","14":"product-type-simple"},"_links":{"self":[{"href":"https:\/\/www.arty-nails.org\/web_shop\/wp-json\/wp\/v2\/product\/7292","targetHints":{"allow":["GET"]}}],"collection":[{"href":"https:\/\/www.arty-nails.org\/web_shop\/wp-json\/wp\/v2\/product"}],"about":[{"href":"https:\/\/www.arty-nails.org\/web_shop\/wp-json\/wp\/v2\/types\/product"}],"replies":[{"embeddable":true,"href":"https:\/\/www.arty-nails.org\/web_shop\/wp-json\/wp\/v2\/comments?post=7292"}],"wp:featuredmedia":[{"embeddable":true,"href":"https:\/\/www.arty-nails.org\/web_shop\/wp-json\/wp\/v2\/media\/45136"}],"wp:attachment":[{"href":"https:\/\/www.arty-nails.org\/web_shop\/wp-json\/wp\/v2\/media?parent=7292"}],"wp:term":[{"taxonomy":"product_brand","embeddable":true,"href":"https:\/\/www.arty-nails.org\/web_shop\/wp-json\/wp\/v2\/product_brand?post=7292"},{"taxonomy":"product_cat","embeddable":true,"href":"https:\/\/www.arty-nails.org\/web_shop\/wp-json\/wp\/v2\/product_cat?post=7292"},{"taxonomy":"product_tag","embeddable":true,"href":"https:\/\/www.arty-nails.org\/web_shop\/wp-json\/wp\/v2\/product_tag?post=7292"}],"curies":[{"name":"wp","href":"https:\/\/api.w.org\/{rel}","templated":true}]}}