{"id":7295,"date":"2015-06-01T23:12:15","date_gmt":"2015-06-01T21:12:15","guid":{"rendered":"https:\/\/www.arty-nails.org\/web_shop\/product\/mollon-pro-tekuina-za-uklanjanje-ispucale-koe-s-peta-300-ml-829\/"},"modified":"2026-02-02T10:03:31","modified_gmt":"2026-02-02T09:03:31","slug":"mollon-pro-gel-za-uklanjanje-ispucane-koze-peta-225-ml","status":"publish","type":"product","link":"https:\/\/www.arty-nails.org\/web_shop\/proizvod\/mollon-pro-gel-za-uklanjanje-ispucane-koze-peta-225-ml\/","title":{"rendered":"MOLLON PRO GEL ZA UKLANJANJE ISPUCANE KO\u017dE PETA 225 ml &#8211; crack skin eliminator"},"content":{"rendered":"<p><span lang=\"HR\">Gel za\u00a0uklanjanje jako o\u0161te\u0107ene i ispucane ko\u017ee peta iz Mollon Pro profesionalne linije za njegu stopala, bazirane na prirodnim uljima i pripravcima koji omek\u0161avaju ko\u017eu te joj vra\u0107aju prirodnu vla\u017enost.<\/span><\/p>\n<p><span lang=\"HR\"><span lang=\"HR\">Zahvaljuju\u0107i posebnoj formuli,\u00a0<\/span><\/span>ovaj proizvod u\u010dinkovito omek\u0161ava i poma\u017ee u uklanjanju tvrdog i grubog sloja ko\u017ee peta i stopala. Njegovim kori\u0161tenjem ubrzava se i olak\u0161ava proces pedikure.\u00a0<span lang=\"HR\">Prvi rezultati vidljivi su ve\u0107 nekoliko minuta nakon primjene.\u00a0Redovitom upotrebom sprje\u010dava se nastanak zadebljanih podru\u010dja na ko\u017ei, a pete postaju prirodno glatke i mekane na dodir.\u00a0<\/span><\/p>\n<p>Upute za upotrebu: Namo\u010dite stopala u toploj vodi, a potom ih osu\u0161ite. Nanesite gel na zadebljanu ko\u017eu peta ili na stopala. Ostavite nekoliko minuta, ovisno o debljini grube ko\u017ee. Zatim odstranite vi\u0161ak grube ko\u017ee turpijom za stopala. Nakon toga stopala temeljito isperite vodom.<\/p>\n<p>Upozorenje:\u00a0Nakon upotrebe ostatak pripravka temeljito isperite vodom.\u00a0Gel nanosite samo na grubu ko\u017eu stopala. Izbjegavajte kontakt sa zdravom ko\u017eom.\u00a0 Ako se pojavi peckanje, odmah isperite proizvod s tretiranog podru\u010dja.\u00a0U slu\u010daju kontakta s o\u010dima, odmah isperite s puno vode.<\/p>\n","protected":false},"excerpt":{"rendered":"<p>Gel za\u00a0uklanjanje jako o\u0161te\u0107ene i ispucane ko\u017ee peta iz Mollon Pro profesionalne linije za njegu stopala, bazirane na prirodnim uljima i pripravcima koji omek\u0161avaju ko\u017eu te joj vra\u0107aju prirodnu vla\u017enost. Zahvaljuju\u0107i posebnoj formuli,\u00a0ovaj proizvod u\u010dinkovito omek\u0161ava i poma\u017ee u uklanjanju tvrdog i grubog sloja ko\u017ee peta i stopala. Njegovim kori\u0161tenjem ubrzava se i olak\u0161ava proces [&hellip;]<\/p>\n","protected":false},"featured_media":38666,"comment_status":"closed","ping_status":"closed","template":"","meta":[],"product_brand":[56],"product_cat":[211,127],"product_tag":[],"class_list":{"0":"post-7295","1":"product","2":"type-product","3":"status-publish","4":"has-post-thumbnail","6":"product_brand-mollon-pro","7":"product_cat-njega-i-higijena-stopala","8":"product_cat-spa-njega-stopala","10":"first","11":"instock","12":"shipping-taxable","13":"purchasable","14":"product-type-simple"},"_links":{"self":[{"href":"https:\/\/www.arty-nails.org\/web_shop\/wp-json\/wp\/v2\/product\/7295","targetHints":{"allow":["GET"]}}],"collection":[{"href":"https:\/\/www.arty-nails.org\/web_shop\/wp-json\/wp\/v2\/product"}],"about":[{"href":"https:\/\/www.arty-nails.org\/web_shop\/wp-json\/wp\/v2\/types\/product"}],"replies":[{"embeddable":true,"href":"https:\/\/www.arty-nails.org\/web_shop\/wp-json\/wp\/v2\/comments?post=7295"}],"wp:featuredmedia":[{"embeddable":true,"href":"https:\/\/www.arty-nails.org\/web_shop\/wp-json\/wp\/v2\/media\/38666"}],"wp:attachment":[{"href":"https:\/\/www.arty-nails.org\/web_shop\/wp-json\/wp\/v2\/media?parent=7295"}],"wp:term":[{"taxonomy":"product_brand","embeddable":true,"href":"https:\/\/www.arty-nails.org\/web_shop\/wp-json\/wp\/v2\/product_brand?post=7295"},{"taxonomy":"product_cat","embeddable":true,"href":"https:\/\/www.arty-nails.org\/web_shop\/wp-json\/wp\/v2\/product_cat?post=7295"},{"taxonomy":"product_tag","embeddable":true,"href":"https:\/\/www.arty-nails.org\/web_shop\/wp-json\/wp\/v2\/product_tag?post=7295"}],"curies":[{"name":"wp","href":"https:\/\/api.w.org\/{rel}","templated":true}]}}