{"id":7309,"date":"2015-06-01T23:05:00","date_gmt":"2015-06-01T21:05:00","guid":{"rendered":"https:\/\/www.arty-nails.org\/web_shop\/product\/hcsynergy-smoothing-lifting-krema-za-ruke-500-ml-869\/"},"modified":"2026-04-24T12:47:12","modified_gmt":"2026-04-24T10:47:12","slug":"mollon-pro-smoothing-lifting-krema-za-ruke-500-ml","status":"publish","type":"product","link":"https:\/\/www.arty-nails.org\/web_shop\/proizvod\/mollon-pro-smoothing-lifting-krema-za-ruke-500-ml\/","title":{"rendered":"MOLLON PRO SMOOTHING &#038; LIFTING KREMA ZA RUKE 500 ml"},"content":{"rendered":"<p>ZAGLA\u0110UJE \/ POBOLJ\u0160AVA ELASTI\u010cNOST \/ PRU\u017dA ZA\u0160TITU PROTIV STARENJA<\/p>\n<p>Profesionalna zagla\u0111uju\u0107a krema s lifting efektom za intenzivnu njegu ruku i noktiju. Ova je formula kreirana na bazi prirodnih ulja, emolijenata i aktivnih sastojka koji obnavljaju prirodnu elasti\u010dnost, omek\u0161avaju i zagla\u0111uju va\u0161e ruke. Krema pobolj\u0161ava gra\u0111u kolagena i elasti\u010dnih vlakana, stimuliraju\u0107i njihovo obnavljanje. Ograni\u010dava transepidermni gubitak vode, osiguravaju\u0107i adekvatno vla\u017eenje i pobolj\u0161anje ko\u017ee. Osigurava rukama jaku za\u0161titu protiv starenja, zahvaljuju\u0107i svojim sastojcima protiv djelovanja slobodnih radikala. Ako se redovito koristi, krema zna\u010dajno pobolj\u0161ava zategnutost ko\u017ee ruku, ostavljaju\u0107i ko\u017eu mekom i glatkom.<\/p>\n<p>Uputa za upotrebu: Nanijeti malu koli\u010dinu kreme na ko\u017eu ruku i nokte te lagano utrljati.<\/p>\n<p>Aktivni sastojci: hijaluronska kiselina, kolagen, vitamin E, D-pantenol.<\/p>\n","protected":false},"excerpt":{"rendered":"<p>ZAGLA\u0110UJE \/ POBOLJ\u0160AVA ELASTI\u010cNOST \/ PRU\u017dA ZA\u0160TITU PROTIV STARENJA Profesionalna zagla\u0111uju\u0107a krema s lifting efektom za intenzivnu njegu ruku i noktiju. Ova je formula kreirana na bazi prirodnih ulja, emolijenata i aktivnih sastojka koji obnavljaju prirodnu elasti\u010dnost, omek\u0161avaju i zagla\u0111uju va\u0161e ruke. Krema pobolj\u0161ava gra\u0111u kolagena i elasti\u010dnih vlakana, stimuliraju\u0107i njihovo obnavljanje. Ograni\u010dava transepidermni gubitak [&hellip;]<\/p>\n","protected":false},"featured_media":7308,"comment_status":"closed","ping_status":"closed","template":"","meta":[],"product_brand":[56],"product_cat":[126],"product_tag":[],"class_list":{"0":"post-7309","1":"product","2":"type-product","3":"status-publish","4":"has-post-thumbnail","6":"product_brand-mollon-pro","7":"product_cat-spa-njega-ruku","9":"first","10":"outofstock","11":"shipping-taxable","12":"purchasable","13":"product-type-simple"},"_links":{"self":[{"href":"https:\/\/www.arty-nails.org\/web_shop\/wp-json\/wp\/v2\/product\/7309","targetHints":{"allow":["GET"]}}],"collection":[{"href":"https:\/\/www.arty-nails.org\/web_shop\/wp-json\/wp\/v2\/product"}],"about":[{"href":"https:\/\/www.arty-nails.org\/web_shop\/wp-json\/wp\/v2\/types\/product"}],"replies":[{"embeddable":true,"href":"https:\/\/www.arty-nails.org\/web_shop\/wp-json\/wp\/v2\/comments?post=7309"}],"wp:featuredmedia":[{"embeddable":true,"href":"https:\/\/www.arty-nails.org\/web_shop\/wp-json\/wp\/v2\/media\/7308"}],"wp:attachment":[{"href":"https:\/\/www.arty-nails.org\/web_shop\/wp-json\/wp\/v2\/media?parent=7309"}],"wp:term":[{"taxonomy":"product_brand","embeddable":true,"href":"https:\/\/www.arty-nails.org\/web_shop\/wp-json\/wp\/v2\/product_brand?post=7309"},{"taxonomy":"product_cat","embeddable":true,"href":"https:\/\/www.arty-nails.org\/web_shop\/wp-json\/wp\/v2\/product_cat?post=7309"},{"taxonomy":"product_tag","embeddable":true,"href":"https:\/\/www.arty-nails.org\/web_shop\/wp-json\/wp\/v2\/product_tag?post=7309"}],"curies":[{"name":"wp","href":"https:\/\/api.w.org\/{rel}","templated":true}]}}