{"id":7311,"date":"2015-06-01T23:08:25","date_gmt":"2015-06-01T21:08:25","guid":{"rendered":"https:\/\/www.arty-nails.org\/web_shop\/product\/hcsynergy-softening-exfoliating-krema-za-ruke-500-ml-870\/"},"modified":"2026-02-02T10:02:19","modified_gmt":"2026-02-02T09:02:19","slug":"mollon-pro-softening-exfoliating-krema-za-ruke-500-ml","status":"publish","type":"product","link":"https:\/\/www.arty-nails.org\/web_shop\/proizvod\/mollon-pro-softening-exfoliating-krema-za-ruke-500-ml\/","title":{"rendered":"MOLLON PRO SOFTENING &#038; EXFOLIATING KREMA ZA RUKE 500 ml"},"content":{"rendered":"<p>OMEK\u0160AVA \/ ZAGLA\u0110UJE \/ UMANJUJE OSJE\u0106AJ HRAPAVOSTI<\/p>\n<p>Profesionalna omek\u0161avaju\u0107a krema za intenzivnu njegu ruku i noktiju. Ova formula kreirana je na bazi uree, prirodnih ulja, emolijenata i aktivnih sastojaka koji omek\u0161avaju i vla\u017ee ko\u017eu ruku. Krema poma\u017ee novim stanicama u procesu rasta, ali pri tome sprje\u010dava pretjerano obnavljanje ro\u017enatog sloja. Olak\u0161ava eksfolijaciju mrtvih stanica ko\u017ee, ima protuupalno i umiruju\u0107e djelovanje te umanjuje osje\u0107aj hrapavosti, ostavljaju\u0107i va\u0161e ruke mekima, glatkima i ujedna\u010dene boje.<\/p>\n<p>Uputa za upotrebu: Nanijeti malu koli\u010dinu kreme na ko\u017eu ruku i nokte te lagano utrljati.<\/p>\n<p>Aktivni sastojci: urea, ekstrakt lana, mlije\u010dna kiselina, betain.<\/p>\n","protected":false},"excerpt":{"rendered":"<p>OMEK\u0160AVA \/ ZAGLA\u0110UJE \/ UMANJUJE OSJE\u0106AJ HRAPAVOSTI Profesionalna omek\u0161avaju\u0107a krema za intenzivnu njegu ruku i noktiju. Ova formula kreirana je na bazi uree, prirodnih ulja, emolijenata i aktivnih sastojaka koji omek\u0161avaju i vla\u017ee ko\u017eu ruku. Krema poma\u017ee novim stanicama u procesu rasta, ali pri tome sprje\u010dava pretjerano obnavljanje ro\u017enatog sloja. Olak\u0161ava eksfolijaciju mrtvih stanica ko\u017ee, [&hellip;]<\/p>\n","protected":false},"featured_media":7310,"comment_status":"closed","ping_status":"closed","template":"","meta":[],"product_brand":[56],"product_cat":[126],"product_tag":[],"class_list":{"0":"post-7311","1":"product","2":"type-product","3":"status-publish","4":"has-post-thumbnail","6":"product_brand-mollon-pro","7":"product_cat-spa-njega-ruku","9":"first","10":"instock","11":"shipping-taxable","12":"purchasable","13":"product-type-simple"},"_links":{"self":[{"href":"https:\/\/www.arty-nails.org\/web_shop\/wp-json\/wp\/v2\/product\/7311","targetHints":{"allow":["GET"]}}],"collection":[{"href":"https:\/\/www.arty-nails.org\/web_shop\/wp-json\/wp\/v2\/product"}],"about":[{"href":"https:\/\/www.arty-nails.org\/web_shop\/wp-json\/wp\/v2\/types\/product"}],"replies":[{"embeddable":true,"href":"https:\/\/www.arty-nails.org\/web_shop\/wp-json\/wp\/v2\/comments?post=7311"}],"wp:featuredmedia":[{"embeddable":true,"href":"https:\/\/www.arty-nails.org\/web_shop\/wp-json\/wp\/v2\/media\/7310"}],"wp:attachment":[{"href":"https:\/\/www.arty-nails.org\/web_shop\/wp-json\/wp\/v2\/media?parent=7311"}],"wp:term":[{"taxonomy":"product_brand","embeddable":true,"href":"https:\/\/www.arty-nails.org\/web_shop\/wp-json\/wp\/v2\/product_brand?post=7311"},{"taxonomy":"product_cat","embeddable":true,"href":"https:\/\/www.arty-nails.org\/web_shop\/wp-json\/wp\/v2\/product_cat?post=7311"},{"taxonomy":"product_tag","embeddable":true,"href":"https:\/\/www.arty-nails.org\/web_shop\/wp-json\/wp\/v2\/product_tag?post=7311"}],"curies":[{"name":"wp","href":"https:\/\/api.w.org\/{rel}","templated":true}]}}