{"id":7316,"date":"2015-06-01T23:14:51","date_gmt":"2015-06-01T21:14:51","guid":{"rendered":"https:\/\/www.arty-nails.org\/web_shop\/product\/obnavljajua-krema-za-stopala-s-ureom-5-872\/"},"modified":"2026-02-02T10:03:31","modified_gmt":"2026-02-02T09:03:31","slug":"mollon-pro-revitalizirajuci-balzam-za-stopala-s-5-ureom-250-ml","status":"publish","type":"product","link":"https:\/\/www.arty-nails.org\/web_shop\/proizvod\/mollon-pro-revitalizirajuci-balzam-za-stopala-s-5-ureom-250-ml\/","title":{"rendered":"MOLLON PRO REVITALIZIRAJU\u0106I BALZAM ZA STOPALA S 5% UREOM 250 ml"},"content":{"rendered":"<p>Profesionalni hranjiv i hidratantni balzam namijenjen dnevnoj njezi stopala.<\/p>\n<p>Lagana formula na bazi uree, ulja \u010dajevca te prirodnih ulja i emolijenata poma\u017ee pravilnom funkcioniranju ko\u017ee stopala, ubrzava proces regeneracije te sprje\u010dava pretjerano isu\u0161ivanje. Balzam nje\u017eno omek\u0161ava i duboko vla\u017ei ko\u017eu te sprje\u010dava stvaranje zadebljanja i napuklina na ko\u017ei stopala.<\/p>\n<p>Aktivni sastojci imaju antisepti\u010dko djelovanje, efekt hla\u0111enja te suzbijaju u\u010dinke pretjeranog znojenja. Balzam se brzo upija te ne ostavlja ljepljivi osje\u0107aj na ko\u017ei.<\/p>\n<p>Uputa za upotrebu: Nje\u017eno utrljati balzam na \u010distu i suhu ko\u017eu stopala te ostaviti da se upije.<\/p>\n<p>Aktivni sastojci: urea 5%, ulje \u010dajevca, ulje mente, vitamin A, vitamin E<\/p>\n","protected":false},"excerpt":{"rendered":"<p>Profesionalni hranjiv i hidratantni balzam namijenjen dnevnoj njezi stopala. Lagana formula na bazi uree, ulja \u010dajevca te prirodnih ulja i emolijenata poma\u017ee pravilnom funkcioniranju ko\u017ee stopala, ubrzava proces regeneracije te sprje\u010dava pretjerano isu\u0161ivanje. Balzam nje\u017eno omek\u0161ava i duboko vla\u017ei ko\u017eu te sprje\u010dava stvaranje zadebljanja i napuklina na ko\u017ei stopala. Aktivni sastojci imaju antisepti\u010dko djelovanje, efekt [&hellip;]<\/p>\n","protected":false},"featured_media":7315,"comment_status":"closed","ping_status":"closed","template":"","meta":[],"product_brand":[56],"product_cat":[211,127],"product_tag":[],"class_list":{"0":"post-7316","1":"product","2":"type-product","3":"status-publish","4":"has-post-thumbnail","6":"product_brand-mollon-pro","7":"product_cat-njega-i-higijena-stopala","8":"product_cat-spa-njega-stopala","10":"first","11":"instock","12":"shipping-taxable","13":"purchasable","14":"product-type-simple"},"_links":{"self":[{"href":"https:\/\/www.arty-nails.org\/web_shop\/wp-json\/wp\/v2\/product\/7316","targetHints":{"allow":["GET"]}}],"collection":[{"href":"https:\/\/www.arty-nails.org\/web_shop\/wp-json\/wp\/v2\/product"}],"about":[{"href":"https:\/\/www.arty-nails.org\/web_shop\/wp-json\/wp\/v2\/types\/product"}],"replies":[{"embeddable":true,"href":"https:\/\/www.arty-nails.org\/web_shop\/wp-json\/wp\/v2\/comments?post=7316"}],"wp:featuredmedia":[{"embeddable":true,"href":"https:\/\/www.arty-nails.org\/web_shop\/wp-json\/wp\/v2\/media\/7315"}],"wp:attachment":[{"href":"https:\/\/www.arty-nails.org\/web_shop\/wp-json\/wp\/v2\/media?parent=7316"}],"wp:term":[{"taxonomy":"product_brand","embeddable":true,"href":"https:\/\/www.arty-nails.org\/web_shop\/wp-json\/wp\/v2\/product_brand?post=7316"},{"taxonomy":"product_cat","embeddable":true,"href":"https:\/\/www.arty-nails.org\/web_shop\/wp-json\/wp\/v2\/product_cat?post=7316"},{"taxonomy":"product_tag","embeddable":true,"href":"https:\/\/www.arty-nails.org\/web_shop\/wp-json\/wp\/v2\/product_tag?post=7316"}],"curies":[{"name":"wp","href":"https:\/\/api.w.org\/{rel}","templated":true}]}}