{"id":7318,"date":"2015-06-01T23:16:42","date_gmt":"2015-06-01T21:16:42","guid":{"rendered":"https:\/\/www.arty-nails.org\/web_shop\/product\/obnavljajua-krema-za-ispucale-pete-s-ureom-15-873\/"},"modified":"2026-02-02T10:03:31","modified_gmt":"2026-02-02T09:03:31","slug":"mollon-pro-krema-za-ispucane-pete-s-15-ureom-250-ml","status":"publish","type":"product","link":"https:\/\/www.arty-nails.org\/web_shop\/proizvod\/mollon-pro-krema-za-ispucane-pete-s-15-ureom-250-ml\/","title":{"rendered":"MOLLON PRO KREMA ZA ISPUCANE PETE S 15% UREOM 250 ml"},"content":{"rendered":"<p>Profesionalna, intenzivno emolijentna krema za suhu, zadebljalu i ispucanu ko\u017eu peta.<\/p>\n<p>Ova formula na bazi 15% uree, ulja p\u0161eni\u010dnih klica te prirodnih ulja i emolijenata ima jako omek\u0161avaju\u0107e i eksfolijacijsko djelovanje. Krema stimulira mikrocirkulaciju ko\u017ee, normalizira proces keratinizacije, pospje\u0161uje regeneraciju i obnavlja prirodnu teksturu ko\u017ee. Umanjuje osje\u0107aj hrapavosti te \u010dini ko\u017eu stopala mekanom, glatkom i revitaliziranom.<\/p>\n<p>Uputa za upotrebu: Nje\u017eno utrljati kremu na \u010distu i suhu ko\u017eu peta te ostaviti da se upije.<\/p>\n<p>Aktivni sastojci: urea 15%, ulje p\u0161eni\u010dnih klica, shea maslac, pantenol<\/p>\n","protected":false},"excerpt":{"rendered":"<p>Profesionalna, intenzivno emolijentna krema za suhu, zadebljalu i ispucanu ko\u017eu peta. Ova formula na bazi 15% uree, ulja p\u0161eni\u010dnih klica te prirodnih ulja i emolijenata ima jako omek\u0161avaju\u0107e i eksfolijacijsko djelovanje. Krema stimulira mikrocirkulaciju ko\u017ee, normalizira proces keratinizacije, pospje\u0161uje regeneraciju i obnavlja prirodnu teksturu ko\u017ee. Umanjuje osje\u0107aj hrapavosti te \u010dini ko\u017eu stopala mekanom, glatkom i [&hellip;]<\/p>\n","protected":false},"featured_media":7317,"comment_status":"closed","ping_status":"closed","template":"","meta":[],"product_brand":[56],"product_cat":[211,127],"product_tag":[],"class_list":{"0":"post-7318","1":"product","2":"type-product","3":"status-publish","4":"has-post-thumbnail","6":"product_brand-mollon-pro","7":"product_cat-njega-i-higijena-stopala","8":"product_cat-spa-njega-stopala","10":"first","11":"instock","12":"shipping-taxable","13":"purchasable","14":"product-type-simple"},"_links":{"self":[{"href":"https:\/\/www.arty-nails.org\/web_shop\/wp-json\/wp\/v2\/product\/7318","targetHints":{"allow":["GET"]}}],"collection":[{"href":"https:\/\/www.arty-nails.org\/web_shop\/wp-json\/wp\/v2\/product"}],"about":[{"href":"https:\/\/www.arty-nails.org\/web_shop\/wp-json\/wp\/v2\/types\/product"}],"replies":[{"embeddable":true,"href":"https:\/\/www.arty-nails.org\/web_shop\/wp-json\/wp\/v2\/comments?post=7318"}],"wp:featuredmedia":[{"embeddable":true,"href":"https:\/\/www.arty-nails.org\/web_shop\/wp-json\/wp\/v2\/media\/7317"}],"wp:attachment":[{"href":"https:\/\/www.arty-nails.org\/web_shop\/wp-json\/wp\/v2\/media?parent=7318"}],"wp:term":[{"taxonomy":"product_brand","embeddable":true,"href":"https:\/\/www.arty-nails.org\/web_shop\/wp-json\/wp\/v2\/product_brand?post=7318"},{"taxonomy":"product_cat","embeddable":true,"href":"https:\/\/www.arty-nails.org\/web_shop\/wp-json\/wp\/v2\/product_cat?post=7318"},{"taxonomy":"product_tag","embeddable":true,"href":"https:\/\/www.arty-nails.org\/web_shop\/wp-json\/wp\/v2\/product_tag?post=7318"}],"curies":[{"name":"wp","href":"https:\/\/api.w.org\/{rel}","templated":true}]}}