{"id":7341,"date":"2015-06-24T15:03:13","date_gmt":"2015-06-24T13:03:13","guid":{"rendered":"https:\/\/www.arty-nails.org\/web_shop\/product\/mollon-pro-foot-file-drvena-896\/"},"modified":"2026-02-02T10:05:24","modified_gmt":"2026-02-02T09:05:24","slug":"mollon-pro-turpija-za-pedikuru","status":"publish","type":"product","link":"https:\/\/www.arty-nails.org\/web_shop\/proizvod\/mollon-pro-turpija-za-pedikuru\/","title":{"rendered":"MOLLON PRO TURPIJA ZA PEDIKURU"},"content":{"rendered":"<p style=\"text-align: left;\">Profesionalna, dvostrana turpija za pedikuru. Temeljito odstranjuje tvrdu i ispucanu ko\u017eu stopala te ih zagla\u0111uje zahvaljuju\u0107i granula\u017ei u dvije ja\u010dine. Turpija je napravljena od visoko kvalitetnog drva, koje \u010dini turpiju laganom i \u010dvrstom te se \u010ditav pritisak koristi za lagano i u\u010dinkovito trljanje. Turpija se mo\u017ee koristiti suha i mokra. Dolazi s bijelom uzicom te se mo\u017ee objesiti radi su\u0161enja.<\/p>\n<p style=\"text-align: left;\">Prednosti ovog proizvoda:\u00a0uklanja mrtvu i tvrdu ko\u017eu te kaluse bez izazivanja iritacije.\u00a0Sigurna i prakti\u010dna za upotrebu, estetske izrade, lako se \u010disti te je izdr\u017eljiva &#8211; mo\u017ee se prati i dezinficirati.<\/p>\n<p style=\"text-align: left;\">Dimenzije: ukupna du\u017eina 288 mm, du\u017eina povr\u0161ine za turpijanje 150 mm, \u0161irina 55 mm, debljina 15 mm.<\/p>\n","protected":false},"excerpt":{"rendered":"<p>Profesionalna, dvostrana turpija za pedikuru. Temeljito odstranjuje tvrdu i ispucanu ko\u017eu stopala te ih zagla\u0111uje zahvaljuju\u0107i granula\u017ei u dvije ja\u010dine. Turpija je napravljena od visoko kvalitetnog drva, koje \u010dini turpiju laganom i \u010dvrstom te se \u010ditav pritisak koristi za lagano i u\u010dinkovito trljanje. Turpija se mo\u017ee koristiti suha i mokra. Dolazi s bijelom uzicom te [&hellip;]<\/p>\n","protected":false},"featured_media":7344,"comment_status":"closed","ping_status":"closed","template":"","meta":[],"product_brand":[56],"product_cat":[124,197],"product_tag":[],"class_list":{"0":"post-7341","1":"product","2":"type-product","3":"status-publish","4":"has-post-thumbnail","6":"product_brand-mollon-pro","7":"product_cat-pribor-za-pedikuru","8":"product_cat-turpije-za-pedikuru","10":"first","11":"instock","12":"shipping-taxable","13":"purchasable","14":"product-type-simple"},"_links":{"self":[{"href":"https:\/\/www.arty-nails.org\/web_shop\/wp-json\/wp\/v2\/product\/7341","targetHints":{"allow":["GET"]}}],"collection":[{"href":"https:\/\/www.arty-nails.org\/web_shop\/wp-json\/wp\/v2\/product"}],"about":[{"href":"https:\/\/www.arty-nails.org\/web_shop\/wp-json\/wp\/v2\/types\/product"}],"replies":[{"embeddable":true,"href":"https:\/\/www.arty-nails.org\/web_shop\/wp-json\/wp\/v2\/comments?post=7341"}],"wp:featuredmedia":[{"embeddable":true,"href":"https:\/\/www.arty-nails.org\/web_shop\/wp-json\/wp\/v2\/media\/7344"}],"wp:attachment":[{"href":"https:\/\/www.arty-nails.org\/web_shop\/wp-json\/wp\/v2\/media?parent=7341"}],"wp:term":[{"taxonomy":"product_brand","embeddable":true,"href":"https:\/\/www.arty-nails.org\/web_shop\/wp-json\/wp\/v2\/product_brand?post=7341"},{"taxonomy":"product_cat","embeddable":true,"href":"https:\/\/www.arty-nails.org\/web_shop\/wp-json\/wp\/v2\/product_cat?post=7341"},{"taxonomy":"product_tag","embeddable":true,"href":"https:\/\/www.arty-nails.org\/web_shop\/wp-json\/wp\/v2\/product_tag?post=7341"}],"curies":[{"name":"wp","href":"https:\/\/api.w.org\/{rel}","templated":true}]}}