{"id":7361,"date":"2015-09-04T22:04:41","date_gmt":"2015-09-04T20:04:41","guid":{"rendered":"https:\/\/www.arty-nails.org\/web_shop\/product\/promed-abrazivni-set-za-pedikuru-198010-942\/"},"modified":"2026-02-02T10:18:41","modified_gmt":"2026-02-02T09:18:41","slug":"promed-abrazivni-set-za-pedikuru-198010-0687","status":"publish","type":"product","link":"https:\/\/www.arty-nails.org\/web_shop\/proizvod\/promed-abrazivni-set-za-pedikuru-198010-0687\/","title":{"rendered":"PROMED ABRAZIVNI SET ZA PEDIKURU 198010 &#8211; 0687"},"content":{"rendered":"<p>Za uklanjanje ro\u017enate ko\u017ee i \u017euljeva i kuriji o\u0107iju.Za profesionalnu upotrebu Sadr\u017eaj: Artikal 190.021 abrazivni konus, safir Artikal 190 067 Tvrdi ko\u017ee Abreder, safir Artikal 198.540 dijamant glodalo, mala membrana Artikal 961 910 Dizajn te\u0161ko kutija, prozirna (Svi bitovi sa zaobljenim osovinom i imaju standardne veli\u010dine od 2:32 do 2:35 mm).<\/p>\n","protected":false},"excerpt":{"rendered":"<p>Za uklanjanje ro\u017enate ko\u017ee i \u017euljeva i kuriji o\u0107iju.Za profesionalnu upotrebu Sadr\u017eaj: Artikal 190.021 abrazivni konus, safir Artikal 190 067 Tvrdi ko\u017ee Abreder, safir Artikal 198.540 dijamant glodalo, mala membrana Artikal 961 910 Dizajn te\u0161ko kutija, prozirna (Svi bitovi sa zaobljenim osovinom i imaju standardne veli\u010dine od 2:32 do 2:35 mm).<\/p>\n","protected":false},"featured_media":7359,"comment_status":"closed","ping_status":"closed","template":"","meta":[],"product_brand":[53],"product_cat":[266,124],"product_tag":[],"class_list":{"0":"post-7361","1":"product","2":"type-product","3":"status-publish","4":"has-post-thumbnail","6":"product_brand-promed","7":"product_cat-nastavci-za-pedikuru","8":"product_cat-pribor-za-pedikuru","10":"first","11":"instock","12":"shipping-taxable","13":"purchasable","14":"product-type-simple"},"_links":{"self":[{"href":"https:\/\/www.arty-nails.org\/web_shop\/wp-json\/wp\/v2\/product\/7361","targetHints":{"allow":["GET"]}}],"collection":[{"href":"https:\/\/www.arty-nails.org\/web_shop\/wp-json\/wp\/v2\/product"}],"about":[{"href":"https:\/\/www.arty-nails.org\/web_shop\/wp-json\/wp\/v2\/types\/product"}],"replies":[{"embeddable":true,"href":"https:\/\/www.arty-nails.org\/web_shop\/wp-json\/wp\/v2\/comments?post=7361"}],"wp:featuredmedia":[{"embeddable":true,"href":"https:\/\/www.arty-nails.org\/web_shop\/wp-json\/wp\/v2\/media\/7359"}],"wp:attachment":[{"href":"https:\/\/www.arty-nails.org\/web_shop\/wp-json\/wp\/v2\/media?parent=7361"}],"wp:term":[{"taxonomy":"product_brand","embeddable":true,"href":"https:\/\/www.arty-nails.org\/web_shop\/wp-json\/wp\/v2\/product_brand?post=7361"},{"taxonomy":"product_cat","embeddable":true,"href":"https:\/\/www.arty-nails.org\/web_shop\/wp-json\/wp\/v2\/product_cat?post=7361"},{"taxonomy":"product_tag","embeddable":true,"href":"https:\/\/www.arty-nails.org\/web_shop\/wp-json\/wp\/v2\/product_tag?post=7361"}],"curies":[{"name":"wp","href":"https:\/\/api.w.org\/{rel}","templated":true}]}}