{"id":7418,"date":"2015-06-01T23:10:55","date_gmt":"2015-06-01T21:10:55","guid":{"rendered":"https:\/\/www.arty-nails.org\/web_shop\/product\/mollon-pro-dugotrajna-hidratantna-krema-za-ruke-250-ml-986\/"},"modified":"2026-02-02T10:02:19","modified_gmt":"2026-02-02T09:02:19","slug":"mollon-pro-dugotrajna-hidratantna-krema-za-ruke-250-ml","status":"publish","type":"product","link":"https:\/\/www.arty-nails.org\/web_shop\/proizvod\/mollon-pro-dugotrajna-hidratantna-krema-za-ruke-250-ml\/","title":{"rendered":"MOLLON PRO DUGOTRAJNA HIDRATANTNA KREMA ZA RUKE 250 ml"},"content":{"rendered":"<p>DUGOTRAJNA HIDRATACIJA \/ RAVNOTE\u017dA VODE I LIPIDA<\/p>\n<p>Profesionalna vodootporna krema dugotrajne hidratacije, namijenjena dnevnoj njezi ruku i noktiju. Osigurava potrebnu razinu vlage odmah nakon, kao i dugo nakon primjene. Ova vi\u0161enamjenska formula poma\u017ee vezivanju vode za ko\u017eu, sprje\u010dava suho\u0107u, gubitak elasti\u010dnosti i \u010dvrsto\u0107e, osigurava optimalnu razinu vlage i \u010duva ravnote\u017eu vode i lipida. Krema otklanja neugodan osje\u0107aj napete ko\u017ee ruku te obnavlja osje\u0107aj ugode, \u010dine\u0107i ruke mekima, glatkima i svilenkastima na dodir. Efekt kreme se reaktivira nakon doticaja ruku s vodom.<\/p>\n<p>Uputa za upotrebu: Nanijeti malu koli\u010dinu kreme na ko\u017eu ruku i nokte te lagano utrljati. Koristiti ujuto i nave\u010der.<\/p>\n<p>Aktivni sastojci: kolagen, vitamin E, alantoin, glicerin.<\/p>\n","protected":false},"excerpt":{"rendered":"<p>DUGOTRAJNA HIDRATACIJA \/ RAVNOTE\u017dA VODE I LIPIDA Profesionalna vodootporna krema dugotrajne hidratacije, namijenjena dnevnoj njezi ruku i noktiju. Osigurava potrebnu razinu vlage odmah nakon, kao i dugo nakon primjene. Ova vi\u0161enamjenska formula poma\u017ee vezivanju vode za ko\u017eu, sprje\u010dava suho\u0107u, gubitak elasti\u010dnosti i \u010dvrsto\u0107e, osigurava optimalnu razinu vlage i \u010duva ravnote\u017eu vode i lipida. Krema otklanja [&hellip;]<\/p>\n","protected":false},"featured_media":7416,"comment_status":"closed","ping_status":"closed","template":"","meta":[],"product_brand":[56],"product_cat":[126],"product_tag":[],"class_list":{"0":"post-7418","1":"product","2":"type-product","3":"status-publish","4":"has-post-thumbnail","6":"product_brand-mollon-pro","7":"product_cat-spa-njega-ruku","9":"first","10":"instock","11":"shipping-taxable","12":"purchasable","13":"product-type-simple"},"_links":{"self":[{"href":"https:\/\/www.arty-nails.org\/web_shop\/wp-json\/wp\/v2\/product\/7418","targetHints":{"allow":["GET"]}}],"collection":[{"href":"https:\/\/www.arty-nails.org\/web_shop\/wp-json\/wp\/v2\/product"}],"about":[{"href":"https:\/\/www.arty-nails.org\/web_shop\/wp-json\/wp\/v2\/types\/product"}],"replies":[{"embeddable":true,"href":"https:\/\/www.arty-nails.org\/web_shop\/wp-json\/wp\/v2\/comments?post=7418"}],"wp:featuredmedia":[{"embeddable":true,"href":"https:\/\/www.arty-nails.org\/web_shop\/wp-json\/wp\/v2\/media\/7416"}],"wp:attachment":[{"href":"https:\/\/www.arty-nails.org\/web_shop\/wp-json\/wp\/v2\/media?parent=7418"}],"wp:term":[{"taxonomy":"product_brand","embeddable":true,"href":"https:\/\/www.arty-nails.org\/web_shop\/wp-json\/wp\/v2\/product_brand?post=7418"},{"taxonomy":"product_cat","embeddable":true,"href":"https:\/\/www.arty-nails.org\/web_shop\/wp-json\/wp\/v2\/product_cat?post=7418"},{"taxonomy":"product_tag","embeddable":true,"href":"https:\/\/www.arty-nails.org\/web_shop\/wp-json\/wp\/v2\/product_tag?post=7418"}],"curies":[{"name":"wp","href":"https:\/\/api.w.org\/{rel}","templated":true}]}}