{"id":7629,"date":"2016-05-19T14:08:56","date_gmt":"2016-05-19T12:08:56","guid":{"rendered":"https:\/\/www.arty-nails.org\/web_shop\/product\/masana-kada-fs885-1161\/"},"modified":"2025-11-21T12:25:14","modified_gmt":"2025-11-21T11:25:14","slug":"masazna-kada-fs885","status":"publish","type":"product","link":"https:\/\/www.arty-nails.org\/web_shop\/proizvod\/masazna-kada-fs885\/","title":{"rendered":"MASA\u017dNA KADA FS885"},"content":{"rendered":"<p><strong>Informacije o proizvodu:<\/strong><\/p>\n<ul>\n<li>Digitalni prikaz za pode\u0161avanje vremena i temperature vode<\/li>\n<li>Intenzivna refleksologija<\/li>\n<li>Masa\u017eni valjci u sredini kupke s mjehuri\u0107ima kako biste masirali unutarnju stranu stopala<\/li>\n<li>Pogodna do veli\u010dine cipele broja 46<\/li>\n<li>Izmjenjivi valjci za masa\u017eu u podru\u010dju potplata<\/li>\n<li>3 u 1 Funkcija: Kupka s mjehuri\u0107ima i vibriraju\u0107om masa\u017eom i crvenim svjetlom<\/li>\n<li>Automatska funkcija crvenog svjetla i topline<\/li>\n<li>Voda se mo\u017ee zagrijati na \u017eeljenu temperaturu u rasponu od 20 \u00b0 do 48 \u00b0 C<\/li>\n<li>Ergonomski raspore\u0111eni mlazovi zraka<\/li>\n<li>Tajmer funkcija 20\/30\/40\/50\/60 minuta<\/li>\n<li>Dobra toplinska izolacija kroz dvostruko izolirano ku\u0107i\u0161te<\/li>\n<\/ul>\n<p><strong>Sadr\u017eaj pakovanja:<\/strong><\/p>\n<ul>\n<li>Medisana Foot Spa masazna kada Comfort<\/li>\n<li>Uputstva<\/li>\n<\/ul>\n<p><strong>Tehni\u010dki podaci:<\/strong><\/p>\n<ul style=\"list-style-type: disc;\">\n<li>Dimenzije: cca. 45.9 \u00d7 38.6 \u00d7 24,3 cm<\/li>\n<li>Snaga: cca 390 Watt<\/li>\n<li>Izvor napajanja: 230 VAC, 50 Hz<\/li>\n<li>Te\u017eina ure\u0111aja: cca. 2,9 kg<\/li>\n<\/ul>\n<p>&nbsp;<\/p>\n","protected":false},"excerpt":{"rendered":"<p>Informacije o proizvodu: Digitalni prikaz za pode\u0161avanje vremena i temperature vode Intenzivna refleksologija Masa\u017eni valjci u sredini kupke s mjehuri\u0107ima kako biste masirali unutarnju stranu stopala Pogodna do veli\u010dine cipele broja 46 Izmjenjivi valjci za masa\u017eu u podru\u010dju potplata 3 u 1 Funkcija: Kupka s mjehuri\u0107ima i vibriraju\u0107om masa\u017eom i crvenim svjetlom Automatska funkcija crvenog [&hellip;]<\/p>\n","protected":false},"featured_media":7627,"comment_status":"closed","ping_status":"closed","template":"","meta":[],"product_brand":[53],"product_cat":[101,212],"product_tag":[],"class_list":{"0":"post-7629","1":"product","2":"type-product","3":"status-publish","4":"has-post-thumbnail","6":"product_brand-promed","7":"product_cat-masazne-kade","8":"product_cat-uredaji-i-oprema-za-pedikuru","10":"first","11":"instock","12":"shipping-taxable","13":"purchasable","14":"product-type-simple"},"_links":{"self":[{"href":"https:\/\/www.arty-nails.org\/web_shop\/wp-json\/wp\/v2\/product\/7629","targetHints":{"allow":["GET"]}}],"collection":[{"href":"https:\/\/www.arty-nails.org\/web_shop\/wp-json\/wp\/v2\/product"}],"about":[{"href":"https:\/\/www.arty-nails.org\/web_shop\/wp-json\/wp\/v2\/types\/product"}],"replies":[{"embeddable":true,"href":"https:\/\/www.arty-nails.org\/web_shop\/wp-json\/wp\/v2\/comments?post=7629"}],"wp:featuredmedia":[{"embeddable":true,"href":"https:\/\/www.arty-nails.org\/web_shop\/wp-json\/wp\/v2\/media\/7627"}],"wp:attachment":[{"href":"https:\/\/www.arty-nails.org\/web_shop\/wp-json\/wp\/v2\/media?parent=7629"}],"wp:term":[{"taxonomy":"product_brand","embeddable":true,"href":"https:\/\/www.arty-nails.org\/web_shop\/wp-json\/wp\/v2\/product_brand?post=7629"},{"taxonomy":"product_cat","embeddable":true,"href":"https:\/\/www.arty-nails.org\/web_shop\/wp-json\/wp\/v2\/product_cat?post=7629"},{"taxonomy":"product_tag","embeddable":true,"href":"https:\/\/www.arty-nails.org\/web_shop\/wp-json\/wp\/v2\/product_tag?post=7629"}],"curies":[{"name":"wp","href":"https:\/\/api.w.org\/{rel}","templated":true}]}}