{"id":7658,"date":"2016-07-14T22:38:01","date_gmt":"2016-07-14T20:38:01","guid":{"rendered":"https:\/\/www.arty-nails.org\/web_shop\/product\/mollon-pro-intezivna-obnova-nokta-10-u-1-15-ml-1196\/"},"modified":"2026-02-02T10:01:25","modified_gmt":"2026-02-02T09:01:25","slug":"mollon-pro-intenzivna-obnova-nokta-10-u-1-15-ml","status":"publish","type":"product","link":"https:\/\/www.arty-nails.org\/web_shop\/proizvod\/mollon-pro-intenzivna-obnova-nokta-10-u-1-15-ml\/","title":{"rendered":"MOLLON PRO INTENZIVNA OBNOVA NOKTA 10 U 1 15 ml"},"content":{"rendered":"<p>Regenerator za nokte 10 u 1. Intenzivno oja\u010dava i obnavlja lomljive nokte, sprje\u010dava njihovo pucanje i listanje. Sadr\u017ei p\u0161enicu, soju, proteine kukuruza, kalcij, metionin i vitamine E, C, F. Daje blistavi efekt i poma\u017ee bezli\u010dnim noktima vratiti glatku povr\u0161inu i zdravi sjaj.<\/p>\n<p>Upute za upotrebu:\u00a0Regenerator nanosite redovito, ovisno o potrebi. Stavite jedan sloj regeneratora na \u010diste, nelakirane nokte. Ostavite da se osu\u0161i.<\/p>\n","protected":false},"excerpt":{"rendered":"<p>Regenerator za nokte 10 u 1. Intenzivno oja\u010dava i obnavlja lomljive nokte, sprje\u010dava njihovo pucanje i listanje. Sadr\u017ei p\u0161enicu, soju, proteine kukuruza, kalcij, metionin i vitamine E, C, F. Daje blistavi efekt i poma\u017ee bezli\u010dnim noktima vratiti glatku povr\u0161inu i zdravi sjaj. Upute za upotrebu:\u00a0Regenerator nanosite redovito, ovisno o potrebi. Stavite jedan sloj regeneratora na [&hellip;]<\/p>\n","protected":false},"featured_media":45132,"comment_status":"closed","ping_status":"closed","template":"","meta":[],"product_brand":[56],"product_cat":[135],"product_tag":[],"class_list":{"0":"post-7658","1":"product","2":"type-product","3":"status-publish","4":"has-post-thumbnail","6":"product_brand-mollon-pro","7":"product_cat-spa-njega-noktiju","9":"first","10":"instock","11":"shipping-taxable","12":"purchasable","13":"product-type-simple"},"_links":{"self":[{"href":"https:\/\/www.arty-nails.org\/web_shop\/wp-json\/wp\/v2\/product\/7658","targetHints":{"allow":["GET"]}}],"collection":[{"href":"https:\/\/www.arty-nails.org\/web_shop\/wp-json\/wp\/v2\/product"}],"about":[{"href":"https:\/\/www.arty-nails.org\/web_shop\/wp-json\/wp\/v2\/types\/product"}],"replies":[{"embeddable":true,"href":"https:\/\/www.arty-nails.org\/web_shop\/wp-json\/wp\/v2\/comments?post=7658"}],"wp:featuredmedia":[{"embeddable":true,"href":"https:\/\/www.arty-nails.org\/web_shop\/wp-json\/wp\/v2\/media\/45132"}],"wp:attachment":[{"href":"https:\/\/www.arty-nails.org\/web_shop\/wp-json\/wp\/v2\/media?parent=7658"}],"wp:term":[{"taxonomy":"product_brand","embeddable":true,"href":"https:\/\/www.arty-nails.org\/web_shop\/wp-json\/wp\/v2\/product_brand?post=7658"},{"taxonomy":"product_cat","embeddable":true,"href":"https:\/\/www.arty-nails.org\/web_shop\/wp-json\/wp\/v2\/product_cat?post=7658"},{"taxonomy":"product_tag","embeddable":true,"href":"https:\/\/www.arty-nails.org\/web_shop\/wp-json\/wp\/v2\/product_tag?post=7658"}],"curies":[{"name":"wp","href":"https:\/\/api.w.org\/{rel}","templated":true}]}}