{"id":7662,"date":"2016-08-04T18:13:54","date_gmt":"2016-08-04T16:13:54","guid":{"rendered":"https:\/\/www.arty-nails.org\/web_shop\/product\/arty-nails-klijeta-za-zanoktice-7-mm-1202\/"},"modified":"2026-02-02T10:15:13","modified_gmt":"2026-02-02T09:15:13","slug":"arty-nails-klijesta-za-zanoktice-rainbow-7-mm","status":"publish","type":"product","link":"https:\/\/www.arty-nails.org\/web_shop\/proizvod\/arty-nails-klijesta-za-zanoktice-rainbow-7-mm\/","title":{"rendered":"ARTY NAILS KLIJE\u0160TA ZA ZANOKTICE RAINBOW 7 mm"},"content":{"rendered":"<p>Arty Nails profesionalna klije\u0161ta za zanoktice od medicinskog nehr\u0111aju\u0107eg \u010delika, pogodna za sterilizaciju. Klije\u0161ta su idealna za otklanjanje mrtve ko\u017ee, zanoktica, pedikuru i manikuru.<\/p>\n","protected":false},"excerpt":{"rendered":"<p>Arty Nails profesionalna klije\u0161ta za zanoktice od medicinskog nehr\u0111aju\u0107eg \u010delika, pogodna za sterilizaciju. Klije\u0161ta su idealna za otklanjanje mrtve ko\u017ee, zanoktica, pedikuru i manikuru.<\/p>\n","protected":false},"featured_media":7659,"comment_status":"closed","ping_status":"closed","template":"","meta":[],"product_brand":[55],"product_cat":[147,121,124],"product_tag":[],"class_list":{"0":"post-7662","1":"product","2":"type-product","3":"status-publish","4":"has-post-thumbnail","6":"product_brand-arty-nails","7":"product_cat-arty-nails-pribor-za-nokte-i-nail-art","8":"product_cat-pribor-za-nokte","9":"product_cat-pribor-za-pedikuru","11":"first","12":"instock","13":"shipping-taxable","14":"purchasable","15":"product-type-simple"},"_links":{"self":[{"href":"https:\/\/www.arty-nails.org\/web_shop\/wp-json\/wp\/v2\/product\/7662","targetHints":{"allow":["GET"]}}],"collection":[{"href":"https:\/\/www.arty-nails.org\/web_shop\/wp-json\/wp\/v2\/product"}],"about":[{"href":"https:\/\/www.arty-nails.org\/web_shop\/wp-json\/wp\/v2\/types\/product"}],"replies":[{"embeddable":true,"href":"https:\/\/www.arty-nails.org\/web_shop\/wp-json\/wp\/v2\/comments?post=7662"}],"wp:featuredmedia":[{"embeddable":true,"href":"https:\/\/www.arty-nails.org\/web_shop\/wp-json\/wp\/v2\/media\/7659"}],"wp:attachment":[{"href":"https:\/\/www.arty-nails.org\/web_shop\/wp-json\/wp\/v2\/media?parent=7662"}],"wp:term":[{"taxonomy":"product_brand","embeddable":true,"href":"https:\/\/www.arty-nails.org\/web_shop\/wp-json\/wp\/v2\/product_brand?post=7662"},{"taxonomy":"product_cat","embeddable":true,"href":"https:\/\/www.arty-nails.org\/web_shop\/wp-json\/wp\/v2\/product_cat?post=7662"},{"taxonomy":"product_tag","embeddable":true,"href":"https:\/\/www.arty-nails.org\/web_shop\/wp-json\/wp\/v2\/product_tag?post=7662"}],"curies":[{"name":"wp","href":"https:\/\/api.w.org\/{rel}","templated":true}]}}