{"id":7664,"date":"2016-08-04T18:19:31","date_gmt":"2016-08-04T16:19:31","guid":{"rendered":"https:\/\/www.arty-nails.org\/web_shop\/product\/arty-nails-kljeta-za-kou-i-nokte-7-mm-1203\/"},"modified":"2026-03-03T11:57:54","modified_gmt":"2026-03-03T10:57:54","slug":"arty-nails-klijesta-za-kozu-i-nokte-pedicure-pro","status":"publish","type":"product","link":"https:\/\/www.arty-nails.org\/web_shop\/proizvod\/arty-nails-klijesta-za-kozu-i-nokte-pedicure-pro\/","title":{"rendered":"ARTY NAILS KLIJE\u0160TA ZA KO\u017dU I NOKTE PEDICURE"},"content":{"rendered":"<p>Arty Nails profesionalna klije\u0161ta za zanoktice od medicinskog nehr\u0111aju\u0107eg \u010delika, pogodna za sterilizaciju. Klije\u0161ta su idealna za otklanjanje mrtve ko\u017ee, zanoktica, pedikuru i manikuru.<\/p>\n","protected":false},"excerpt":{"rendered":"<p>Arty Nails profesionalna klije\u0161ta za zanoktice od medicinskog nehr\u0111aju\u0107eg \u010delika, pogodna za sterilizaciju. Klije\u0161ta su idealna za otklanjanje mrtve ko\u017ee, zanoktica, pedikuru i manikuru.<\/p>\n","protected":false},"featured_media":7663,"comment_status":"closed","ping_status":"closed","template":"","meta":[],"product_brand":[55],"product_cat":[147,121,124],"product_tag":[],"class_list":{"0":"post-7664","1":"product","2":"type-product","3":"status-publish","4":"has-post-thumbnail","6":"product_brand-arty-nails","7":"product_cat-arty-nails-pribor-za-nokte-i-nail-art","8":"product_cat-pribor-za-nokte","9":"product_cat-pribor-za-pedikuru","11":"first","12":"instock","13":"shipping-taxable","14":"purchasable","15":"product-type-simple"},"_links":{"self":[{"href":"https:\/\/www.arty-nails.org\/web_shop\/wp-json\/wp\/v2\/product\/7664","targetHints":{"allow":["GET"]}}],"collection":[{"href":"https:\/\/www.arty-nails.org\/web_shop\/wp-json\/wp\/v2\/product"}],"about":[{"href":"https:\/\/www.arty-nails.org\/web_shop\/wp-json\/wp\/v2\/types\/product"}],"replies":[{"embeddable":true,"href":"https:\/\/www.arty-nails.org\/web_shop\/wp-json\/wp\/v2\/comments?post=7664"}],"wp:featuredmedia":[{"embeddable":true,"href":"https:\/\/www.arty-nails.org\/web_shop\/wp-json\/wp\/v2\/media\/7663"}],"wp:attachment":[{"href":"https:\/\/www.arty-nails.org\/web_shop\/wp-json\/wp\/v2\/media?parent=7664"}],"wp:term":[{"taxonomy":"product_brand","embeddable":true,"href":"https:\/\/www.arty-nails.org\/web_shop\/wp-json\/wp\/v2\/product_brand?post=7664"},{"taxonomy":"product_cat","embeddable":true,"href":"https:\/\/www.arty-nails.org\/web_shop\/wp-json\/wp\/v2\/product_cat?post=7664"},{"taxonomy":"product_tag","embeddable":true,"href":"https:\/\/www.arty-nails.org\/web_shop\/wp-json\/wp\/v2\/product_tag?post=7664"}],"curies":[{"name":"wp","href":"https:\/\/api.w.org\/{rel}","templated":true}]}}