{"id":7666,"date":"2018-05-04T15:10:55","date_gmt":"2018-05-04T13:10:55","guid":{"rendered":"https:\/\/www.arty-nails.org\/web_shop\/product\/arty-nails-dra-za-skalpel-3-universal-1204\/"},"modified":"2026-01-28T20:24:32","modified_gmt":"2026-01-28T19:24:32","slug":"arty-nails-drzac-za-skalpel-br-3-universal","status":"publish","type":"product","link":"https:\/\/www.arty-nails.org\/web_shop\/proizvod\/arty-nails-drzac-za-skalpel-br-3-universal\/","title":{"rendered":"ARTY NAILS DR\u017dA\u010c ZA SKALPEL BR. 3"},"content":{"rendered":"<p>Dr\u017ea\u010d skalpela za profesionalnu pedikersku i medicinsku upotrebu izra\u0111en od nehr\u0111aju\u0107eg \u010delika, pogodan za sterilizaciju, a namijenjen kao dr\u017ea\u010d skalpela za lamice jednokratne upotrebe.<\/p>\n","protected":false},"excerpt":{"rendered":"<p>Dr\u017ea\u010d skalpela za profesionalnu pedikersku i medicinsku upotrebu izra\u0111en od nehr\u0111aju\u0107eg \u010delika, pogodan za sterilizaciju, a namijenjen kao dr\u017ea\u010d skalpela za lamice jednokratne upotrebe.<\/p>\n","protected":false},"featured_media":7665,"comment_status":"closed","ping_status":"closed","template":"","meta":[],"product_brand":[55],"product_cat":[152,124],"product_tag":[],"class_list":{"0":"post-7666","1":"product","2":"type-product","3":"status-publish","4":"has-post-thumbnail","6":"product_brand-arty-nails","7":"product_cat-arty-nails-pedikura","8":"product_cat-pribor-za-pedikuru","10":"first","11":"instock","12":"sale","13":"shipping-taxable","14":"purchasable","15":"product-type-simple"},"_links":{"self":[{"href":"https:\/\/www.arty-nails.org\/web_shop\/wp-json\/wp\/v2\/product\/7666","targetHints":{"allow":["GET"]}}],"collection":[{"href":"https:\/\/www.arty-nails.org\/web_shop\/wp-json\/wp\/v2\/product"}],"about":[{"href":"https:\/\/www.arty-nails.org\/web_shop\/wp-json\/wp\/v2\/types\/product"}],"replies":[{"embeddable":true,"href":"https:\/\/www.arty-nails.org\/web_shop\/wp-json\/wp\/v2\/comments?post=7666"}],"wp:featuredmedia":[{"embeddable":true,"href":"https:\/\/www.arty-nails.org\/web_shop\/wp-json\/wp\/v2\/media\/7665"}],"wp:attachment":[{"href":"https:\/\/www.arty-nails.org\/web_shop\/wp-json\/wp\/v2\/media?parent=7666"}],"wp:term":[{"taxonomy":"product_brand","embeddable":true,"href":"https:\/\/www.arty-nails.org\/web_shop\/wp-json\/wp\/v2\/product_brand?post=7666"},{"taxonomy":"product_cat","embeddable":true,"href":"https:\/\/www.arty-nails.org\/web_shop\/wp-json\/wp\/v2\/product_cat?post=7666"},{"taxonomy":"product_tag","embeddable":true,"href":"https:\/\/www.arty-nails.org\/web_shop\/wp-json\/wp\/v2\/product_tag?post=7666"}],"curies":[{"name":"wp","href":"https:\/\/api.w.org\/{rel}","templated":true}]}}