{"id":7828,"date":"2016-12-14T14:09:11","date_gmt":"2016-12-14T13:09:11","guid":{"rendered":"https:\/\/www.arty-nails.org\/web_shop\/product\/animal-03-1375\/"},"modified":"2023-06-13T04:31:57","modified_gmt":"2023-06-13T02:31:57","slug":"animal-03","status":"publish","type":"product","link":"https:\/\/www.arty-nails.org\/web_shop\/proizvod\/animal-03\/","title":{"rendered":"ANIMAL 03"},"content":{"rendered":"<p>\u00e2\u2014\u008f MoYou-London plo\u010dica ima 12 razli\u010ditih dizajna, svaki veli\u010dine 1,5 x 2 cm.<br \/>\n\u00e2\u2014\u008f \u010celi\u010dna plo\u010da od nehr\u0111aju\u0107eg \u010delika dimenzija 6.5 x 12.5cm koja ima vinil podloga za ve\u0107u jednostavnost kori\u0161tenja.<br \/>\n\u00e2\u2014\u008f Svaka plo\u010dica dolazi u vlastitim brand za\u0161titnom navlakom.<br \/>\n\u00e2\u2014\u008f Dizajni su ugravirani na plo\u010di slike i prekrivena za\u0161titnim slojem koji treba biti uklonjen prije uporabe.<\/p>\n","protected":false},"excerpt":{"rendered":"<p>\u00e2\u2014\u008f MoYou-London plo\u010dica ima 12 razli\u010ditih dizajna, svaki veli\u010dine 1,5 x 2 cm. \u00e2\u2014\u008f \u010celi\u010dna plo\u010da od nehr\u0111aju\u0107eg \u010delika dimenzija 6.5 x 12.5cm koja ima vinil podloga za ve\u0107u jednostavnost kori\u0161tenja. \u00e2\u2014\u008f Svaka plo\u010dica dolazi u vlastitim brand za\u0161titnom navlakom. \u00e2\u2014\u008f Dizajni su ugravirani na plo\u010di slike i prekrivena za\u0161titnim slojem koji treba biti uklonjen [&hellip;]<\/p>\n","protected":false},"featured_media":7827,"comment_status":"closed","ping_status":"closed","template":"","meta":[],"product_brand":[58],"product_cat":[104],"product_tag":[],"class_list":{"0":"post-7828","1":"product","2":"type-product","3":"status-publish","4":"has-post-thumbnail","6":"product_brand-moyou","7":"product_cat-plocice-s-dizajnom-moyou","9":"first","10":"instock","11":"sale","12":"shipping-taxable","13":"purchasable","14":"product-type-simple"},"_links":{"self":[{"href":"https:\/\/www.arty-nails.org\/web_shop\/wp-json\/wp\/v2\/product\/7828","targetHints":{"allow":["GET"]}}],"collection":[{"href":"https:\/\/www.arty-nails.org\/web_shop\/wp-json\/wp\/v2\/product"}],"about":[{"href":"https:\/\/www.arty-nails.org\/web_shop\/wp-json\/wp\/v2\/types\/product"}],"replies":[{"embeddable":true,"href":"https:\/\/www.arty-nails.org\/web_shop\/wp-json\/wp\/v2\/comments?post=7828"}],"wp:featuredmedia":[{"embeddable":true,"href":"https:\/\/www.arty-nails.org\/web_shop\/wp-json\/wp\/v2\/media\/7827"}],"wp:attachment":[{"href":"https:\/\/www.arty-nails.org\/web_shop\/wp-json\/wp\/v2\/media?parent=7828"}],"wp:term":[{"taxonomy":"product_brand","embeddable":true,"href":"https:\/\/www.arty-nails.org\/web_shop\/wp-json\/wp\/v2\/product_brand?post=7828"},{"taxonomy":"product_cat","embeddable":true,"href":"https:\/\/www.arty-nails.org\/web_shop\/wp-json\/wp\/v2\/product_cat?post=7828"},{"taxonomy":"product_tag","embeddable":true,"href":"https:\/\/www.arty-nails.org\/web_shop\/wp-json\/wp\/v2\/product_tag?post=7828"}],"curies":[{"name":"wp","href":"https:\/\/api.w.org\/{rel}","templated":true}]}}